{"id":49972,"date":"2025-05-14T10:40:10","date_gmt":"2025-05-14T08:40:10","guid":{"rendered":"https:\/\/agrozone.ee\/?post_type=product&#038;p=49972"},"modified":"2025-05-24T06:09:32","modified_gmt":"2025-05-24T04:09:32","slug":"rakuuna","status":"publish","type":"product","link":"https:\/\/agrozone.ee\/fi\/tuote\/rakuuna\/","title":{"rendered":"Rakuuna"},"content":{"rendered":"<p>ARTEMISIA DRACUNCULUS L.<\/p>\n<p>Monivuotinen koristeellinen yrtti.<\/p>\n<ul>\n<li>Karvaita lehti\u00e4, versoja ja kukkia k\u00e4ytet\u00e4\u00e4n ravinnoksi.<\/li>\n<li>Kuivatut ja tuoreet lehdet sopivat merenel\u00e4vien, naudan- ja siipikarjaruokien maustamiseen.<\/li>\n<li>Tuoreita versoja ja lehti\u00e4 korjataan ennen kukinnan alkua.<\/li>\n<li>Kylv\u00f6aika maahan: IV-V, VIII<\/li>\n<li>Esikasvatus: III-V<\/li>\n<li>Taimiv\u00e4li: cm 60&#215;70<\/li>\n<li>Sadonkorjuu: VII-VIII<\/li>\n<\/ul>\n","protected":false},"excerpt":{"rendered":"<p>ARTEMISIA DRACUNCULUS L. Monivuotinen koristeellinen yrtti. Karvaita lehti\u00e4, versoja ja kukkia k\u00e4ytet\u00e4\u00e4n ravinnoksi. Kuivatut ja tuoreet lehdet sopivat merenel\u00e4vien, naudan- ja siipikarjaruokien maustamiseen. Tuoreita versoja ja lehti\u00e4 korjataan ennen kukinnan alkua. Kylv\u00f6aika maahan: IV-V, VIII Esikasvatus: III-V Taimiv\u00e4li: cm 60&#215;70 Sadonkorjuu: VII-VIII<\/p>\n","protected":false},"featured_media":49892,"template":"","meta":{"_acf_changed":false,"_seopress_robots_primary_cat":"none","_seopress_titles_title":"","_seopress_titles_desc":"","_seopress_robots_index":"","_gspb_post_css":""},"product_brand":[],"product_cat":[2392,2419,2399,2401],"product_tag":[],"class_list":{"0":"post-49972","1":"product","2":"type-product","3":"status-publish","4":"has-post-thumbnail","6":"product_cat-kaikki-luokat","7":"product_cat-salaatit-ja-muut","8":"product_cat-siemenet","9":"product_cat-vihanneksien-siemenet","11":"first","12":"instock","13":"taxable","14":"shipping-taxable","15":"purchasable","16":"product-type-simple"},"ct_brands":[],"acf":[],"_links":{"self":[{"href":"https:\/\/agrozone.ee\/fi\/wp-json\/wp\/v2\/product\/49972","targetHints":{"allow":["GET"]}}],"collection":[{"href":"https:\/\/agrozone.ee\/fi\/wp-json\/wp\/v2\/product"}],"about":[{"href":"https:\/\/agrozone.ee\/fi\/wp-json\/wp\/v2\/types\/product"}],"wp:featuredmedia":[{"embeddable":true,"href":"https:\/\/agrozone.ee\/fi\/wp-json\/wp\/v2\/media\/49892"}],"wp:attachment":[{"href":"https:\/\/agrozone.ee\/fi\/wp-json\/wp\/v2\/media?parent=49972"}],"wp:term":[{"taxonomy":"product_brand","embeddable":true,"href":"https:\/\/agrozone.ee\/fi\/wp-json\/wp\/v2\/product_brand?post=49972"},{"taxonomy":"product_cat","embeddable":true,"href":"https:\/\/agrozone.ee\/fi\/wp-json\/wp\/v2\/product_cat?post=49972"},{"taxonomy":"product_tag","embeddable":true,"href":"https:\/\/agrozone.ee\/fi\/wp-json\/wp\/v2\/product_tag?post=49972"}],"curies":[{"name":"wp","href":"https:\/\/api.w.org\/{rel}","templated":true}]}}