{"id":49973,"date":"2025-05-14T10:36:55","date_gmt":"2025-05-14T08:36:55","guid":{"rendered":"https:\/\/agrozone.ee\/?post_type=product&p=49973"},"modified":"2026-03-09T13:10:01","modified_gmt":"2026-03-09T11:10:01","slug":"puolanminttu","status":"publish","type":"product","link":"https:\/\/agrozone.ee\/fi\/tuote\/puolanminttu\/","title":{"rendered":"Puolanminttu"},"content":{"rendered":"<p>Mentha pulegium L.<\/p>\n<p>Monivuotiset hunajantuoksuiset ruohovartiset kasvit, arvostettu voimakkaan piparmintun arominsa ansiosta, k\u00e4ytet\u00e4\u00e4n teen valmistukseen ja ruokien maustamiseen.<\/p>\n<ul>\n<li>Kasvit ovat vaatimattomia, kasvavat hyvin varjossa, niiden voimakas tuoksu karkottaa hiiri\u00e4 ja muurahaisia.<\/li>\n<li>Kylv\u00f6aika maahan: IV-V<\/li>\n<li>Kylv\u00f6aika esikasvatukseen: III-IV<\/li>\n<li>Taimiv\u00e4li: cm 30&#215;30<\/li>\n<li>Sadonkorjuu: IV-IX<\/li>\n<\/ul>\n","protected":false},"excerpt":{"rendered":"<p>Mentha pulegium L. Monivuotiset hunajantuoksuiset ruohovartiset kasvit, arvostettu voimakkaan piparmintun arominsa ansiosta, k\u00e4ytet\u00e4\u00e4n teen valmistukseen ja ruokien maustamiseen. Kasvit ovat vaatimattomia, kasvavat hyvin varjossa, niiden voimakas tuoksu karkottaa hiiri\u00e4 ja muurahaisia. Kylv\u00f6aika maahan: IV-V Kylv\u00f6aika esikasvatukseen: III-IV Taimiv\u00e4li: cm 30&#215;30 Sadonkorjuu: IV-IX<\/p>\n","protected":false},"featured_media":49885,"template":"","meta":{"_acf_changed":false,"_seopress_robots_primary_cat":"","_seopress_titles_title":"","_seopress_titles_desc":"","_seopress_robots_index":"","_gspb_post_css":""},"product_brand":[],"product_cat":[2392,2419,2399,2401],"product_tag":[],"class_list":{"0":"post-49973","1":"product","2":"type-product","3":"status-publish","4":"has-post-thumbnail","6":"product_cat-kaikki-luokat","7":"product_cat-salaatit-ja-muut","8":"product_cat-siemenet","9":"product_cat-vihanneksien-siemenet","11":"first","12":"instock","13":"taxable","14":"shipping-taxable","15":"purchasable","16":"product-type-simple"},"ct_brands":[],"acf":[],"_links":{"self":[{"href":"https:\/\/agrozone.ee\/fi\/wp-json\/wp\/v2\/product\/49973","targetHints":{"allow":["GET"]}}],"collection":[{"href":"https:\/\/agrozone.ee\/fi\/wp-json\/wp\/v2\/product"}],"about":[{"href":"https:\/\/agrozone.ee\/fi\/wp-json\/wp\/v2\/types\/product"}],"wp:featuredmedia":[{"embeddable":true,"href":"https:\/\/agrozone.ee\/fi\/wp-json\/wp\/v2\/media\/49885"}],"wp:attachment":[{"href":"https:\/\/agrozone.ee\/fi\/wp-json\/wp\/v2\/media?parent=49973"}],"wp:term":[{"taxonomy":"product_brand","embeddable":true,"href":"https:\/\/agrozone.ee\/fi\/wp-json\/wp\/v2\/product_brand?post=49973"},{"taxonomy":"product_cat","embeddable":true,"href":"https:\/\/agrozone.ee\/fi\/wp-json\/wp\/v2\/product_cat?post=49973"},{"taxonomy":"product_tag","embeddable":true,"href":"https:\/\/agrozone.ee\/fi\/wp-json\/wp\/v2\/product_tag?post=49973"}],"curies":[{"name":"wp","href":"https:\/\/api.w.org\/{rel}","templated":true}]}}