{"id":49975,"date":"2025-05-14T10:29:27","date_gmt":"2025-05-14T08:29:27","guid":{"rendered":"https:\/\/agrozone.ee\/?post_type=product&p=49975"},"modified":"2025-05-14T10:29:27","modified_gmt":"2025-05-14T08:29:27","slug":"katinminttu","status":"publish","type":"product","link":"https:\/\/agrozone.ee\/fi\/tuote\/katinminttu\/","title":{"rendered":"Katinminttu"},"content":{"rendered":"<p>NEPETA CATARIA L. var.CITRIODORA<\/p>\n<p>Monivuotinen, 40\u2013100 cm korkea hunajakasvi.<\/p>\n<ul>\n<li>Tuoreita ja kuivattuja lehti\u00e4 k\u00e4ytet\u00e4\u00e4n mausteena, ja niit\u00e4 arvostetaan eniten ennen kukintaa niiden sitruuna- ja sitruunamelissan aromin vuoksi.<\/li>\n<li>Sopii salaatteihin, liharuoille ja teeksi.<\/li>\n<li>Kylv\u00f6aika maahan: IV-V, X<\/li>\n<li>Kylv\u00f6aika esikasvatukseen: III-IV<\/li>\n<li>Taimiv\u00e4li: cm 30&#215;30<\/li>\n<li>Sadonkorjuu: IV-IX<\/li>\n<\/ul>\n","protected":false},"excerpt":{"rendered":"<p>NEPETA CATARIA L. var.CITRIODORA Monivuotinen, 40\u2013100 cm korkea hunajakasvi. Tuoreita ja kuivattuja lehti\u00e4 k\u00e4ytet\u00e4\u00e4n mausteena, ja niit\u00e4 arvostetaan eniten ennen kukintaa niiden sitruuna- ja sitruunamelissan aromin vuoksi. Sopii salaatteihin, liharuoille ja teeksi. Kylv\u00f6aika maahan: IV-V, X Kylv\u00f6aika esikasvatukseen: III-IV Taimiv\u00e4li: cm 30&#215;30 Sadonkorjuu: IV-IX<\/p>\n","protected":false},"featured_media":49871,"template":"","meta":{"_acf_changed":false,"_seopress_robots_primary_cat":"none","_seopress_titles_title":"","_seopress_titles_desc":"","_seopress_robots_index":"","_gspb_post_css":""},"product_brand":[],"product_cat":[2430,2392,2423,2429,2419,2399,2401],"product_tag":[],"class_list":{"0":"post-49975","1":"product","2":"type-product","3":"status-publish","4":"has-post-thumbnail","6":"product_cat-muut","7":"product_cat-kaikki-luokat","8":"product_cat-kukkien-siemenet","9":"product_cat-monivuotiset","10":"product_cat-salaatit-ja-muut","11":"product_cat-siemenet","12":"product_cat-vihanneksien-siemenet","14":"first","15":"instock","16":"taxable","17":"shipping-taxable","18":"purchasable","19":"product-type-simple"},"ct_brands":[],"acf":[],"_links":{"self":[{"href":"https:\/\/agrozone.ee\/fi\/wp-json\/wp\/v2\/product\/49975","targetHints":{"allow":["GET"]}}],"collection":[{"href":"https:\/\/agrozone.ee\/fi\/wp-json\/wp\/v2\/product"}],"about":[{"href":"https:\/\/agrozone.ee\/fi\/wp-json\/wp\/v2\/types\/product"}],"wp:featuredmedia":[{"embeddable":true,"href":"https:\/\/agrozone.ee\/fi\/wp-json\/wp\/v2\/media\/49871"}],"wp:attachment":[{"href":"https:\/\/agrozone.ee\/fi\/wp-json\/wp\/v2\/media?parent=49975"}],"wp:term":[{"taxonomy":"product_brand","embeddable":true,"href":"https:\/\/agrozone.ee\/fi\/wp-json\/wp\/v2\/product_brand?post=49975"},{"taxonomy":"product_cat","embeddable":true,"href":"https:\/\/agrozone.ee\/fi\/wp-json\/wp\/v2\/product_cat?post=49975"},{"taxonomy":"product_tag","embeddable":true,"href":"https:\/\/agrozone.ee\/fi\/wp-json\/wp\/v2\/product_tag?post=49975"}],"curies":[{"name":"wp","href":"https:\/\/api.w.org\/{rel}","templated":true}]}}