{"id":49976,"date":"2025-05-14T10:22:54","date_gmt":"2025-05-14T08:22:54","guid":{"rendered":"https:\/\/agrozone.ee\/?post_type=product&p=49976"},"modified":"2025-05-14T10:22:54","modified_gmt":"2025-05-14T08:22:54","slug":"rosmariini","status":"publish","type":"product","link":"https:\/\/agrozone.ee\/fi\/tuote\/rosmariini\/","title":{"rendered":"Rosmariini"},"content":{"rendered":"<p>ROSMARINUS OFFICINALIS L.<\/p>\n<p>Monivuotinen l\u00e4\u00e4ke- ja hunajakasvi, 50 cm korkea koristeellinen yrtti.<\/p>\n<ul>\n<li>Sopii hyvin keittojen, merenel\u00e4v\u00e4ruokien, kanan, riistan, rahkaruokien ja teelaatujen maustamiseen.<\/li>\n<li>Talvella voidaan kasvattaa ruukuissa, istutuslaatikoissa tai ikkunalaudalla.<\/li>\n<li>Kylv\u00f6aika esikasvatukseen: III-IV<\/li>\n<li>Taimiv\u00e4li: cm 30&#215;30<\/li>\n<li>Sadonkorjuu: IV-IX<\/li>\n<\/ul>\n","protected":false},"excerpt":{"rendered":"<p>ROSMARINUS OFFICINALIS L. Monivuotinen l\u00e4\u00e4ke- ja hunajakasvi, 50 cm korkea koristeellinen yrtti. Sopii hyvin keittojen, merenel\u00e4v\u00e4ruokien, kanan, riistan, rahkaruokien ja teelaatujen maustamiseen. Talvella voidaan kasvattaa ruukuissa, istutuslaatikoissa tai ikkunalaudalla. Kylv\u00f6aika esikasvatukseen: III-IV Taimiv\u00e4li: cm 30&#215;30 Sadonkorjuu: IV-IX<\/p>\n","protected":false},"featured_media":49864,"template":"","meta":{"_acf_changed":false,"_seopress_robots_primary_cat":"","_seopress_titles_title":"","_seopress_titles_desc":"","_seopress_robots_index":"","_gspb_post_css":""},"product_brand":[],"product_cat":[2392,2419,2399,2401],"product_tag":[],"class_list":{"0":"post-49976","1":"product","2":"type-product","3":"status-publish","4":"has-post-thumbnail","6":"product_cat-kaikki-luokat","7":"product_cat-salaatit-ja-muut","8":"product_cat-siemenet","9":"product_cat-vihanneksien-siemenet","11":"first","12":"instock","13":"taxable","14":"shipping-taxable","15":"purchasable","16":"product-type-simple"},"ct_brands":[],"acf":[],"_links":{"self":[{"href":"https:\/\/agrozone.ee\/fi\/wp-json\/wp\/v2\/product\/49976","targetHints":{"allow":["GET"]}}],"collection":[{"href":"https:\/\/agrozone.ee\/fi\/wp-json\/wp\/v2\/product"}],"about":[{"href":"https:\/\/agrozone.ee\/fi\/wp-json\/wp\/v2\/types\/product"}],"wp:featuredmedia":[{"embeddable":true,"href":"https:\/\/agrozone.ee\/fi\/wp-json\/wp\/v2\/media\/49864"}],"wp:attachment":[{"href":"https:\/\/agrozone.ee\/fi\/wp-json\/wp\/v2\/media?parent=49976"}],"wp:term":[{"taxonomy":"product_brand","embeddable":true,"href":"https:\/\/agrozone.ee\/fi\/wp-json\/wp\/v2\/product_brand?post=49976"},{"taxonomy":"product_cat","embeddable":true,"href":"https:\/\/agrozone.ee\/fi\/wp-json\/wp\/v2\/product_cat?post=49976"},{"taxonomy":"product_tag","embeddable":true,"href":"https:\/\/agrozone.ee\/fi\/wp-json\/wp\/v2\/product_tag?post=49976"}],"curies":[{"name":"wp","href":"https:\/\/api.w.org\/{rel}","templated":true}]}}