{"id":49977,"date":"2025-05-14T10:19:05","date_gmt":"2025-05-14T08:19:05","guid":{"rendered":"https:\/\/agrozone.ee\/?post_type=product&p=49977"},"modified":"2025-12-06T21:14:32","modified_gmt":"2025-12-06T19:14:32","slug":"piparminttu","status":"publish","type":"product","link":"https:\/\/agrozone.ee\/fi\/tuote\/piparminttu\/","title":{"rendered":"Piparminttu"},"content":{"rendered":"<p>Mentha x piperita L.<\/p>\n<ul>\n<li>Monivuotisia, erityisen tuoksuvia ruohovartisia kasveja.<\/li>\n<li>Kasvatetaan ruukuissa ja mausteyrttitarhoissa.<\/li>\n<li>Mausteena k\u00e4ytet\u00e4\u00e4n tuoreita tai kuivattuja lehti\u00e4, nuorten versojen k\u00e4rki\u00e4.<\/li>\n<li>Kasvit korjataan kukinnan alkaessa.<\/li>\n<\/ul>\n<p>&nbsp;<\/p>\n<ul>\n<li>\u2248 50 siement\u00e4 pakkauksessa<\/li>\n<li>Kylv\u00f6aika esikasvatukseen: III-IV<\/li>\n<li>Taimiv\u00e4li: cm 30&#215;30<\/li>\n<li>Sadonkorjuu: IV-IX<\/li>\n<\/ul>\n","protected":false},"excerpt":{"rendered":"<p>Mentha x piperita L. Monivuotisia, erityisen tuoksuvia ruohovartisia kasveja. Kasvatetaan ruukuissa ja mausteyrttitarhoissa. Mausteena k\u00e4ytet\u00e4\u00e4n tuoreita tai kuivattuja lehti\u00e4, nuorten versojen k\u00e4rki\u00e4. Kasvit korjataan kukinnan alkaessa. &nbsp; \u2248 50 siement\u00e4 pakkauksessa Kylv\u00f6aika esikasvatukseen: III-IV Taimiv\u00e4li: cm 30&#215;30 Sadonkorjuu: IV-IX<\/p>\n","protected":false},"featured_media":49857,"template":"","meta":{"_acf_changed":false,"_seopress_robots_primary_cat":"","_seopress_titles_title":"","_seopress_titles_desc":"","_seopress_robots_index":"","_gspb_post_css":""},"product_brand":[],"product_cat":[2392,2419,2399,2401],"product_tag":[],"class_list":{"0":"post-49977","1":"product","2":"type-product","3":"status-publish","4":"has-post-thumbnail","6":"product_cat-kaikki-luokat","7":"product_cat-salaatit-ja-muut","8":"product_cat-siemenet","9":"product_cat-vihanneksien-siemenet","11":"first","12":"instock","13":"taxable","14":"shipping-taxable","15":"purchasable","16":"product-type-simple"},"ct_brands":[],"acf":[],"_links":{"self":[{"href":"https:\/\/agrozone.ee\/fi\/wp-json\/wp\/v2\/product\/49977","targetHints":{"allow":["GET"]}}],"collection":[{"href":"https:\/\/agrozone.ee\/fi\/wp-json\/wp\/v2\/product"}],"about":[{"href":"https:\/\/agrozone.ee\/fi\/wp-json\/wp\/v2\/types\/product"}],"wp:featuredmedia":[{"embeddable":true,"href":"https:\/\/agrozone.ee\/fi\/wp-json\/wp\/v2\/media\/49857"}],"wp:attachment":[{"href":"https:\/\/agrozone.ee\/fi\/wp-json\/wp\/v2\/media?parent=49977"}],"wp:term":[{"taxonomy":"product_brand","embeddable":true,"href":"https:\/\/agrozone.ee\/fi\/wp-json\/wp\/v2\/product_brand?post=49977"},{"taxonomy":"product_cat","embeddable":true,"href":"https:\/\/agrozone.ee\/fi\/wp-json\/wp\/v2\/product_cat?post=49977"},{"taxonomy":"product_tag","embeddable":true,"href":"https:\/\/agrozone.ee\/fi\/wp-json\/wp\/v2\/product_tag?post=49977"}],"curies":[{"name":"wp","href":"https:\/\/api.w.org\/{rel}","templated":true}]}}