{"id":49993,"date":"2024-06-09T16:08:49","date_gmt":"2024-06-09T13:08:49","guid":{"rendered":"https:\/\/agrozone.ee\/toode\/tataari-200g\/"},"modified":"2024-06-09T16:08:49","modified_gmt":"2024-06-09T14:08:49","slug":"tataari-200g","status":"publish","type":"product","link":"https:\/\/agrozone.ee\/fi\/tuote\/tataari-200g\/","title":{"rendered":"Tataari 200g"},"content":{"rendered":"<p><strong>Tataari 200g<\/strong><\/p>\n<ul>\n<li>Tatari on yksivuotinen, nopeakasvuinen ja suhteellisen vaatimaton viljelykasvi.<\/li>\n<li>Vaaleanpunavalkoisin kukinnoin koristeltu \u2018Aiva\u2019 on aikainen ja satoisa lajike.<\/li>\n<li>Tattari on erinomainen viljakasvi ja mesikasvi.<\/li>\n<li>Kiitollinen v\u00e4liviljelykasvi, koska se torjuu eritt\u00e4in hyvin rikkakasveja (my\u00f6s juolavehn\u00e4\u00e4) ja muuttaa fosforin seuraaville viljelykasveille k\u00e4ytt\u00f6kelpoiseksi.<\/li>\n<li>Lis\u00e4ksi tatarilla ei ole meill\u00e4 yleisten viljelykasvien kanssa yhteisi\u00e4 tauteja.<\/li>\n<li>Tattari on eritt\u00e4in hyv\u00e4 mesikasvi.<\/li>\n<li>Tattarihunaja on yksi ravintorikkaimmista.<\/li>\n<li>Hunajantuotanto noin 100 kg\/ha.<\/li>\n<li>Kasvin korkeus on 85-100 cm.<\/li>\n<\/ul>\n<h3>K\u00e4ytt\u00f6ohjeet<\/h3>\n<ul>\n<li>Eritt\u00e4in hallanarka, kylv\u00e4\u00e4 toukokuun lopussa tai kes\u00e4kuun alussa y\u00f6pakkasvaaran menty\u00e4 ohi.<\/li>\n<li>V\u00e4liviljelykasvina se kylvet\u00e4\u00e4n heti varhaisen p\u00e4\u00e4viljelykasvin (herne, papu, varhaisperuna) kypsymisen ja korjaamisen j\u00e4lkeen.<\/li>\n<li>Siemenm\u00e4\u00e4r\u00e4: 700 g\/100 m\u00b2 tai 250-300 it\u00e4v\u00e4\u00e4 siement\u00e4\/m\u00b2.<\/li>\n<li>Kylv\u00f6syvyys: 5 cm.<\/li>\n<li>Se kukkii noin kuukauden kuluttua taimettumisesta.<\/li>\n<\/ul>\n","protected":false},"excerpt":{"rendered":"<ul>\n<li>Tatari on yksivuotinen, nopeakasvuinen ja suhteellisen vaatimaton viljelykasvi.<\/li>\n<li>Vaaleanpunavalkoisin kukinnoin koristeltu \u2018Aiva\u2019 on aikainen ja satoisa lajike.<\/li>\n<li>Tattari on erinomainen viljakasvi ja mesikasvi.<\/li>\n<li>Kiitollinen v\u00e4liviljelykasvi, koska se torjuu eritt\u00e4in hyvin rikkakasveja (my\u00f6s juolavehn\u00e4\u00e4) ja muuttaa fosforin seuraaville viljelykasveille k\u00e4ytt\u00f6kelpoiseksi.<\/li>\n<li>Lis\u00e4ksi tatarilla ei ole meill\u00e4 yleisten viljelykasvien kanssa yhteisi\u00e4 tauteja.<\/li>\n<li>Tattari on eritt\u00e4in hyv\u00e4 mesikasvi.<\/li>\n<li>Tattarihunaja on yksi ravintorikkaimmista.<\/li>\n<\/ul>\n","protected":false},"featured_media":42330,"template":"","meta":{"_acf_changed":false,"_seopress_robots_primary_cat":"none","_seopress_titles_title":"","_seopress_titles_desc":"Tattari on yksivuotinen, nopeakasvuinen ja suhteellisen vaatimaton viljelykasvi. Vaaleanpunavalkoisin kukinnoin koristeltu \u2018Aiva\u2019 on aikainen ja satoisa lajike. ","_seopress_robots_index":"","_gspb_post_css":""},"product_brand":[],"product_cat":[2444,2392,2399],"product_tag":[],"class_list":{"0":"post-49993","1":"product","2":"type-product","3":"status-publish","4":"has-post-thumbnail","6":"product_cat-hunajakasvit-ja-valiviljelykasvit","7":"product_cat-kaikki-luokat","8":"product_cat-siemenet","10":"first","11":"instock","12":"featured","13":"taxable","14":"shipping-taxable","15":"purchasable","16":"product-type-simple"},"ct_brands":[],"acf":[],"_links":{"self":[{"href":"https:\/\/agrozone.ee\/fi\/wp-json\/wp\/v2\/product\/49993","targetHints":{"allow":["GET"]}}],"collection":[{"href":"https:\/\/agrozone.ee\/fi\/wp-json\/wp\/v2\/product"}],"about":[{"href":"https:\/\/agrozone.ee\/fi\/wp-json\/wp\/v2\/types\/product"}],"wp:featuredmedia":[{"embeddable":true,"href":"https:\/\/agrozone.ee\/fi\/wp-json\/wp\/v2\/media\/42330"}],"wp:attachment":[{"href":"https:\/\/agrozone.ee\/fi\/wp-json\/wp\/v2\/media?parent=49993"}],"wp:term":[{"taxonomy":"product_brand","embeddable":true,"href":"https:\/\/agrozone.ee\/fi\/wp-json\/wp\/v2\/product_brand?post=49993"},{"taxonomy":"product_cat","embeddable":true,"href":"https:\/\/agrozone.ee\/fi\/wp-json\/wp\/v2\/product_cat?post=49993"},{"taxonomy":"product_tag","embeddable":true,"href":"https:\/\/agrozone.ee\/fi\/wp-json\/wp\/v2\/product_tag?post=49993"}],"curies":[{"name":"wp","href":"https:\/\/api.w.org\/{rel}","templated":true}]}}