{"id":49994,"date":"2024-06-09T16:08:49","date_gmt":"2024-06-09T13:08:49","guid":{"rendered":"https:\/\/agrozone.ee\/toode\/kaura\/"},"modified":"2024-06-09T16:08:49","modified_gmt":"2024-06-09T14:08:49","slug":"kaura","status":"publish","type":"product","link":"https:\/\/agrozone.ee\/fi\/tuote\/kaura\/","title":{"rendered":"Kaura"},"content":{"rendered":"<p><strong>Kaura 200g<\/strong><\/p>\n<ul>\n<li>Kaura on yksivuotinen, nopeakasvuinen viljakasvi.<\/li>\n<li>Erinomainen v\u00e4liviljelykasvi.<\/li>\n<li>Kauran biomassa hajoaa hitaasti, j\u00e4tt\u00e4en kev\u00e4\u00e4ksi maanpinnalle suojaavan multshikerroksen ja juurien kuohkeuttaman maaper\u00e4n.<\/li>\n<li>Sopii my\u00f6s kasvihuoneeseen kylvett\u00e4v\u00e4ksi.<\/li>\n<li>Kaura \u2018Kalle\u2019 on Virossa jalostettu lajike, joka soveltuu hyvin luomuviljelyyn.<\/li>\n<li>Eritt\u00e4in hyv\u00e4ll\u00e4 sopeutumiskyvyll\u00e4 ja suhteellisen pitk\u00e4ll\u00e4 korrella varustettu lajike.<\/li>\n<\/ul>\n<h3>K\u00e4ytt\u00f6ohjeet<\/h3>\n<ul>\n<li>Syksyll\u00e4 kylvetyn ja kev\u00e4\u00e4seen menness\u00e4 maatuneen multshikerroksen tehtyihin aukkoihin voi kylv\u00e4\u00e4 siemeni\u00e4 (esim. herne) tai istuttaa esikasvatettuja taimia (esim. kes\u00e4kurpitsa tai kurkku).<\/li>\n<li>Perunan voi helposti laittaa multshikerroksen sis\u00e4\u00e4n lapiolla.<\/li>\n<li>Sopii my\u00f6s kasvihuoneeseen kylvett\u00e4v\u00e4ksi.<\/li>\n<li>Voidaan kylv\u00e4\u00e4 lokakuun alkuun saakka kylv\u00f6m\u00e4\u00e4r\u00e4ll\u00e4 (400-500 g\/m\u00b2).<\/li>\n<li>Tee kylv\u00f6 kosteaan maahan ja haravoi siemenet haravalla maahan tai peit\u00e4 ne multakerroksella.<\/li>\n<li>Kev\u00e4\u00e4ll\u00e4 kauramulta tulisi kaivaa maahan v\u00e4hint\u00e4\u00e4n kaksi viikkoa ennen tomaatintaimien istuttamista kasvihuoneeseen, n\u00e4in my\u00f6s sato on parempi.<\/li>\n<\/ul>\n","protected":false},"excerpt":{"rendered":"<ul>\n<li>Kaura on yksivuotinen, nopeakasvuinen viljakasvi.<\/li>\n<li>Erinomainen v\u00e4liviljelykasvi.<\/li>\n<li>Kauran biomassa hajoaa hitaasti, j\u00e4tt\u00e4en kev\u00e4\u00e4ksi maanpinnalle suojaavan multshikerroksen ja juurien kuohkeuttaman maaper\u00e4n.<\/li>\n<li>Sopii my\u00f6s kasvihuoneeseen kylvett\u00e4v\u00e4ksi.<\/li>\n<li>Kaura \u2018Kalle\u2019 on Virossa jalostettu lajike, joka soveltuu hyvin luomuviljelyyn.<\/li>\n<li>Eritt\u00e4in hyv\u00e4ll\u00e4 sopeutumiskyvyll\u00e4 ja suhteellisen pitk\u00e4ll\u00e4 korrella varustettu lajike.<\/li>\n<\/ul>\n","protected":false},"featured_media":42333,"template":"","meta":{"_acf_changed":false,"_seopress_robots_primary_cat":"none","_seopress_titles_title":"","_seopress_titles_desc":"Kaura on yksivuotinen, nopeakasvuinen viljakasvi. Erinomainen v\u00e4liviljelykasvi. Kaura \u2018Kalle\u2019 on Virossa jalostettu lajike, joka soveltuu hyvin luomuviljelyyn.  ","_seopress_robots_index":"","_gspb_post_css":""},"product_brand":[],"product_cat":[2444,2392,2399],"product_tag":[],"class_list":{"0":"post-49994","1":"product","2":"type-product","3":"status-publish","4":"has-post-thumbnail","6":"product_cat-hunajakasvit-ja-valiviljelykasvit","7":"product_cat-kaikki-luokat","8":"product_cat-siemenet","10":"first","11":"instock","12":"taxable","13":"shipping-taxable","14":"purchasable","15":"product-type-variable"},"ct_brands":[],"acf":[],"_links":{"self":[{"href":"https:\/\/agrozone.ee\/fi\/wp-json\/wp\/v2\/product\/49994","targetHints":{"allow":["GET"]}}],"collection":[{"href":"https:\/\/agrozone.ee\/fi\/wp-json\/wp\/v2\/product"}],"about":[{"href":"https:\/\/agrozone.ee\/fi\/wp-json\/wp\/v2\/types\/product"}],"wp:featuredmedia":[{"embeddable":true,"href":"https:\/\/agrozone.ee\/fi\/wp-json\/wp\/v2\/media\/42333"}],"wp:attachment":[{"href":"https:\/\/agrozone.ee\/fi\/wp-json\/wp\/v2\/media?parent=49994"}],"wp:term":[{"taxonomy":"product_brand","embeddable":true,"href":"https:\/\/agrozone.ee\/fi\/wp-json\/wp\/v2\/product_brand?post=49994"},{"taxonomy":"product_cat","embeddable":true,"href":"https:\/\/agrozone.ee\/fi\/wp-json\/wp\/v2\/product_cat?post=49994"},{"taxonomy":"product_tag","embeddable":true,"href":"https:\/\/agrozone.ee\/fi\/wp-json\/wp\/v2\/product_tag?post=49994"}],"curies":[{"name":"wp","href":"https:\/\/api.w.org\/{rel}","templated":true}]}}