{"id":49997,"date":"2024-06-09T16:08:48","date_gmt":"2024-06-09T14:08:48","guid":{"rendered":"https:\/\/agrozone.ee\/toode\/hunajakukka-stala\/"},"modified":"2024-06-09T16:08:48","modified_gmt":"2024-06-09T14:08:48","slug":"hunajakukka-stala","status":"publish","type":"product","link":"https:\/\/agrozone.ee\/fi\/tuote\/hunajakukka-stala\/","title":{"rendered":"Hunajakukka Stala"},"content":{"rendered":"<p><strong>Hunajakukka 20g<\/strong><\/p>\n<ul>\n<li>Erinomainen mesi- ja koristekasvi.<\/li>\n<li>Kasvatetaan my\u00f6s v\u00e4liviljelykasvina maaper\u00e4n viljavuuden parantamiseksi.<\/li>\n<li>Se kukkii pitk\u00e4\u00e4n ja runsaasti.<\/li>\n<\/ul>\n<p><strong>K\u00e4ytt\u00f6ohjeet<\/strong><\/p>\n<ul>\n<li>Kylv\u00f6 alkaa huhtikuussa.<\/li>\n<li>Siemenm\u00e4\u00e4r\u00e4 0,8 \u2013 1,2 g\/m\u00b2.<\/li>\n<\/ul>\n","protected":false},"excerpt":{"rendered":"<p><strong>Hunajakukka<\/strong><\/p>\n<ul>\n<li>Erinomainen mesi- ja koristekasvi.<\/li>\n<li>Kasvatetaan my\u00f6s v\u00e4liviljelykasvina maaper\u00e4n viljavuuden parantamiseksi.<\/li>\n<li>Se kukkii pitk\u00e4\u00e4n ja runsaasti.<\/li>\n<\/ul>\n","protected":false},"featured_media":46259,"template":"","meta":{"_acf_changed":false,"_seopress_robots_primary_cat":"none","_seopress_titles_title":"","_seopress_titles_desc":"Hunajakukka - Erinomainen mesi- ja koristekasvi. Kasvatetaan my\u00f6s v\u00e4liviljelykasvina maaper\u00e4n viljavuuden parantamiseksi. Kukkii pitk\u00e4\u00e4n ja runsaasti.  ","_seopress_robots_index":"","_gspb_post_css":""},"product_brand":[],"product_cat":[2444,2392,2423,2399],"product_tag":[],"class_list":{"0":"post-49997","1":"product","2":"type-product","3":"status-publish","4":"has-post-thumbnail","6":"product_cat-hunajakasvit-ja-valiviljelykasvit","7":"product_cat-kaikki-luokat","8":"product_cat-kukkien-siemenet","9":"product_cat-siemenet","11":"first","12":"instock","13":"taxable","14":"shipping-taxable","15":"purchasable","16":"product-type-simple"},"ct_brands":[],"acf":[],"_links":{"self":[{"href":"https:\/\/agrozone.ee\/fi\/wp-json\/wp\/v2\/product\/49997","targetHints":{"allow":["GET"]}}],"collection":[{"href":"https:\/\/agrozone.ee\/fi\/wp-json\/wp\/v2\/product"}],"about":[{"href":"https:\/\/agrozone.ee\/fi\/wp-json\/wp\/v2\/types\/product"}],"wp:featuredmedia":[{"embeddable":true,"href":"https:\/\/agrozone.ee\/fi\/wp-json\/wp\/v2\/media\/46259"}],"wp:attachment":[{"href":"https:\/\/agrozone.ee\/fi\/wp-json\/wp\/v2\/media?parent=49997"}],"wp:term":[{"taxonomy":"product_brand","embeddable":true,"href":"https:\/\/agrozone.ee\/fi\/wp-json\/wp\/v2\/product_brand?post=49997"},{"taxonomy":"product_cat","embeddable":true,"href":"https:\/\/agrozone.ee\/fi\/wp-json\/wp\/v2\/product_cat?post=49997"},{"taxonomy":"product_tag","embeddable":true,"href":"https:\/\/agrozone.ee\/fi\/wp-json\/wp\/v2\/product_tag?post=49997"}],"curies":[{"name":"wp","href":"https:\/\/api.w.org\/{rel}","templated":true}]}}