{"id":49998,"date":"2024-06-09T16:06:02","date_gmt":"2024-06-09T13:06:02","guid":{"rendered":"https:\/\/agrozone.ee\/toode\/auringonkukka-peredovick\/"},"modified":"2024-06-09T16:06:02","modified_gmt":"2024-06-09T14:06:02","slug":"auringonkukka-peredovick","status":"publish","type":"product","link":"https:\/\/agrozone.ee\/fi\/tuote\/auringonkukka-peredovick\/","title":{"rendered":"Auringonkukka Peredovick"},"content":{"rendered":"<p class=\"plained\"><strong>Auringonkukka Peredovick 100g<\/strong><\/p>\n<ul>\n<li class=\"plained\">Eritt\u00e4in vieh\u00e4tt\u00e4v\u00e4, suurikukkainen keskikokoinen auringonkukkalajike, jonka syd\u00e4n on vihert\u00e4v\u00e4 ja kielim\u00e4iset ter\u00e4lehdet sitruunankeltaiset.<\/li>\n<li class=\"plained\">Suuren p\u00e4\u00e4kukinnon lis\u00e4ksi lehtihangoista kehittyy sivuvarsi, joita kruunaavat pienemm\u00e4t kukinnot.<\/li>\n<li class=\"plained\">Se kukkii hein\u00e4kuusta syyskuuhun.<\/li>\n<li class=\"plained\">Siemenet ovat hyvin \u00f6ljypitoisia.<\/li>\n<li class=\"plained\">Kasvatetaan my\u00f6s v\u00e4liviljelykasvina.<\/li>\n<li class=\"plained\">Muodostaa suuren biomassan.<\/li>\n<li class=\"plained\">Parantaa maaper\u00e4n rakennetta ja tukahduttaa rikkakasveja.<\/li>\n<li class=\"plained\">Syv\u00e4ll\u00e4 juuristolla.<\/li>\n<li class=\"plained\">Kasvin korkeus on 100-150 cm.<\/li>\n<\/ul>\n<h3>K\u00e4ytt\u00f6ohjeet<\/h3>\n<ul>\n<li>Auringonkukkien kasvattaminen on helppoa.<\/li>\n<li>Se viihtyy parhaiten l\u00e4mpim\u00e4ll\u00e4 ja aurinkoisella kasvupaikalla.<\/li>\n<li>Maaper\u00e4n viljavuuden suhteen auringonkukka ei ole vaativa, kasvaen hyvin sek\u00e4 hiekkaisessa ett\u00e4 savisemmassa maassa.<\/li>\n<li>Siemen kylvet\u00e4\u00e4n huhtikuussa ruukkuun tai toukokuussa suoraan kasvupaikalle.<\/li>\n<li>Siemenm\u00e4\u00e4r\u00e4 100-140 g\/100 m\u00b2.<\/li>\n<li>Istutustiheys: 8 kasvia\/m\u00b2 kohti.<\/li>\n<li>Kylv\u00f6syvyys: 2-3 cm.<\/li>\n<\/ul>\n","protected":false},"excerpt":{"rendered":"<ul>\n<li class=\"plained\">Eritt\u00e4in vieh\u00e4tt\u00e4v\u00e4, suurikukkainen keskikokoinen auringonkukkalajike, jonka syd\u00e4n on vihert\u00e4v\u00e4 ja kielim\u00e4iset ter\u00e4lehdet sitruunankeltaiset.<\/li>\n<li class=\"plained\">Suuren p\u00e4\u00e4kukinnon lis\u00e4ksi lehtihangoista kehittyy sivuvarsi, joita kruunaavat pienemm\u00e4t kukinnot.<\/li>\n<li class=\"plained\">Se kukkii hein\u00e4kuusta syyskuuhun.<\/li>\n<li class=\"plained\">Siemenet ovat hyvin \u00f6ljypitoisia.<\/li>\n<li class=\"plained\">Kasvatetaan my\u00f6s v\u00e4liviljelykasvina.<\/li>\n<li class=\"plained\">Muodostaa suuren biomassan.<\/li>\n<\/ul>\n","protected":false},"featured_media":45336,"template":"","meta":{"_acf_changed":false,"_seopress_robots_primary_cat":"none","_seopress_titles_title":"","_seopress_titles_desc":"Auringonkukka Peredovick 100g - Eritt\u00e4in vieh\u00e4tt\u00e4v\u00e4, suurikukkainen keskikokoinen auringonkukkalajike, jonka syd\u00e4n on vihert\u00e4v\u00e4 ja kielim\u00e4iset ter\u00e4lehdet sitruunankeltaiset.","_seopress_robots_index":"","_gspb_post_css":""},"product_brand":[],"product_cat":[2444,2392,2423,2997,2435,2399],"product_tag":[],"class_list":{"0":"post-49998","1":"product","2":"type-product","3":"status-publish","4":"has-post-thumbnail","6":"product_cat-hunajakasvit-ja-valiviljelykasvit","7":"product_cat-kaikki-luokat","8":"product_cat-kukkien-siemenet","9":"product_cat-mikroversot-idatykseen","10":"product_cat-auringonkukka","11":"product_cat-siemenet","13":"first","14":"instock","15":"taxable","16":"shipping-taxable","17":"purchasable","18":"product-type-variable"},"ct_brands":[],"acf":[],"_links":{"self":[{"href":"https:\/\/agrozone.ee\/fi\/wp-json\/wp\/v2\/product\/49998","targetHints":{"allow":["GET"]}}],"collection":[{"href":"https:\/\/agrozone.ee\/fi\/wp-json\/wp\/v2\/product"}],"about":[{"href":"https:\/\/agrozone.ee\/fi\/wp-json\/wp\/v2\/types\/product"}],"wp:featuredmedia":[{"embeddable":true,"href":"https:\/\/agrozone.ee\/fi\/wp-json\/wp\/v2\/media\/45336"}],"wp:attachment":[{"href":"https:\/\/agrozone.ee\/fi\/wp-json\/wp\/v2\/media?parent=49998"}],"wp:term":[{"taxonomy":"product_brand","embeddable":true,"href":"https:\/\/agrozone.ee\/fi\/wp-json\/wp\/v2\/product_brand?post=49998"},{"taxonomy":"product_cat","embeddable":true,"href":"https:\/\/agrozone.ee\/fi\/wp-json\/wp\/v2\/product_cat?post=49998"},{"taxonomy":"product_tag","embeddable":true,"href":"https:\/\/agrozone.ee\/fi\/wp-json\/wp\/v2\/product_tag?post=49998"}],"curies":[{"name":"wp","href":"https:\/\/api.w.org\/{rel}","templated":true}]}}