{"id":50001,"date":"2024-06-09T16:04:32","date_gmt":"2024-06-09T14:04:32","guid":{"rendered":"https:\/\/agrozone.ee\/toode\/hamadaikon-200g\/"},"modified":"2024-06-09T16:04:32","modified_gmt":"2024-06-09T14:04:32","slug":"hamadaikon-200g","status":"publish","type":"product","link":"https:\/\/agrozone.ee\/fi\/tuote\/hamadaikon-200g\/","title":{"rendered":"Hamadaikon 200g"},"content":{"rendered":"<p>Japanilainen retikka eli daikon on nopeakasvuinen, yksivuotinen ristikukkaiskasvi. Erinomainen v\u00e4liviljelykasvi. Suuri ja vahva, syv\u00e4lle maahan kasvava p\u00e4\u00e4juuri, joka auttaa v\u00e4hent\u00e4m\u00e4\u00e4n maaper\u00e4n tiivistymist\u00e4. Sitoo ravinteita syvemmist\u00e4 maakerroksista. Kasvattaa nopeasti suuren vihre\u00e4n lehdist\u00f6n, mink\u00e4 vuoksi se on hyv\u00e4 rikkakasvien tukahduttaja. Ristikukkaiset v\u00e4liviljelykasvit v\u00e4hent\u00e4v\u00e4t taudinaiheuttajia maaper\u00e4ss\u00e4. Japanilainen retikka tuhoutuu pysyviss\u00e4 pakkasasteissa, kasvi lahoaa talvella ja j\u00e4tt\u00e4\u00e4 maaper\u00e4n kuohkeaksi. Ei tule kylv\u00e4\u00e4 retiisien, lanttujen ja muiden ristikukkaisten heimoon kuuluvien viljelykasvien j\u00e4lkeen (v\u00e4lin tulisi olla v\u00e4hint\u00e4\u00e4n 3 vuotta).     <\/p>\n<p>&nbsp;<\/p>\n<h3>K\u00e4ytt\u00f6ohjeet<\/h3>\n<p>200g riitt\u00e4\u00e4 400 m\u00b2:n kylv\u00e4miseen.<\/p>\n<div class=\"vc_row wpb_row vc_row-fluid\">\n<div class=\"wpb_column vc_column_container vc_col-sm-12\">\n<div class=\"vc_column-inner\">\n<div class=\"wpb_wrapper\">\n<div class=\"wpb_text_column wpb_content_element\">\n<div class=\"wpb_wrapper\">\n<p><strong>V\u00e4liviljelykasvien viljelyll\u00e4 on useita tavoitteita. V\u00e4liviljelykasvit parantavat maaper\u00e4n viljavuutta, v\u00e4hent\u00e4v\u00e4t ravinteiden huuhtoutumista, est\u00e4v\u00e4t rikkakasvien kasvua, parantavat maaper\u00e4n rakennetta ja v\u00e4hent\u00e4v\u00e4t maaper\u00e4ss\u00e4 levi\u00e4vi\u00e4 tauteja. Viherlannoituksena kasvatettavat v\u00e4liviljelykasvit lis\u00e4\u00e4v\u00e4t maaper\u00e4\u00e4n ravinteita.   <\/strong><strong>On my\u00f6s mahdollista yhdist\u00e4\u00e4 k\u00e4ytt\u00f6 \u2013 peitekasvina kasvatetut kasvit muokataan maahan viherlannoitteeksi. V\u00e4liviljelykasvit auttavat yll\u00e4pit\u00e4m\u00e4\u00e4n maaper\u00e4n terveytt\u00e4 ja v\u00e4hent\u00e4m\u00e4\u00e4n tuholaisten levi\u00e4mist\u00e4 ilman kemiallista torjuntaa. <\/strong><\/p>\n<\/div>\n<\/div>\n<div class=\"vc_empty_space\"><\/div>\n<\/div>\n<\/div>\n<\/div>\n<\/div>\n<div class=\"vc_row wpb_row vc_row-fluid\">\n<div class=\"wpb_column vc_column_container vc_col-sm-6\">\n<div class=\"vc_column-inner\">\n<div class=\"wpb_wrapper\">\n<div class=\"wpb_text_column wpb_content_element\">\n<div class=\"wpb_wrapper\">\n<div class=\"wpb_text_column wpb_content_element\">\n<div class=\"wpb_wrapper\">\n<h2>Miten viljell\u00e4 v\u00e4likasveja<\/h2>\n<p>Kun p\u00e4\u00e4viljelykasvi \u2013 mansikka, kaali, peruna tai mik\u00e4 tahansa kasvi, jota p\u00e4\u00e4asiassa viljelit \u2013 on tuottanut sadon ja nostettu maasta, kylv\u00e4 v\u00e4likasvi. Kylv\u00f6n tulee olla tihe\u00e4, jotta muodostuisi suuri biomassa. Parempa it\u00e4vyyden takaamiseksi kylv\u00f6 voidaan peitt\u00e4\u00e4 katekankaalla. V\u00e4likasvi j\u00e4tet\u00e4\u00e4n talveksi penkkiin, sit\u00e4 ei tarvitse nostaa pois.<\/p>\n<p>K\u00e4\u00e4nn\u00e4 v\u00e4likasvi maahan ennen seuraavan p\u00e4\u00e4viljelykasvin kylv\u00f6\u00e4 tai peit\u00e4 se kompostilla tai mullalla. N\u00e4in v\u00e4liviljelykasvista muodostuu luonnollinen viherlannoite.<br \/>\nMaahan kaivetaan talvehtiva v\u00e4liviljelykasvi, joka alkaisi kev\u00e4\u00e4ll\u00e4 kasvaa uudelleen.<\/p>\n<\/div>\n<\/div>\n<\/div>\n<\/div>\n<\/div>\n<\/div>\n<\/div>\n<\/div>\n","protected":false},"excerpt":{"rendered":"<p>Japanilainen retikka eli daikon on nopeakasvuinen, yksivuotinen ristikukkaiskasvi. Erinomainen v\u00e4liviljelykasvi. Suuri ja vahva, syv\u00e4lle maahan kasvava p\u00e4\u00e4juuri, joka auttaa v\u00e4hent\u00e4m\u00e4\u00e4n maaper\u00e4n tiivistymist\u00e4. Sitoo ravinteita syvemmist\u00e4 maakerroksista. Kasvattaa nopeasti suuren vihre\u00e4n lehdist\u00f6n, mink\u00e4 vuoksi se on hyv\u00e4 rikkakasvien tukahduttaja. Ristikukkaiset v\u00e4liviljelykasvit v\u00e4hent\u00e4v\u00e4t taudinaiheuttajia maaper\u00e4ss\u00e4. Japanilainen retikka tuhoutuu pysyviss\u00e4 pakkasasteissa, kasvi lahoaa talvella ja j\u00e4tt\u00e4\u00e4 maaper\u00e4n kuohkeaksi. Ei tule kylv\u00e4\u00e4 retiisien, lanttujen ja muiden ristikukkaisten heimoon kuuluvien viljelykasvien j\u00e4lkeen (v\u00e4lin tulisi olla v\u00e4hint\u00e4\u00e4n 3 vuotta).     <\/p>\n","protected":false},"featured_media":42309,"template":"","meta":{"_acf_changed":false,"_seopress_robots_primary_cat":"none","_seopress_titles_title":"","_seopress_titles_desc":"","_seopress_robots_index":"","_gspb_post_css":""},"product_brand":[],"product_cat":[2444,2392,2399],"product_tag":[],"class_list":{"0":"post-50001","1":"product","2":"type-product","3":"status-publish","4":"has-post-thumbnail","6":"product_cat-hunajakasvit-ja-valiviljelykasvit","7":"product_cat-kaikki-luokat","8":"product_cat-siemenet","10":"first","11":"instock","12":"taxable","13":"shipping-taxable","14":"purchasable","15":"product-type-simple"},"ct_brands":[],"acf":[],"_links":{"self":[{"href":"https:\/\/agrozone.ee\/fi\/wp-json\/wp\/v2\/product\/50001","targetHints":{"allow":["GET"]}}],"collection":[{"href":"https:\/\/agrozone.ee\/fi\/wp-json\/wp\/v2\/product"}],"about":[{"href":"https:\/\/agrozone.ee\/fi\/wp-json\/wp\/v2\/types\/product"}],"wp:featuredmedia":[{"embeddable":true,"href":"https:\/\/agrozone.ee\/fi\/wp-json\/wp\/v2\/media\/42309"}],"wp:attachment":[{"href":"https:\/\/agrozone.ee\/fi\/wp-json\/wp\/v2\/media?parent=50001"}],"wp:term":[{"taxonomy":"product_brand","embeddable":true,"href":"https:\/\/agrozone.ee\/fi\/wp-json\/wp\/v2\/product_brand?post=50001"},{"taxonomy":"product_cat","embeddable":true,"href":"https:\/\/agrozone.ee\/fi\/wp-json\/wp\/v2\/product_cat?post=50001"},{"taxonomy":"product_tag","embeddable":true,"href":"https:\/\/agrozone.ee\/fi\/wp-json\/wp\/v2\/product_tag?post=50001"}],"curies":[{"name":"wp","href":"https:\/\/api.w.org\/{rel}","templated":true}]}}