{"id":50002,"date":"2024-06-09T16:04:32","date_gmt":"2024-06-09T13:04:32","guid":{"rendered":"https:\/\/agrozone.ee\/toode\/egyptinapila-300g\/"},"modified":"2024-06-09T16:04:32","modified_gmt":"2024-06-09T14:04:32","slug":"egyptinapila-300g","status":"publish","type":"product","link":"https:\/\/agrozone.ee\/fi\/tuote\/egyptinapila-300g\/","title":{"rendered":"Egyptinapila 300g"},"content":{"rendered":"<p>Aleksandrian apila eli egyptinapila on yksivuotinen apila.<\/p>\n<p>Eritt\u00e4in hyv\u00e4 v\u00e4liviljelykasvi.<\/p>\n<p>V\u00e4liviljelykasvit auttavat parantamaan maaper\u00e4n viljavuutta ja v\u00e4hent\u00e4m\u00e4\u00e4n rikkakasveja sek\u00e4 taudinaiheuttajia. Lis\u00e4ksi hernekasvit sitovat juurinystyr\u00f6iss\u00e4\u00e4n olevien nystyr\u00e4bakteerien ansiosta my\u00f6s ilmakeh\u00e4n typpe\u00e4 ja rikastavat siten maaper\u00e4\u00e4 typell\u00e4. <\/p>\n<p>Kasvin korkeus on 30\u201360 cm. Kukat ovat valkoisia. <\/p>\n<p>&nbsp;<\/p>\n<h3>K\u00e4ytt\u00f6ohjeet<\/h3>\n<p>300 g riitt\u00e4\u00e4 200 m\u00b2:n kylv\u00e4miseen.<\/p>\n<div class=\"vc_row wpb_row vc_row-fluid\">\n<div class=\"wpb_column vc_column_container vc_col-sm-12\">\n<div class=\"vc_column-inner\">\n<div class=\"wpb_wrapper\">\n<div class=\"wpb_text_column wpb_content_element\">\n<div class=\"wpb_wrapper\">\n<p><strong>V\u00e4likasvien viljelyll\u00e4 on erilaisia tavoitteita. <\/strong><\/p>\n<ul>\n<li>V\u00e4likasvit parantavat maaper\u00e4n hedelm\u00e4llisyytt\u00e4, v\u00e4hent\u00e4v\u00e4t ravinteiden huuhtoutumista, est\u00e4v\u00e4t rikkaruohojen kasvua, parantavat maaper\u00e4n rakennetta ja v\u00e4hent\u00e4v\u00e4t maaper\u00e4ss\u00e4 levi\u00e4vi\u00e4 tauteja.<\/li>\n<li>Viherlannoitteena viljeltyn\u00e4 v\u00e4likasvit lis\u00e4\u00e4v\u00e4t maaper\u00e4\u00e4n ravinteita.<\/li>\n<li>Mahdollisuus on my\u00f6s yhdistetty k\u00e4ytt\u00f6 \u2013 kateviljelykasveina kasvatetut kasvit muokataan viherlannoitteeksi maahan.<\/li>\n<li>V\u00e4likasvit auttavat yll\u00e4pit\u00e4m\u00e4\u00e4n maaper\u00e4n terveytt\u00e4 ja v\u00e4hent\u00e4m\u00e4\u00e4n tuholaisten levi\u00e4mist\u00e4 ilman kemiallista torjuntaa.<\/li>\n<\/ul>\n<\/div>\n<\/div>\n<div class=\"vc_empty_space\"><\/div>\n<\/div>\n<\/div>\n<\/div>\n<\/div>\n<div class=\"vc_row wpb_row vc_row-fluid\">\n<div class=\"wpb_column vc_column_container vc_col-sm-6\">\n<div class=\"vc_column-inner\">\n<div class=\"wpb_wrapper\">\n<div class=\"wpb_text_column wpb_content_element\">\n<div class=\"wpb_wrapper\">\n<div class=\"wpb_text_column wpb_content_element\">\n<div class=\"wpb_wrapper\">\n<h2>Miten viljell\u00e4 v\u00e4likasveja<\/h2>\n<p>Kun p\u00e4\u00e4viljelykasvi \u2013 mansikka, kaali, peruna tai mik\u00e4 tahansa kasvi, jota p\u00e4\u00e4asiassa viljelit \u2013 on tuottanut sadon ja nostettu maasta, kylv\u00e4 v\u00e4likasvi.<\/p>\n<ul>\n<li>Kylv\u00f6n tulee olla tihe\u00e4, jotta muodostuisi suuri biomassa.<\/li>\n<li>Parempa it\u00e4vyyden takaamiseksi kylv\u00f6 voidaan peitt\u00e4\u00e4 katekankaalla.<\/li>\n<li>V\u00e4likasvi j\u00e4tet\u00e4\u00e4n talveksi penkkiin, sit\u00e4 ei tarvitse nostaa pois.<\/li>\n<li>K\u00e4\u00e4nn\u00e4 v\u00e4likasvi maahan ennen seuraavan p\u00e4\u00e4viljelykasvin kylv\u00f6\u00e4 tai peit\u00e4 se kompostilla tai mullalla.<\/li>\n<\/ul>\n<p>N\u00e4in v\u00e4liviljelykasvista muodostuu luonnollinen viherlannoite.<br \/>\nMaahan kaivetaan talvehtiva v\u00e4liviljelykasvi, joka alkaisi kev\u00e4\u00e4ll\u00e4 kasvaa uudelleen.<\/p>\n<\/div>\n<\/div>\n<\/div>\n<\/div>\n<\/div>\n<\/div>\n<\/div>\n<\/div>\n","protected":false},"excerpt":{"rendered":"<p>Aleksandrian apila eli egyptinapila on yksivuotinen apila. Eritt\u00e4in hyv\u00e4 v\u00e4liviljelykasvi. V\u00e4liviljelykasvit auttavat parantamaan maaper\u00e4n viljavuutta ja v\u00e4hent\u00e4m\u00e4\u00e4n rikkakasveja sek\u00e4 taudinaiheuttajia. Lis\u00e4ksi hernekasvit sitovat juurinystyr\u00f6iss\u00e4\u00e4n olevien nystyr\u00e4bakteerien ansiosta my\u00f6s ilmakeh\u00e4n typpe\u00e4 ja rikastavat siten maaper\u00e4\u00e4 typell\u00e4. Kasvin korkeus on 30\u201360 cm. Kukat ovat valkoisia.     <\/p>\n","protected":false},"featured_media":42312,"template":"","meta":{"_acf_changed":false,"_seopress_robots_primary_cat":"none","_seopress_titles_title":"","_seopress_titles_desc":"Aleksandrian apila eli egyptinapila on yksivuotinen apila. V\u00e4liviljelykasvit auttavat parantamaan maaper\u00e4n viljavuutta ja v\u00e4hent\u00e4m\u00e4\u00e4n rikkakasveja sek\u00e4 taudinaiheuttajia. ","_seopress_robots_index":"","_gspb_post_css":""},"product_brand":[],"product_cat":[2444,2392,2399],"product_tag":[],"class_list":{"0":"post-50002","1":"product","2":"type-product","3":"status-publish","4":"has-post-thumbnail","6":"product_cat-hunajakasvit-ja-valiviljelykasvit","7":"product_cat-kaikki-luokat","8":"product_cat-siemenet","10":"first","11":"instock","12":"taxable","13":"shipping-taxable","14":"purchasable","15":"product-type-simple"},"ct_brands":[],"acf":[],"_links":{"self":[{"href":"https:\/\/agrozone.ee\/fi\/wp-json\/wp\/v2\/product\/50002","targetHints":{"allow":["GET"]}}],"collection":[{"href":"https:\/\/agrozone.ee\/fi\/wp-json\/wp\/v2\/product"}],"about":[{"href":"https:\/\/agrozone.ee\/fi\/wp-json\/wp\/v2\/types\/product"}],"wp:featuredmedia":[{"embeddable":true,"href":"https:\/\/agrozone.ee\/fi\/wp-json\/wp\/v2\/media\/42312"}],"wp:attachment":[{"href":"https:\/\/agrozone.ee\/fi\/wp-json\/wp\/v2\/media?parent=50002"}],"wp:term":[{"taxonomy":"product_brand","embeddable":true,"href":"https:\/\/agrozone.ee\/fi\/wp-json\/wp\/v2\/product_brand?post=50002"},{"taxonomy":"product_cat","embeddable":true,"href":"https:\/\/agrozone.ee\/fi\/wp-json\/wp\/v2\/product_cat?post=50002"},{"taxonomy":"product_tag","embeddable":true,"href":"https:\/\/agrozone.ee\/fi\/wp-json\/wp\/v2\/product_tag?post=50002"}],"curies":[{"name":"wp","href":"https:\/\/api.w.org\/{rel}","templated":true}]}}