{"id":50003,"date":"2024-06-09T16:04:32","date_gmt":"2024-06-09T13:04:32","guid":{"rendered":"https:\/\/agrozone.ee\/toode\/veriapila\/"},"modified":"2024-06-09T16:04:32","modified_gmt":"2024-06-09T14:04:32","slug":"veriapila","status":"publish","type":"product","link":"https:\/\/agrozone.ee\/fi\/tuote\/veriapila\/","title":{"rendered":"Veriapila"},"content":{"rendered":"<p>Inkarnaattiapila eli veriapila on yksivuotinen apila. <\/p>\n<p>Eroaa muista apilalajeista koristeellisuutensa ansiosta.<\/p>\n<p>Erinomainen v\u00e4liviljelykasvi, koriste- ja hunajakasvi.<\/p>\n<p>V\u00e4liviljelykasvit auttavat parantamaan maaper\u00e4n viljavuutta ja v\u00e4hent\u00e4m\u00e4\u00e4n rikkakasveja sek\u00e4 taudinaiheuttajia. Lis\u00e4ksi hernekasvit sitovat juurinystyr\u00f6iss\u00e4\u00e4n olevien nystyr\u00e4bakteerien ansiosta my\u00f6s ilmakeh\u00e4n typpe\u00e4 ja rikastavat siten maaper\u00e4\u00e4 typell\u00e4. <\/p>\n<p>Huomiota her\u00e4tt\u00e4vien karmiininpunaisten kukkien ansiosta se sopii my\u00f6s erilaisiin kukkaniittyseoksiin. Houkuttelee puutarhaan sek\u00e4 mehil\u00e4isi\u00e4 ett\u00e4 perhosia. Kasvin korkeus on 40-100 cm.  <\/p>\n<p>Koristekukkana ja mesikasvina kasvatettavaksi se kylvet\u00e4\u00e4n kev\u00e4\u00e4ll\u00e4 (toukokuussa). Jos se kylvet\u00e4\u00e4n my\u00f6hemmin p\u00e4\u00e4viljelykasvin j\u00e4lkeen (elokuussa-syyskuussa), se ei ehdi en\u00e4\u00e4 kukkia.<\/p>\n<p>&nbsp;<\/p>\n<h3>K\u00e4ytt\u00f6ohjeet<\/h3>\n<p>Koristekukkana ja mesikasvina kasvatettavaksi se kylvet\u00e4\u00e4n kev\u00e4\u00e4ll\u00e4 (toukokuussa). Jos se kylvet\u00e4\u00e4n my\u00f6hemmin p\u00e4\u00e4viljelykasvin j\u00e4lkeen (elokuussa-syyskuussa), se ei ehdi en\u00e4\u00e4 kukkia. 300 g riitt\u00e4\u00e4 200 m\u00b2:n kylv\u00e4miseen.<\/p>\n","protected":false},"excerpt":{"rendered":"<p>Inkarnaattiapila eli veriapila on yksivuotinen apila. <\/p>\n<p>Eroaa muista apilalajeista koristeellisuutensa ansiosta.<\/p>\n<p>Erinomainen v\u00e4liviljelykasvi, koriste- ja hunajakasvi.<\/p>\n","protected":false},"featured_media":42315,"template":"","meta":{"_acf_changed":false,"_seopress_robots_primary_cat":"none","_seopress_titles_title":"","_seopress_titles_desc":"","_seopress_robots_index":"","_gspb_post_css":""},"product_brand":[],"product_cat":[2444,2392,2399],"product_tag":[],"class_list":{"0":"post-50003","1":"product","2":"type-product","3":"status-publish","4":"has-post-thumbnail","6":"product_cat-hunajakasvit-ja-valiviljelykasvit","7":"product_cat-kaikki-luokat","8":"product_cat-siemenet","10":"first","11":"instock","12":"taxable","13":"shipping-taxable","14":"purchasable","15":"product-type-variable"},"ct_brands":[],"acf":[],"_links":{"self":[{"href":"https:\/\/agrozone.ee\/fi\/wp-json\/wp\/v2\/product\/50003","targetHints":{"allow":["GET"]}}],"collection":[{"href":"https:\/\/agrozone.ee\/fi\/wp-json\/wp\/v2\/product"}],"about":[{"href":"https:\/\/agrozone.ee\/fi\/wp-json\/wp\/v2\/types\/product"}],"wp:featuredmedia":[{"embeddable":true,"href":"https:\/\/agrozone.ee\/fi\/wp-json\/wp\/v2\/media\/42315"}],"wp:attachment":[{"href":"https:\/\/agrozone.ee\/fi\/wp-json\/wp\/v2\/media?parent=50003"}],"wp:term":[{"taxonomy":"product_brand","embeddable":true,"href":"https:\/\/agrozone.ee\/fi\/wp-json\/wp\/v2\/product_brand?post=50003"},{"taxonomy":"product_cat","embeddable":true,"href":"https:\/\/agrozone.ee\/fi\/wp-json\/wp\/v2\/product_cat?post=50003"},{"taxonomy":"product_tag","embeddable":true,"href":"https:\/\/agrozone.ee\/fi\/wp-json\/wp\/v2\/product_tag?post=50003"}],"curies":[{"name":"wp","href":"https:\/\/api.w.org\/{rel}","templated":true}]}}