{"id":50007,"date":"2024-06-09T16:04:09","date_gmt":"2024-06-09T13:04:09","guid":{"rendered":"https:\/\/agrozone.ee\/toode\/alsikeapila\/"},"modified":"2024-06-09T16:04:09","modified_gmt":"2024-06-09T14:04:09","slug":"alsikeapila","status":"publish","type":"product","link":"https:\/\/agrozone.ee\/fi\/tuote\/alsikeapila\/","title":{"rendered":"Alsikeapila"},"content":{"rendered":"<p><strong>Alsikeapila<\/strong><\/p>\n<ul>\n<li>Vaaleanpunainen apila on erinomainen viherlannoituskasvi ja maaper\u00e4n viljavuuden parantaja.<\/li>\n<li>Hernekasveista koostuvien viherlannoituskasvien viljely on t\u00e4rkein tapa rikastuttaa maaper\u00e4\u00e4 luonnollisesti typell\u00e4.<\/li>\n<li>Hyv\u00e4 mesikasvi.<\/li>\n<li>Hunajantuotanto 120 kg\/ha.<\/li>\n<li>Hunaja muistuttaa maultaan ja ominaisuuksiltaan valkoapilahunajaa.<\/li>\n<li>Siemenm\u00e4\u00e4r\u00e4 12 g\/10 m\u00b2.<\/li>\n<li>Kylv\u00f6syvyys: 1-2 cm.<\/li>\n<\/ul>\n<div class=\"vc_row wpb_row vc_row-fluid\">\n<div class=\"wpb_column vc_column_container vc_col-sm-12\">\n<div class=\"vc_column-inner\">\n<div class=\"wpb_wrapper\">\n<div class=\"wpb_text_column wpb_content_element\">\n<div class=\"wpb_wrapper\">\n<p><strong>V\u00e4likasvien viljelyll\u00e4 on erilaisia tavoitteita. <\/strong><\/p>\n<ul>\n<li><strong>V\u00e4likasvit parantavat maaper\u00e4n hedelm\u00e4llisyytt\u00e4, v\u00e4hent\u00e4v\u00e4t ravinteiden huuhtoutumista, est\u00e4v\u00e4t rikkaruohojen kasvua, parantavat maaper\u00e4n rakennetta ja v\u00e4hent\u00e4v\u00e4t maaper\u00e4ss\u00e4 levi\u00e4vi\u00e4 tauteja. <\/strong><\/li>\n<li><strong>Viherlannoitteena viljeltyn\u00e4 v\u00e4likasvit lis\u00e4\u00e4v\u00e4t maaper\u00e4\u00e4n ravinteita. <\/strong><\/li>\n<li><strong>Mahdollisuus on my\u00f6s yhdistetty k\u00e4ytt\u00f6 \u2013 kateviljelykasveina kasvatetut kasvit muokataan viherlannoitteeksi maahan. <\/strong><\/li>\n<li><strong>V\u00e4likasvit auttavat yll\u00e4pit\u00e4m\u00e4\u00e4n maaper\u00e4n terveytt\u00e4 ja v\u00e4hent\u00e4m\u00e4\u00e4n tuholaisten levi\u00e4mist\u00e4 ilman kemiallista torjuntaa.<\/strong><\/li>\n<\/ul>\n<\/div>\n<\/div>\n<div class=\"vc_empty_space\"><\/div>\n<\/div>\n<\/div>\n<\/div>\n<\/div>\n<div class=\"vc_row wpb_row vc_row-fluid\">\n<div class=\"wpb_column vc_column_container vc_col-sm-6\">\n<div class=\"vc_column-inner\">\n<div class=\"wpb_wrapper\">\n<div class=\"wpb_text_column wpb_content_element\">\n<div class=\"wpb_wrapper\">\n<div class=\"wpb_text_column wpb_content_element\">\n<div class=\"wpb_wrapper\">\n<h2>Miten viljell\u00e4 v\u00e4likasveja<\/h2>\n<ul>\n<li>Kun p\u00e4\u00e4viljelykasvi \u2013 mansikka, kaali, peruna tai mik\u00e4 tahansa kasvi, jota p\u00e4\u00e4asiassa viljelit \u2013 on tuottanut sadon ja nostettu maasta, kylv\u00e4 v\u00e4likasvi.<\/li>\n<li>Kylv\u00f6n tulee olla tihe\u00e4, jotta muodostuisi suuri biomassa.<\/li>\n<li>Parempa it\u00e4vyyden takaamiseksi kylv\u00f6 voidaan peitt\u00e4\u00e4 katekankaalla.<\/li>\n<li>V\u00e4likasvi j\u00e4tet\u00e4\u00e4n talveksi penkkiin, sit\u00e4 ei tarvitse nostaa pois.<\/li>\n<li>K\u00e4\u00e4nn\u00e4 v\u00e4likasvi maahan ennen seuraavan p\u00e4\u00e4viljelykasvin kylv\u00f6\u00e4 tai peit\u00e4 se kompostilla tai mullalla.<\/li>\n<li>N\u00e4in v\u00e4likasvista muodostuu luonnollinen viherlannoite.<\/li>\n<li>Talvehtiva v\u00e4likasvi kaivetaan maahan, joka alkaisi kasvaa uudelleen kev\u00e4\u00e4ll\u00e4.<\/li>\n<\/ul>\n<\/div>\n<\/div>\n<\/div>\n<\/div>\n<\/div>\n<\/div>\n<\/div>\n<\/div>\n","protected":false},"excerpt":{"rendered":"<p>Vaaleanpunainen apila on erinomainen viherlannoituskasvi ja maaper\u00e4n viljavuuden parantaja. Hernekasveista koostuvien viherlannoituskasvien viljely on t\u00e4rkein tapa rikastuttaa maaper\u00e4\u00e4 luonnollisesti typell\u00e4.  Hyv\u00e4 mesikasvi. Hunajantuotanto 120 kg\/ha. Hunaja muistuttaa maultaan ja ominaisuuksiltaan valkoapilahunajaa. Siemenm\u00e4\u00e4r\u00e4 12 g\/10 m\u00b2. Kylv\u00f6syvyys: 1-2 cm.    <\/p>\n","protected":false},"featured_media":42321,"template":"","meta":{"_acf_changed":false,"_seopress_robots_primary_cat":"none","_seopress_titles_title":"","_seopress_titles_desc":"Vaaleanpunainen apila on erinomainen viherlannoituskasvi ja maaper\u00e4n viljavuuden parantaja. T\u00e4rkein tapa rikastuttaa maaper\u00e4\u00e4 luonnollisesti typell\u00e4. ","_seopress_robots_index":"","_gspb_post_css":""},"product_brand":[],"product_cat":[2440,2444,2392,2423,2399],"product_tag":[],"class_list":{"0":"post-50007","1":"product","2":"type-product","3":"status-publish","4":"has-post-thumbnail","6":"product_cat-apila","7":"product_cat-hunajakasvit-ja-valiviljelykasvit","8":"product_cat-kaikki-luokat","9":"product_cat-kukkien-siemenet","10":"product_cat-siemenet","12":"first","13":"instock","14":"taxable","15":"shipping-taxable","16":"purchasable","17":"product-type-variable"},"ct_brands":[],"acf":[],"_links":{"self":[{"href":"https:\/\/agrozone.ee\/fi\/wp-json\/wp\/v2\/product\/50007","targetHints":{"allow":["GET"]}}],"collection":[{"href":"https:\/\/agrozone.ee\/fi\/wp-json\/wp\/v2\/product"}],"about":[{"href":"https:\/\/agrozone.ee\/fi\/wp-json\/wp\/v2\/types\/product"}],"wp:featuredmedia":[{"embeddable":true,"href":"https:\/\/agrozone.ee\/fi\/wp-json\/wp\/v2\/media\/42321"}],"wp:attachment":[{"href":"https:\/\/agrozone.ee\/fi\/wp-json\/wp\/v2\/media?parent=50007"}],"wp:term":[{"taxonomy":"product_brand","embeddable":true,"href":"https:\/\/agrozone.ee\/fi\/wp-json\/wp\/v2\/product_brand?post=50007"},{"taxonomy":"product_cat","embeddable":true,"href":"https:\/\/agrozone.ee\/fi\/wp-json\/wp\/v2\/product_cat?post=50007"},{"taxonomy":"product_tag","embeddable":true,"href":"https:\/\/agrozone.ee\/fi\/wp-json\/wp\/v2\/product_tag?post=50007"}],"curies":[{"name":"wp","href":"https:\/\/api.w.org\/{rel}","templated":true}]}}