{"id":50135,"date":"2024-06-09T15:52:45","date_gmt":"2024-06-09T13:52:45","guid":{"rendered":"https:\/\/agrozone.ee\/toode\/sokerin-esite\/"},"modified":"2024-06-09T15:52:45","modified_gmt":"2024-06-09T13:52:45","slug":"sokerin-esite","status":"publish","type":"product","link":"https:\/\/agrozone.ee\/fi\/tuote\/sokerin-esite\/","title":{"rendered":"Sokerin esite"},"content":{"rendered":"<p>Luonnollinen sokerin korvike! Stevian lehti\u00e4 voidaan lis\u00e4t\u00e4 ruokiin ja juomiin tuoreena tai kuivattuna tahnana. Lehdet s\u00e4ilytt\u00e4v\u00e4t makeutensa my\u00f6s kuivattuina ja hyvin pitk\u00e4\u00e4n.  <\/p>\n<p>Pakkaus &#8211; 10 siement\u00e4<\/p>\n<p>&nbsp;<\/p>\n<h3>K\u00e4ytt\u00f6ohjeet<\/h3>\n<p>KUKINTA JA KASVU Suosii l\u00e4mmint\u00e4, aurinkoista ja tuulelta suojattua paikkaa. Eritt\u00e4in kylm\u00e4nkest\u00e4v\u00e4, j\u00e4\u00e4tyy +7 asteessa. Siemenet ovat pieni\u00e4 ja it\u00e4v\u00e4t pitk\u00e4\u00e4n ja ep\u00e4tasaisesti, jos niit\u00e4 ei peitet\u00e4 mullalla. K\u00c4YTT\u00d6 Sokerilehti ei lis\u00e4\u00e4 kehon painoa kuten sokeri, mutta se s\u00e4\u00e4telee verensokeria, vaikuttaa hyvin haiman toimintaan, auttaa ruoansulatusta, auttaa korkeaan verenpaineeseen.   <\/p>\n","protected":false},"excerpt":{"rendered":"<p>Luonnollinen sokerin korvike! Stevian lehti\u00e4 voidaan lis\u00e4t\u00e4 ruokiin ja juomiin tuoreena tai kuivattuna tahnana. Lehdet s\u00e4ilytt\u00e4v\u00e4t makeutensa my\u00f6s kuivattuina ja hyvin pitk\u00e4\u00e4n.  <\/p>\n","protected":false},"featured_media":42075,"template":"","meta":{"_acf_changed":false,"_seopress_robots_primary_cat":"none","_seopress_titles_title":"","_seopress_titles_desc":"","_seopress_robots_index":"","_gspb_post_css":""},"product_brand":[],"product_cat":[2392,2419,2399,2401],"product_tag":[],"class_list":{"0":"post-50135","1":"product","2":"type-product","3":"status-publish","4":"has-post-thumbnail","6":"product_cat-kaikki-luokat","7":"product_cat-salaatit-ja-muut","8":"product_cat-siemenet","9":"product_cat-vihanneksien-siemenet","11":"first","12":"instock","13":"taxable","14":"shipping-taxable","15":"purchasable","16":"product-type-simple"},"ct_brands":[],"acf":[],"_links":{"self":[{"href":"https:\/\/agrozone.ee\/fi\/wp-json\/wp\/v2\/product\/50135","targetHints":{"allow":["GET"]}}],"collection":[{"href":"https:\/\/agrozone.ee\/fi\/wp-json\/wp\/v2\/product"}],"about":[{"href":"https:\/\/agrozone.ee\/fi\/wp-json\/wp\/v2\/types\/product"}],"wp:featuredmedia":[{"embeddable":true,"href":"https:\/\/agrozone.ee\/fi\/wp-json\/wp\/v2\/media\/42075"}],"wp:attachment":[{"href":"https:\/\/agrozone.ee\/fi\/wp-json\/wp\/v2\/media?parent=50135"}],"wp:term":[{"taxonomy":"product_brand","embeddable":true,"href":"https:\/\/agrozone.ee\/fi\/wp-json\/wp\/v2\/product_brand?post=50135"},{"taxonomy":"product_cat","embeddable":true,"href":"https:\/\/agrozone.ee\/fi\/wp-json\/wp\/v2\/product_cat?post=50135"},{"taxonomy":"product_tag","embeddable":true,"href":"https:\/\/agrozone.ee\/fi\/wp-json\/wp\/v2\/product_tag?post=50135"}],"curies":[{"name":"wp","href":"https:\/\/api.w.org\/{rel}","templated":true}]}}