{"id":50137,"date":"2024-06-09T15:52:45","date_gmt":"2024-06-09T13:52:45","guid":{"rendered":"https:\/\/agrozone.ee\/toode\/pinaatti-apollo-f1\/"},"modified":"2024-06-09T15:52:45","modified_gmt":"2024-06-09T13:52:45","slug":"pinaatti-apollo-f1","status":"publish","type":"product","link":"https:\/\/agrozone.ee\/fi\/tuote\/pinaatti-apollo-f1\/","title":{"rendered":"Pinaatti &#8216;Apollo&#8217; F1"},"content":{"rendered":"<p>Pinaatti &#8216;Apollo&#8217; on kev\u00e4t-syyslajike, jolla on tummanvihre\u00e4t soikeat lehdet ja joka on satoisa ja kest\u00e4\u00e4 tuholaisia. Nuorilla lehdill\u00e4 ja lehtivarsilla on rikas ravintoarvo, ja niit\u00e4 k\u00e4ytet\u00e4\u00e4n keitoissa sek\u00e4 kala- ja liharuokien lisukkeena. <\/p>\n<p>Pakkauksessa &#8211; 5g<\/p>\n<p>&nbsp;<\/p>\n<h3>K\u00e4ytt\u00f6ohjeet<\/h3>\n<p>Kylv\u00e4 kasvupaikalle huhti-kes\u00e4kuussa. Kasvihuoneissa ja avomaalla kasvatettavaksi. Istutusj\u00e4rjestelm\u00e4. Kasviv\u00e4li 8-10 cm. Kasvuaika 45-60 p\u00e4iv\u00e4\u00e4.    <\/p>\n","protected":false},"excerpt":{"rendered":"<p>Pinaatti &#8216;Apollo&#8217; on kev\u00e4t-syyslajike, jolla on tummanvihre\u00e4t soikeat lehdet ja joka on satoisa ja kest\u00e4\u00e4 tuholaisia. Nuorilla lehdill\u00e4 ja lehtivarsilla on rikas ravintoarvo, ja niit\u00e4 k\u00e4ytet\u00e4\u00e4n keitoissa sek\u00e4 kala- ja liharuokien lisukkeena. <\/p>\n","protected":false},"featured_media":44944,"template":"","meta":{"_acf_changed":false,"_seopress_robots_primary_cat":"","_seopress_titles_title":"","_seopress_titles_desc":"","_seopress_robots_index":"","_gspb_post_css":""},"product_brand":[],"product_cat":[2392,2421,2399,2401],"product_tag":[],"class_list":{"0":"post-50137","1":"product","2":"type-product","3":"status-publish","4":"has-post-thumbnail","6":"product_cat-kaikki-luokat","7":"product_cat-pinaatti","8":"product_cat-siemenet","9":"product_cat-vihanneksien-siemenet","11":"first","12":"instock","13":"taxable","14":"shipping-taxable","15":"purchasable","16":"product-type-simple"},"ct_brands":[],"acf":[],"_links":{"self":[{"href":"https:\/\/agrozone.ee\/fi\/wp-json\/wp\/v2\/product\/50137","targetHints":{"allow":["GET"]}}],"collection":[{"href":"https:\/\/agrozone.ee\/fi\/wp-json\/wp\/v2\/product"}],"about":[{"href":"https:\/\/agrozone.ee\/fi\/wp-json\/wp\/v2\/types\/product"}],"wp:featuredmedia":[{"embeddable":true,"href":"https:\/\/agrozone.ee\/fi\/wp-json\/wp\/v2\/media\/44944"}],"wp:attachment":[{"href":"https:\/\/agrozone.ee\/fi\/wp-json\/wp\/v2\/media?parent=50137"}],"wp:term":[{"taxonomy":"product_brand","embeddable":true,"href":"https:\/\/agrozone.ee\/fi\/wp-json\/wp\/v2\/product_brand?post=50137"},{"taxonomy":"product_cat","embeddable":true,"href":"https:\/\/agrozone.ee\/fi\/wp-json\/wp\/v2\/product_cat?post=50137"},{"taxonomy":"product_tag","embeddable":true,"href":"https:\/\/agrozone.ee\/fi\/wp-json\/wp\/v2\/product_tag?post=50137"}],"curies":[{"name":"wp","href":"https:\/\/api.w.org\/{rel}","templated":true}]}}