{"id":50138,"date":"2024-06-09T15:52:45","date_gmt":"2024-06-09T13:52:45","guid":{"rendered":"https:\/\/agrozone.ee\/toode\/sitruunamelissa\/"},"modified":"2024-06-09T15:52:45","modified_gmt":"2024-06-09T13:52:45","slug":"sitruunamelissa","status":"publish","type":"product","link":"https:\/\/agrozone.ee\/fi\/tuote\/sitruunamelissa\/","title":{"rendered":"Sitruunamelissa"},"content":{"rendered":"<p>Monivuotinen yrtti, l\u00e4\u00e4kekasvi ja l\u00e4\u00e4kekasvi. Sopii kaikkiin ruokiin, joihin sitruuna sopii. Erinomainen teen valmistukseen ja lik\u00f6\u00f6rien maustamiseen. L\u00e4\u00e4kekasvina se on rauhoittava ja hy\u00f6dyllinen, lievitt\u00e4\u00e4 vilustumista, flunssaa ja astmaa.   <\/p>\n<p>Pakkausta kohti &#8211; 0,1g<\/p>\n<p>&nbsp;<\/p>\n<h3>K\u00e4ytt\u00f6ohjeet<\/h3>\n<p>Se suosii l\u00e4mmint\u00e4, aurinkoista ja tuulista paikkaa, mutta siet\u00e4\u00e4 my\u00f6s puolivarjoa. Siemenet kylvet\u00e4\u00e4n kosteaan maahan, joka peitet\u00e4\u00e4n ohuella vermikuliitti- tai hiekkakerroksella. <\/p>\n","protected":false},"excerpt":{"rendered":"<p>Monivuotinen yrtti, l\u00e4\u00e4kekasvi ja l\u00e4\u00e4kekasvi. Sopii kaikkiin ruokiin, joihin sitruuna sopii. Erinomainen teen valmistukseen ja lik\u00f6\u00f6rien maustamiseen. L\u00e4\u00e4kekasvina se on rauhoittava ja hy\u00f6dyllinen, lievitt\u00e4\u00e4 vilustumista, flunssaa ja astmaa.   <\/p>\n","protected":false},"featured_media":42072,"template":"","meta":{"_acf_changed":false,"_seopress_robots_primary_cat":"none","_seopress_titles_title":"","_seopress_titles_desc":"","_seopress_robots_index":"","_gspb_post_css":""},"product_brand":[],"product_cat":[2392,2419,2399,2401],"product_tag":[],"class_list":{"0":"post-50138","1":"product","2":"type-product","3":"status-publish","4":"has-post-thumbnail","6":"product_cat-kaikki-luokat","7":"product_cat-salaatit-ja-muut","8":"product_cat-siemenet","9":"product_cat-vihanneksien-siemenet","11":"first","12":"instock","13":"taxable","14":"shipping-taxable","15":"purchasable","16":"product-type-simple"},"ct_brands":[],"acf":[],"_links":{"self":[{"href":"https:\/\/agrozone.ee\/fi\/wp-json\/wp\/v2\/product\/50138","targetHints":{"allow":["GET"]}}],"collection":[{"href":"https:\/\/agrozone.ee\/fi\/wp-json\/wp\/v2\/product"}],"about":[{"href":"https:\/\/agrozone.ee\/fi\/wp-json\/wp\/v2\/types\/product"}],"wp:featuredmedia":[{"embeddable":true,"href":"https:\/\/agrozone.ee\/fi\/wp-json\/wp\/v2\/media\/42072"}],"wp:attachment":[{"href":"https:\/\/agrozone.ee\/fi\/wp-json\/wp\/v2\/media?parent=50138"}],"wp:term":[{"taxonomy":"product_brand","embeddable":true,"href":"https:\/\/agrozone.ee\/fi\/wp-json\/wp\/v2\/product_brand?post=50138"},{"taxonomy":"product_cat","embeddable":true,"href":"https:\/\/agrozone.ee\/fi\/wp-json\/wp\/v2\/product_cat?post=50138"},{"taxonomy":"product_tag","embeddable":true,"href":"https:\/\/agrozone.ee\/fi\/wp-json\/wp\/v2\/product_tag?post=50138"}],"curies":[{"name":"wp","href":"https:\/\/api.w.org\/{rel}","templated":true}]}}