{"id":50139,"date":"2024-06-09T15:52:23","date_gmt":"2024-06-09T13:52:23","guid":{"rendered":"https:\/\/agrozone.ee\/toode\/porkkana-morelia-f1\/"},"modified":"2024-06-09T15:52:23","modified_gmt":"2024-06-09T13:52:23","slug":"porkkana-morelia-f1","status":"publish","type":"product","link":"https:\/\/agrozone.ee\/fi\/tuote\/porkkana-morelia-f1\/","title":{"rendered":"Porkkana &#8216;Morelia&#8217; F1"},"content":{"rendered":"<p>Keskivartinen Nantes-tyyppinen lajike. Eritt\u00e4in hyv\u00e4 s\u00e4ilyvyys. Hedelmill\u00e4 on sile\u00e4, kiilt\u00e4v\u00e4 kuori, ne ovat tummanoransseja, eritt\u00e4in maukkaita eiv\u00e4tk\u00e4 halkeile. Kiinte\u00e4t latvat mahdollistavat hyv\u00e4n mekaanisen sadonkorjuun. Voidaan k\u00e4ytt\u00e4\u00e4 tuoreena, jalostettuna tai pakastettuna.    <\/p>\n<p>~ 800 siement\u00e4 per pakkaus<\/p>\n<p>&nbsp;<\/p>\n<h3>K\u00e4ytt\u00f6ohjeet<\/h3>\n<p>Kylv\u00f6n toistaminen 2-3 viikon v\u00e4lein tuottaa edelleen nuoria, hentoja porkkanoita. Porkkanak\u00e4rp\u00e4sen aiheuttamien vahinkojen v\u00e4ltt\u00e4miseksi on suositeltavaa peitt\u00e4\u00e4 kasvit suojalla ja kasvattaa porkkanat joka vuosi uudessa paikassa. Kylv\u00f6syvyys 1 cm. Viljelyalue: avoin pelto. Pitk\u00e4 it\u00e4misaika, 2-4 viikkoa. Suosii l\u00f6yh\u00e4\u00e4, humuspitoista ja hiekkaista maata. Kun kasvit ovat pieni\u00e4, poistetaan rikkaruohot ja harvennetaan. Sadonkorjuu elokuussa tai kun juuristo on kasvanut haluttuun kokoon.       <\/p>\n","protected":false},"excerpt":{"rendered":"<p>Keskivartinen Nantes-tyyppinen lajike. Eritt\u00e4in hyv\u00e4 s\u00e4ilyvyys. Hedelmill\u00e4 on sile\u00e4, kiilt\u00e4v\u00e4 kuori, ne ovat tummanoransseja, eritt\u00e4in maukkaita eiv\u00e4tk\u00e4 halkeile. Kiinte\u00e4t latvat mahdollistavat hyv\u00e4n mekaanisen sadonkorjuun. Voidaan k\u00e4ytt\u00e4\u00e4 tuoreena, jalostettuna tai pakastettuna.    <\/p>\n","protected":false},"featured_media":44943,"template":"","meta":{"_acf_changed":false,"_seopress_robots_primary_cat":"","_seopress_titles_title":"","_seopress_titles_desc":"","_seopress_robots_index":"","_gspb_post_css":""},"product_brand":[],"product_cat":[2392,2417,2399,2401],"product_tag":[],"class_list":{"0":"post-50139","1":"product","2":"type-product","3":"status-publish","4":"has-post-thumbnail","6":"product_cat-kaikki-luokat","7":"product_cat-porkkana","8":"product_cat-siemenet","9":"product_cat-vihanneksien-siemenet","11":"first","12":"instock","13":"taxable","14":"shipping-taxable","15":"purchasable","16":"product-type-simple"},"ct_brands":[],"acf":[],"_links":{"self":[{"href":"https:\/\/agrozone.ee\/fi\/wp-json\/wp\/v2\/product\/50139","targetHints":{"allow":["GET"]}}],"collection":[{"href":"https:\/\/agrozone.ee\/fi\/wp-json\/wp\/v2\/product"}],"about":[{"href":"https:\/\/agrozone.ee\/fi\/wp-json\/wp\/v2\/types\/product"}],"wp:featuredmedia":[{"embeddable":true,"href":"https:\/\/agrozone.ee\/fi\/wp-json\/wp\/v2\/media\/44943"}],"wp:attachment":[{"href":"https:\/\/agrozone.ee\/fi\/wp-json\/wp\/v2\/media?parent=50139"}],"wp:term":[{"taxonomy":"product_brand","embeddable":true,"href":"https:\/\/agrozone.ee\/fi\/wp-json\/wp\/v2\/product_brand?post=50139"},{"taxonomy":"product_cat","embeddable":true,"href":"https:\/\/agrozone.ee\/fi\/wp-json\/wp\/v2\/product_cat?post=50139"},{"taxonomy":"product_tag","embeddable":true,"href":"https:\/\/agrozone.ee\/fi\/wp-json\/wp\/v2\/product_tag?post=50139"}],"curies":[{"name":"wp","href":"https:\/\/api.w.org\/{rel}","templated":true}]}}