{"id":50140,"date":"2024-06-09T15:52:23","date_gmt":"2024-06-09T13:52:23","guid":{"rendered":"https:\/\/agrozone.ee\/toode\/porkkana-nantes-2-taiminauhalla\/"},"modified":"2024-06-09T15:52:23","modified_gmt":"2024-06-09T13:52:23","slug":"porkkana-nantes-2-taiminauhalla","status":"publish","type":"product","link":"https:\/\/agrozone.ee\/fi\/tuote\/porkkana-nantes-2-taiminauhalla\/","title":{"rendered":"Porkkana &#8216;Nantes 2&#8217; taiminauhalla"},"content":{"rendered":"<p>Porkkanan siemeni\u00e4 siemennauhalla 4m. Helppo kasvattaa. Ei vaadi harvennusta. Keskivartinen Nantes-tyyppinen lajike. Eritt\u00e4in hyv\u00e4 s\u00e4ilyvyys. Juuret ovat sileit\u00e4, kiilt\u00e4vi\u00e4, tummanoransseja, eritt\u00e4in maukkaita eiv\u00e4tk\u00e4 halkeile. Suosii l\u00f6yh\u00e4\u00e4, humuspitoista ja hiekkaista maata.      <\/p>\n<p>&nbsp;<\/p>\n<h3>K\u00e4ytt\u00f6ohjeet<\/h3>\n<p>L\u00c4HET\u00c4. Kylv\u00f6 avomaalle touko-kes\u00e4kuussa. Kylv\u00f6syvyys 1-1,5 cm. It\u00e4misaika 2-4 viikkoa. Porkkanak\u00e4rp\u00e4sen aiheuttamien vahinkojen v\u00e4ltt\u00e4miseksi on suositeltavaa peitt\u00e4\u00e4 kasvit katteella ja kasvattaa porkkanaa joka vuosi uudessa paikassa. Suosii l\u00f6yh\u00e4\u00e4, humuspitoista ja hiekkaista maata. Istutusj\u00e4rjestelm\u00e4: riviv\u00e4li 30 cm. Toistuvat kylv\u00f6t 2-3 viikon v\u00e4lein tuottavat jatkossakin nuoria, hentoja porkkanoita. Sadonkorjuu elo-syyskuussa tai kun juurekset ovat kasvaneet haluttuun kokoon. KASVUAIKA. 115 p\u00e4iv\u00e4\u00e4.         <\/p>\n","protected":false},"excerpt":{"rendered":"<p>Porkkanan siemeni\u00e4 siemennauhalla 4m. Helppo kasvattaa. Ei vaadi harvennusta. Keskivartinen Nantes-tyyppinen lajike. Eritt\u00e4in hyv\u00e4 s\u00e4ilyvyys. Juuret ovat sileit\u00e4, kiilt\u00e4vi\u00e4, tummanoransseja, eritt\u00e4in maukkaita eiv\u00e4tk\u00e4 halkeile. Suosii l\u00f6yh\u00e4\u00e4, humuspitoista ja hiekkaista maata.      <\/p>\n","protected":false},"featured_media":42081,"template":"","meta":{"_acf_changed":false,"_seopress_robots_primary_cat":"none","_seopress_titles_title":"","_seopress_titles_desc":"","_seopress_robots_index":"","_gspb_post_css":""},"product_brand":[],"product_cat":[2392,2417,2399,2401],"product_tag":[2532],"class_list":{"0":"post-50140","1":"product","2":"type-product","3":"status-publish","4":"has-post-thumbnail","6":"product_cat-kaikki-luokat","7":"product_cat-porkkana","8":"product_cat-siemenet","9":"product_cat-vihanneksien-siemenet","10":"product_tag-siemennauha","12":"first","13":"instock","14":"taxable","15":"shipping-taxable","16":"purchasable","17":"product-type-simple"},"ct_brands":[],"acf":[],"_links":{"self":[{"href":"https:\/\/agrozone.ee\/fi\/wp-json\/wp\/v2\/product\/50140","targetHints":{"allow":["GET"]}}],"collection":[{"href":"https:\/\/agrozone.ee\/fi\/wp-json\/wp\/v2\/product"}],"about":[{"href":"https:\/\/agrozone.ee\/fi\/wp-json\/wp\/v2\/types\/product"}],"wp:featuredmedia":[{"embeddable":true,"href":"https:\/\/agrozone.ee\/fi\/wp-json\/wp\/v2\/media\/42081"}],"wp:attachment":[{"href":"https:\/\/agrozone.ee\/fi\/wp-json\/wp\/v2\/media?parent=50140"}],"wp:term":[{"taxonomy":"product_brand","embeddable":true,"href":"https:\/\/agrozone.ee\/fi\/wp-json\/wp\/v2\/product_brand?post=50140"},{"taxonomy":"product_cat","embeddable":true,"href":"https:\/\/agrozone.ee\/fi\/wp-json\/wp\/v2\/product_cat?post=50140"},{"taxonomy":"product_tag","embeddable":true,"href":"https:\/\/agrozone.ee\/fi\/wp-json\/wp\/v2\/product_tag?post=50140"}],"curies":[{"name":"wp","href":"https:\/\/api.w.org\/{rel}","templated":true}]}}