{"id":50141,"date":"2024-06-09T15:52:23","date_gmt":"2024-06-09T13:52:23","guid":{"rendered":"https:\/\/agrozone.ee\/toode\/punajuuri-kestrel-f1\/"},"modified":"2024-06-09T15:52:23","modified_gmt":"2024-06-09T13:52:23","slug":"punajuuri-kestrel-f1","status":"publish","type":"product","link":"https:\/\/agrozone.ee\/fi\/tuote\/punajuuri-kestrel-f1\/","title":{"rendered":"Punajuuri &#8216;Kestrel&#8217; F1"},"content":{"rendered":"<p>Punajuuri &#8216;Kestrel&#8217; on keskikorkea lajike, jolla on kauniit py\u00f6re\u00e4t hedelm\u00e4t. Eritt\u00e4in hyv\u00e4 maku. <\/p>\n<p>300 siement\u00e4 pakkauksessa.<\/p>\n<p>&nbsp;<\/p>\n<h3>K\u00e4ytt\u00f6ohjeet<\/h3>\n<p>KYLV\u00c4MINEN JA KASVATTAMINEN. Kylvet\u00e4\u00e4n avomaalle huhtikuun lopusta kes\u00e4kuun puoliv\u00e4liin. Kylv\u00f6syvyys 2 cm. Kylvet\u00e4\u00e4n harvaan ja harvennetaan my\u00f6hemmin. Istutusj\u00e4rjestelm\u00e4. Riviv\u00e4li 40 cm ja taimiv\u00e4li 10 cm. KASVUAIKA. Kypsyy elo-syyskuussa.       <\/p>\n","protected":false},"excerpt":{"rendered":"<p>Punajuuri &#8216;Kestrel&#8217; on keskikorkea lajike, jolla on kauniit py\u00f6re\u00e4t hedelm\u00e4t. Eritt\u00e4in hyv\u00e4 maku. <\/p>\n","protected":false},"featured_media":42436,"template":"","meta":{"_acf_changed":false,"_seopress_robots_primary_cat":"none","_seopress_titles_title":"","_seopress_titles_desc":"","_seopress_robots_index":"","_gspb_post_css":""},"product_brand":[],"product_cat":[2392,2415,2399,2401],"product_tag":[],"class_list":{"0":"post-50141","1":"product","2":"type-product","3":"status-publish","4":"has-post-thumbnail","6":"product_cat-kaikki-luokat","7":"product_cat-punajuuri","8":"product_cat-siemenet","9":"product_cat-vihanneksien-siemenet","11":"first","12":"instock","13":"taxable","14":"shipping-taxable","15":"purchasable","16":"product-type-simple"},"ct_brands":[],"acf":[],"_links":{"self":[{"href":"https:\/\/agrozone.ee\/fi\/wp-json\/wp\/v2\/product\/50141","targetHints":{"allow":["GET"]}}],"collection":[{"href":"https:\/\/agrozone.ee\/fi\/wp-json\/wp\/v2\/product"}],"about":[{"href":"https:\/\/agrozone.ee\/fi\/wp-json\/wp\/v2\/types\/product"}],"wp:featuredmedia":[{"embeddable":true,"href":"https:\/\/agrozone.ee\/fi\/wp-json\/wp\/v2\/media\/42436"}],"wp:attachment":[{"href":"https:\/\/agrozone.ee\/fi\/wp-json\/wp\/v2\/media?parent=50141"}],"wp:term":[{"taxonomy":"product_brand","embeddable":true,"href":"https:\/\/agrozone.ee\/fi\/wp-json\/wp\/v2\/product_brand?post=50141"},{"taxonomy":"product_cat","embeddable":true,"href":"https:\/\/agrozone.ee\/fi\/wp-json\/wp\/v2\/product_cat?post=50141"},{"taxonomy":"product_tag","embeddable":true,"href":"https:\/\/agrozone.ee\/fi\/wp-json\/wp\/v2\/product_tag?post=50141"}],"curies":[{"name":"wp","href":"https:\/\/api.w.org\/{rel}","templated":true}]}}