{"id":50142,"date":"2024-06-09T15:52:22","date_gmt":"2024-06-09T13:52:22","guid":{"rendered":"https:\/\/agrozone.ee\/toode\/persilja-bravour\/"},"modified":"2024-06-09T15:52:22","modified_gmt":"2024-06-09T13:52:22","slug":"persilja-bravour","status":"publish","type":"product","link":"https:\/\/agrozone.ee\/fi\/tuote\/persilja-bravour\/","title":{"rendered":"Persilja &#8216;Bravour"},"content":{"rendered":"<p>Persilja &#8216;Bravour&#8217; on matalakasvuinen kihara persilja, jolla on koristeelliset aromaattiset lehdet. Kaksivuotinen yrtti 25 cm pitk\u00e4. Lehdet ovat aromaattiset, tummanvihre\u00e4t ja kiilt\u00e4v\u00e4t. Lehdet k\u00e4ytet\u00e4\u00e4n tuoreina ruokien maustamiseen tai s\u00e4ilytet\u00e4\u00e4n j\u00e4\u00e4kaapissa talvik\u00e4ytt\u00f6\u00e4 varten.   <\/p>\n<p>Pakkauksessa &#8211; 2g<\/p>\n<p>&nbsp;<\/p>\n<h3>K\u00e4ytt\u00f6ohjeet<\/h3>\n<p>KYLV\u00c4MINEN JA KASVATTAMINEN. Kylv\u00e4 kasvihuoneeseen maaliskuussa, avomaalle huhti-lokakuussa. Kylv\u00e4 1 cm:n syvyyteen. Voidaan my\u00f6s esikasvattaa.    Huom! Siementen it\u00e4misaika on pitk\u00e4, 2-3 viikkoa.<\/p>\n","protected":false},"excerpt":{"rendered":"<p>Persilja &#8216;Bravour&#8217; on matalakasvuinen kihara persilja, jolla on koristeelliset aromaattiset lehdet. Kaksivuotinen yrtti 25 cm pitk\u00e4. Lehdet ovat aromaattiset, tummanvihre\u00e4t ja kiilt\u00e4v\u00e4t. Lehdet k\u00e4ytet\u00e4\u00e4n tuoreina ruokien maustamiseen tai s\u00e4ilytet\u00e4\u00e4n j\u00e4\u00e4kaapissa talvik\u00e4ytt\u00f6\u00e4 varten.   <\/p>\n","protected":false},"featured_media":42439,"template":"","meta":{"_acf_changed":false,"_seopress_robots_primary_cat":"none","_seopress_titles_title":"","_seopress_titles_desc":"","_seopress_robots_index":"","_gspb_post_css":""},"product_brand":[],"product_cat":[2392,2416,2399,2401],"product_tag":[],"class_list":{"0":"post-50142","1":"product","2":"type-product","3":"status-publish","4":"has-post-thumbnail","6":"product_cat-kaikki-luokat","7":"product_cat-persilja","8":"product_cat-siemenet","9":"product_cat-vihanneksien-siemenet","11":"first","12":"instock","13":"taxable","14":"shipping-taxable","15":"purchasable","16":"product-type-simple"},"ct_brands":[],"acf":[],"_links":{"self":[{"href":"https:\/\/agrozone.ee\/fi\/wp-json\/wp\/v2\/product\/50142","targetHints":{"allow":["GET"]}}],"collection":[{"href":"https:\/\/agrozone.ee\/fi\/wp-json\/wp\/v2\/product"}],"about":[{"href":"https:\/\/agrozone.ee\/fi\/wp-json\/wp\/v2\/types\/product"}],"wp:featuredmedia":[{"embeddable":true,"href":"https:\/\/agrozone.ee\/fi\/wp-json\/wp\/v2\/media\/42439"}],"wp:attachment":[{"href":"https:\/\/agrozone.ee\/fi\/wp-json\/wp\/v2\/media?parent=50142"}],"wp:term":[{"taxonomy":"product_brand","embeddable":true,"href":"https:\/\/agrozone.ee\/fi\/wp-json\/wp\/v2\/product_brand?post=50142"},{"taxonomy":"product_cat","embeddable":true,"href":"https:\/\/agrozone.ee\/fi\/wp-json\/wp\/v2\/product_cat?post=50142"},{"taxonomy":"product_tag","embeddable":true,"href":"https:\/\/agrozone.ee\/fi\/wp-json\/wp\/v2\/product_tag?post=50142"}],"curies":[{"name":"wp","href":"https:\/\/api.w.org\/{rel}","templated":true}]}}