{"id":50143,"date":"2024-06-09T15:52:23","date_gmt":"2024-06-09T13:52:23","guid":{"rendered":"https:\/\/agrozone.ee\/toode\/redis-gloriette-f1-taimien-varresta\/"},"modified":"2024-06-09T15:52:23","modified_gmt":"2024-06-09T13:52:23","slug":"redis-gloriette-f1-taimien-varresta","status":"publish","type":"product","link":"https:\/\/agrozone.ee\/fi\/tuote\/redis-gloriette-f1-taimien-varresta\/","title":{"rendered":"Redis &#8216;Gloriette F1&#8217; taimien varresta."},"content":{"rendered":"<p>Uudelleen kylv\u00f6 3 metrin kylv\u00f6riville. Helppo kasvattaa. Harvennusta ei tarvita. Varhainen lajike. Hedelm\u00e4 py\u00f6re\u00e4, kirkkaan punainen. Malto valkoinen, mehukas ja hyv\u00e4nmakuinen.      Sadonkorjuu noin 20-24 p\u00e4iv\u00e4n kuluttua kylv\u00f6st\u00e4.<\/p>\n","protected":false},"excerpt":{"rendered":"<p>Uudelleen kylv\u00f6 3 metrin kylv\u00f6riville. Helppo kasvattaa. Harvennusta ei tarvita. Varhainen lajike. Hedelm\u00e4 py\u00f6re\u00e4, kirkkaan punainen. Malto valkoinen, mehukas ja hyv\u00e4nmakuinen.      Sadonkorjuu noin 20-24 p\u00e4iv\u00e4n kuluttua kylv\u00f6st\u00e4.<\/p>\n","protected":false},"featured_media":42084,"template":"","meta":{"_acf_changed":false,"_seopress_robots_primary_cat":"none","_seopress_titles_title":"","_seopress_titles_desc":"","_seopress_robots_index":"","_gspb_post_css":""},"product_brand":[],"product_cat":[2392,2418,2399,2401],"product_tag":[2532],"class_list":{"0":"post-50143","1":"product","2":"type-product","3":"status-publish","4":"has-post-thumbnail","6":"product_cat-kaikki-luokat","7":"product_cat-retiisi","8":"product_cat-siemenet","9":"product_cat-vihanneksien-siemenet","10":"product_tag-siemennauha","12":"first","13":"instock","14":"taxable","15":"shipping-taxable","16":"purchasable","17":"product-type-simple"},"ct_brands":[],"acf":[],"_links":{"self":[{"href":"https:\/\/agrozone.ee\/fi\/wp-json\/wp\/v2\/product\/50143","targetHints":{"allow":["GET"]}}],"collection":[{"href":"https:\/\/agrozone.ee\/fi\/wp-json\/wp\/v2\/product"}],"about":[{"href":"https:\/\/agrozone.ee\/fi\/wp-json\/wp\/v2\/types\/product"}],"wp:featuredmedia":[{"embeddable":true,"href":"https:\/\/agrozone.ee\/fi\/wp-json\/wp\/v2\/media\/42084"}],"wp:attachment":[{"href":"https:\/\/agrozone.ee\/fi\/wp-json\/wp\/v2\/media?parent=50143"}],"wp:term":[{"taxonomy":"product_brand","embeddable":true,"href":"https:\/\/agrozone.ee\/fi\/wp-json\/wp\/v2\/product_brand?post=50143"},{"taxonomy":"product_cat","embeddable":true,"href":"https:\/\/agrozone.ee\/fi\/wp-json\/wp\/v2\/product_cat?post=50143"},{"taxonomy":"product_tag","embeddable":true,"href":"https:\/\/agrozone.ee\/fi\/wp-json\/wp\/v2\/product_tag?post=50143"}],"curies":[{"name":"wp","href":"https:\/\/api.w.org\/{rel}","templated":true}]}}