{"id":50146,"date":"2024-06-09T15:52:22","date_gmt":"2024-06-09T13:52:22","guid":{"rendered":"https:\/\/agrozone.ee\/toode\/persilja-gigante-ditalia-persilja-persilja\/"},"modified":"2024-06-09T15:52:22","modified_gmt":"2024-06-09T13:52:22","slug":"persilja-gigante-ditalia-persilja-persilja","status":"publish","type":"product","link":"https:\/\/agrozone.ee\/fi\/tuote\/persilja-gigante-ditalia-persilja-persilja\/","title":{"rendered":"Persilja &#8216;Gigante d`Italia&#8217; persilja persilja"},"content":{"rendered":"<p>Persilja &#8216;Gigante d&#8217;Italia&#8217; on nopeakasvuinen, sile\u00e4lehtinen lehtipersilja. Lehdet ovat sile\u00e4t, tummanvihre\u00e4t, pienet, kauniit ja yhten\u00e4iset. K\u00e4yt\u00e4 tuoreena ruokien maustamiseen tai s\u00e4ilyt\u00e4 j\u00e4\u00e4kaapissa talvik\u00e4ytt\u00f6\u00e4 varten.  <\/p>\n<p>Pakkauksessa &#8211; 2g<\/p>\n<p>&nbsp;<\/p>\n<h3>K\u00e4ytt\u00f6ohjeet<\/h3>\n<p>KYLV\u00c4MINEN JA KASVATTAMINEN. Kylv\u00e4 kasvihuoneeseen helmi-maaliskuussa ja avomaalle touko-kes\u00e4kuussa. Kylvet\u00e4\u00e4n 1 cm:n syvyyteen. Voidaan my\u00f6s esikasvattaa.    Huom! Siementen it\u00e4misaika on pitk\u00e4, 2-3 viikkoa.<\/p>\n","protected":false},"excerpt":{"rendered":"<p>Persilja &#8216;Gigante d&#8217;Italia&#8217; on nopeakasvuinen, sile\u00e4lehtinen lehtipersilja. Lehdet ovat sile\u00e4t, tummanvihre\u00e4t, pienet, kauniit ja yhten\u00e4iset. K\u00e4yt\u00e4 tuoreena ruokien maustamiseen tai s\u00e4ilyt\u00e4 j\u00e4\u00e4kaapissa talvik\u00e4ytt\u00f6\u00e4 varten.  <\/p>\n","protected":false},"featured_media":42442,"template":"","meta":{"_acf_changed":false,"_seopress_robots_primary_cat":"none","_seopress_titles_title":"","_seopress_titles_desc":"","_seopress_robots_index":"","_gspb_post_css":""},"product_brand":[],"product_cat":[2392,2416,2399,2401],"product_tag":[],"class_list":{"0":"post-50146","1":"product","2":"type-product","3":"status-publish","4":"has-post-thumbnail","6":"product_cat-kaikki-luokat","7":"product_cat-persilja","8":"product_cat-siemenet","9":"product_cat-vihanneksien-siemenet","11":"first","12":"instock","13":"taxable","14":"shipping-taxable","15":"purchasable","16":"product-type-simple"},"ct_brands":[],"acf":[],"_links":{"self":[{"href":"https:\/\/agrozone.ee\/fi\/wp-json\/wp\/v2\/product\/50146","targetHints":{"allow":["GET"]}}],"collection":[{"href":"https:\/\/agrozone.ee\/fi\/wp-json\/wp\/v2\/product"}],"about":[{"href":"https:\/\/agrozone.ee\/fi\/wp-json\/wp\/v2\/types\/product"}],"wp:featuredmedia":[{"embeddable":true,"href":"https:\/\/agrozone.ee\/fi\/wp-json\/wp\/v2\/media\/42442"}],"wp:attachment":[{"href":"https:\/\/agrozone.ee\/fi\/wp-json\/wp\/v2\/media?parent=50146"}],"wp:term":[{"taxonomy":"product_brand","embeddable":true,"href":"https:\/\/agrozone.ee\/fi\/wp-json\/wp\/v2\/product_brand?post=50146"},{"taxonomy":"product_cat","embeddable":true,"href":"https:\/\/agrozone.ee\/fi\/wp-json\/wp\/v2\/product_cat?post=50146"},{"taxonomy":"product_tag","embeddable":true,"href":"https:\/\/agrozone.ee\/fi\/wp-json\/wp\/v2\/product_tag?post=50146"}],"curies":[{"name":"wp","href":"https:\/\/api.w.org\/{rel}","templated":true}]}}