{"id":50147,"date":"2024-06-09T15:52:02","date_gmt":"2024-06-09T13:52:02","guid":{"rendered":"https:\/\/agrozone.ee\/toode\/kirsikkatomaatti-sweet-million-f1\/"},"modified":"2024-06-09T15:52:02","modified_gmt":"2024-06-09T13:52:02","slug":"kirsikkatomaatti-sweet-million-f1","status":"publish","type":"product","link":"https:\/\/agrozone.ee\/fi\/tuote\/kirsikkatomaatti-sweet-million-f1\/","title":{"rendered":"Kirsikkatomaatti &#8216;Sweet Million&#8217; F1"},"content":{"rendered":"<p>Kirsikkatomaatti &#8216;Sweet Million&#8217; F1 on eritt\u00e4in arvostettu kirsikkatomaatti, joka kasvattaa eritt\u00e4in suuria kimpun kokoisia hedelmi\u00e4, joiden hedelm\u00e4t ovat punaisia, makeita ja halkeilemattomia.<\/p>\n<p>Pakkaus 10 siement\u00e4.<\/p>\n<p>&nbsp;<\/p>\n<h3>K\u00e4ytt\u00f6ohjeet<\/h3>\n<p>Kylv\u00f6aika. Esikasvatus helmi-huhtikuussa. Istutussuunnitelma. Riviv\u00e4li 40-75 cm, taimien v\u00e4li 50-100 cm. Kasvi on pitk\u00e4 ja voimakas ja tarvitsee tukea. KASVUKAUSI. Kasvihuoneessa kasvukausi n. 110-150 p\u00e4iv\u00e4\u00e4. <\/p>\n","protected":false},"excerpt":{"rendered":"<p>Kirsikkatomaatti &#8216;Sweet Million&#8217; F1 on eritt\u00e4in arvostettu kirsikkatomaatti, joka kasvattaa eritt\u00e4in suuria kimpun kokoisia hedelmi\u00e4, joiden hedelm\u00e4t ovat punaisia, makeita ja halkeilemattomia.<\/p>\n","protected":false},"featured_media":44940,"template":"","meta":{"_acf_changed":false,"_seopress_robots_primary_cat":"","_seopress_titles_title":"","_seopress_titles_desc":"","_seopress_robots_index":"","_gspb_post_css":""},"product_brand":[],"product_cat":[2392,2399,2422,2401],"product_tag":[],"class_list":{"0":"post-50147","1":"product","2":"type-product","3":"status-publish","4":"has-post-thumbnail","6":"product_cat-kaikki-luokat","7":"product_cat-siemenet","8":"product_cat-tomaatti","9":"product_cat-vihanneksien-siemenet","11":"first","12":"instock","13":"taxable","14":"shipping-taxable","15":"purchasable","16":"product-type-simple"},"ct_brands":[],"acf":[],"_links":{"self":[{"href":"https:\/\/agrozone.ee\/fi\/wp-json\/wp\/v2\/product\/50147","targetHints":{"allow":["GET"]}}],"collection":[{"href":"https:\/\/agrozone.ee\/fi\/wp-json\/wp\/v2\/product"}],"about":[{"href":"https:\/\/agrozone.ee\/fi\/wp-json\/wp\/v2\/types\/product"}],"wp:featuredmedia":[{"embeddable":true,"href":"https:\/\/agrozone.ee\/fi\/wp-json\/wp\/v2\/media\/44940"}],"wp:attachment":[{"href":"https:\/\/agrozone.ee\/fi\/wp-json\/wp\/v2\/media?parent=50147"}],"wp:term":[{"taxonomy":"product_brand","embeddable":true,"href":"https:\/\/agrozone.ee\/fi\/wp-json\/wp\/v2\/product_brand?post=50147"},{"taxonomy":"product_cat","embeddable":true,"href":"https:\/\/agrozone.ee\/fi\/wp-json\/wp\/v2\/product_cat?post=50147"},{"taxonomy":"product_tag","embeddable":true,"href":"https:\/\/agrozone.ee\/fi\/wp-json\/wp\/v2\/product_tag?post=50147"}],"curies":[{"name":"wp","href":"https:\/\/api.w.org\/{rel}","templated":true}]}}