{"id":50148,"date":"2024-06-09T15:52:22","date_gmt":"2024-06-09T13:52:22","guid":{"rendered":"https:\/\/agrozone.ee\/toode\/porkkana-jerada-f1\/"},"modified":"2024-06-09T15:52:22","modified_gmt":"2024-06-09T13:52:22","slug":"porkkana-jerada-f1","status":"publish","type":"product","link":"https:\/\/agrozone.ee\/fi\/tuote\/porkkana-jerada-f1\/","title":{"rendered":"Porkkana &#8216;Jerada&#8217; F1"},"content":{"rendered":"<p>Varhainen Nantes-tyyppinen lajike. Pitk\u00e4t, yhten\u00e4iset, sile\u00e4t, rapeat ja miellytt\u00e4v\u00e4n makuiset porkkanat. Voidaan sy\u00f6d\u00e4 tuoreena, jalostettuna tai pakastettuna.  <\/p>\n<p>Pakkaus &#8211; 800 siement\u00e4<\/p>\n<p>&nbsp;<\/p>\n<h3>K\u00e4ytt\u00f6ohjeet<\/h3>\n<p>Kylv\u00f6n toistaminen 2-3 viikon v\u00e4lein tuottaa edelleen nuoria, hentoja porkkanoita. Porkkanak\u00e4rp\u00e4sen aiheuttamien vahinkojen v\u00e4ltt\u00e4miseksi on suositeltavaa peitt\u00e4\u00e4 kasvit suojalla ja kasvattaa porkkanat joka vuosi uudessa paikassa. Kylv\u00f6syvyys 1 cm. It\u00e4misaika on pitk\u00e4, 2-4 viikkoa. Suosii l\u00f6yh\u00e4\u00e4, humuspitoista ja hiekkaista maata. Kun kasvit ovat pieni\u00e4, poista rikkaruohot ja harventa. Voidaan j\u00e4tt\u00e4\u00e4 pellolle sadon kypsytty\u00e4 ilman, ett\u00e4 juurekset menett\u00e4v\u00e4t muotoaan tai halkeilevat. Viljelyalue: avoin pelto.       <\/p>\n","protected":false},"excerpt":{"rendered":"<p>Varhainen Nantes-tyyppinen lajike. Pitk\u00e4t, yhten\u00e4iset, sile\u00e4t, rapeat ja miellytt\u00e4v\u00e4n makuiset porkkanat. Voidaan sy\u00f6d\u00e4 tuoreena, jalostettuna tai pakastettuna.  <\/p>\n","protected":false},"featured_media":42448,"template":"","meta":{"_acf_changed":false,"_seopress_robots_primary_cat":"none","_seopress_titles_title":"","_seopress_titles_desc":"","_seopress_robots_index":"","_gspb_post_css":""},"product_brand":[],"product_cat":[2392,2417,2399,2401],"product_tag":[],"class_list":{"0":"post-50148","1":"product","2":"type-product","3":"status-publish","4":"has-post-thumbnail","6":"product_cat-kaikki-luokat","7":"product_cat-porkkana","8":"product_cat-siemenet","9":"product_cat-vihanneksien-siemenet","11":"first","12":"instock","13":"taxable","14":"shipping-taxable","15":"purchasable","16":"product-type-simple"},"ct_brands":[],"acf":[],"_links":{"self":[{"href":"https:\/\/agrozone.ee\/fi\/wp-json\/wp\/v2\/product\/50148","targetHints":{"allow":["GET"]}}],"collection":[{"href":"https:\/\/agrozone.ee\/fi\/wp-json\/wp\/v2\/product"}],"about":[{"href":"https:\/\/agrozone.ee\/fi\/wp-json\/wp\/v2\/types\/product"}],"wp:featuredmedia":[{"embeddable":true,"href":"https:\/\/agrozone.ee\/fi\/wp-json\/wp\/v2\/media\/42448"}],"wp:attachment":[{"href":"https:\/\/agrozone.ee\/fi\/wp-json\/wp\/v2\/media?parent=50148"}],"wp:term":[{"taxonomy":"product_brand","embeddable":true,"href":"https:\/\/agrozone.ee\/fi\/wp-json\/wp\/v2\/product_brand?post=50148"},{"taxonomy":"product_cat","embeddable":true,"href":"https:\/\/agrozone.ee\/fi\/wp-json\/wp\/v2\/product_cat?post=50148"},{"taxonomy":"product_tag","embeddable":true,"href":"https:\/\/agrozone.ee\/fi\/wp-json\/wp\/v2\/product_tag?post=50148"}],"curies":[{"name":"wp","href":"https:\/\/api.w.org\/{rel}","templated":true}]}}