{"id":50149,"date":"2024-06-09T15:52:02","date_gmt":"2024-06-09T13:52:02","guid":{"rendered":"https:\/\/agrozone.ee\/toode\/kurpitsa-flynn-f1\/"},"modified":"2024-06-09T15:52:02","modified_gmt":"2024-06-09T13:52:02","slug":"kurpitsa-flynn-f1","status":"publish","type":"product","link":"https:\/\/agrozone.ee\/fi\/tuote\/kurpitsa-flynn-f1\/","title":{"rendered":"Kurpitsa &#8216;Flynn&#8217; F1"},"content":{"rendered":"<p>Kurpitsa &#8216;Flynn&#8217; F1 on lajike, jolla on kauniit py\u00f6re\u00e4t oranssit hedelm\u00e4t. Hedelmien halkaisija on 20-22 cm ja paino 3,0-3,8 kg. Lajike on kohtalaisen vastustuskykyinen h\u00e4rm\u00e4sient\u00e4 vastaan.  <\/p>\n<p>5 siement\u00e4<\/p>\n<p>&nbsp;<\/p>\n<h3>K\u00e4ytt\u00f6ohjeet<\/h3>\n<p>Kylv\u00f6aika. Esikasvata taimet ja istuta ne avomaalle, kun y\u00f6pakkasvaara on ohi. Kylv\u00e4 kasvihuoneeseen toukokuun alussa. Istuta viimeisten pakkasten j\u00e4lkeen. Kastele huolellisesti ja suojaa kasvit y\u00f6pakkasilta katoksella. Kun kasvit alkavat kukkia, poista suoja. Istutusj\u00e4rjestys: 120 cm x 110 cm kasvien v\u00e4lill\u00e4. KASVUAIKA. Sato on valmis elo-syyskuussa.       <\/p>\n","protected":false},"excerpt":{"rendered":"<p>Kurpitsa &#8216;Flynn&#8217; F1 on lajike, jolla on kauniit py\u00f6re\u00e4t oranssit hedelm\u00e4t. Hedelmien halkaisija on 20-22 cm ja paino 3,0-3,8 kg. Lajike on kohtalaisen vastustuskykyinen h\u00e4rm\u00e4sient\u00e4 vastaan.  <\/p>\n","protected":false},"featured_media":44941,"template":"","meta":{"_acf_changed":false,"_seopress_robots_primary_cat":"","_seopress_titles_title":"","_seopress_titles_desc":"","_seopress_robots_index":"","_gspb_post_css":""},"product_brand":[],"product_cat":[2392,2410,2399,2401],"product_tag":[],"class_list":{"0":"post-50149","1":"product","2":"type-product","3":"status-publish","4":"has-post-thumbnail","6":"product_cat-kaikki-luokat","7":"product_cat-kurpitsa-kesakurpitsa","8":"product_cat-siemenet","9":"product_cat-vihanneksien-siemenet","11":"first","12":"instock","13":"taxable","14":"shipping-taxable","15":"purchasable","16":"product-type-simple"},"ct_brands":[],"acf":[],"_links":{"self":[{"href":"https:\/\/agrozone.ee\/fi\/wp-json\/wp\/v2\/product\/50149","targetHints":{"allow":["GET"]}}],"collection":[{"href":"https:\/\/agrozone.ee\/fi\/wp-json\/wp\/v2\/product"}],"about":[{"href":"https:\/\/agrozone.ee\/fi\/wp-json\/wp\/v2\/types\/product"}],"wp:featuredmedia":[{"embeddable":true,"href":"https:\/\/agrozone.ee\/fi\/wp-json\/wp\/v2\/media\/44941"}],"wp:attachment":[{"href":"https:\/\/agrozone.ee\/fi\/wp-json\/wp\/v2\/media?parent=50149"}],"wp:term":[{"taxonomy":"product_brand","embeddable":true,"href":"https:\/\/agrozone.ee\/fi\/wp-json\/wp\/v2\/product_brand?post=50149"},{"taxonomy":"product_cat","embeddable":true,"href":"https:\/\/agrozone.ee\/fi\/wp-json\/wp\/v2\/product_cat?post=50149"},{"taxonomy":"product_tag","embeddable":true,"href":"https:\/\/agrozone.ee\/fi\/wp-json\/wp\/v2\/product_tag?post=50149"}],"curies":[{"name":"wp","href":"https:\/\/api.w.org\/{rel}","templated":true}]}}