{"id":50150,"date":"2024-06-09T15:52:02","date_gmt":"2024-06-09T12:52:02","guid":{"rendered":"https:\/\/agrozone.ee\/toode\/kurkku-conductor-f1\/"},"modified":"2025-05-24T06:22:18","modified_gmt":"2025-05-24T04:22:18","slug":"kurkku-conductor-f1","status":"publish","type":"product","link":"https:\/\/agrozone.ee\/fi\/tuote\/kurkku-conductor-f1\/","title":{"rendered":"Kurkku &#8216;Dirigent&#8217; F1"},"content":{"rendered":"<p>Kurkku &#8216;Dirigent&#8217; F1 on keskiaikainen, itsep\u00f6lytteinen, lyhyt- ja sile\u00e4lehtinen, satoisa lajike. Hedelm\u00e4t eiv\u00e4t ole kitkeri\u00e4. Kest\u00e4\u00e4 mosaiikkitautia ja h\u00e4rm\u00e4sient\u00e4.  <\/p>\n<p>15 siement\u00e4 pakkauksessa.<\/p>\n<p>&nbsp;<\/p>\n<h3>K\u00e4ytt\u00f6ohjeet<\/h3>\n<p>Y\u00f6l\u00e4mp\u00f6tila ei saisi laskea alle 12&#8230;15 \u00b0C:n kasvukauden aikana. Esikylv\u00f6\u00e4 varten kylv\u00e4 yksi siemen jokaiseen ruukkuun 2 cm:n syvyyteen. It\u00e4misaikana l\u00e4mp\u00f6tila pidet\u00e4\u00e4n 25 \u00b0C:ssa. Kun kasvit ovat it\u00e4neet, ne altistetaan valolle ja kasvatetaan edelleen huoneenl\u00e4mm\u00f6ss\u00e4. Suosii kosteaa ja l\u00e4mmint\u00e4 kasvualustaa. Soveltuu marinointiin, hapattamiseen ja tuoreena nautittavaksi. Viljelyalue: avoin pelto.      <\/p>\n","protected":false},"excerpt":{"rendered":"<p>Kurkku &#8216;Dirigent&#8217; F1 on keskiaikainen, itsep\u00f6lytteinen, lyhyt- ja sile\u00e4lehtinen, satoisa lajike. Hedelm\u00e4t eiv\u00e4t ole kitkeri\u00e4. Kest\u00e4\u00e4 mosaiikkitautia ja h\u00e4rm\u00e4sient\u00e4.  <\/p>\n","protected":false},"featured_media":53590,"template":"","meta":{"_acf_changed":false,"_seopress_robots_primary_cat":"none","_seopress_titles_title":"","_seopress_titles_desc":"","_seopress_robots_index":"","_gspb_post_css":""},"product_brand":[],"product_cat":[2392,2409,2399,2401],"product_tag":[],"class_list":{"0":"post-50150","1":"product","2":"type-product","3":"status-publish","4":"has-post-thumbnail","6":"product_cat-kaikki-luokat","7":"product_cat-kurkku","8":"product_cat-siemenet","9":"product_cat-vihanneksien-siemenet","11":"first","12":"instock","13":"taxable","14":"shipping-taxable","15":"purchasable","16":"product-type-simple"},"ct_brands":[],"acf":[],"_links":{"self":[{"href":"https:\/\/agrozone.ee\/fi\/wp-json\/wp\/v2\/product\/50150","targetHints":{"allow":["GET"]}}],"collection":[{"href":"https:\/\/agrozone.ee\/fi\/wp-json\/wp\/v2\/product"}],"about":[{"href":"https:\/\/agrozone.ee\/fi\/wp-json\/wp\/v2\/types\/product"}],"wp:featuredmedia":[{"embeddable":true,"href":"https:\/\/agrozone.ee\/fi\/wp-json\/wp\/v2\/media\/53590"}],"wp:attachment":[{"href":"https:\/\/agrozone.ee\/fi\/wp-json\/wp\/v2\/media?parent=50150"}],"wp:term":[{"taxonomy":"product_brand","embeddable":true,"href":"https:\/\/agrozone.ee\/fi\/wp-json\/wp\/v2\/product_brand?post=50150"},{"taxonomy":"product_cat","embeddable":true,"href":"https:\/\/agrozone.ee\/fi\/wp-json\/wp\/v2\/product_cat?post=50150"},{"taxonomy":"product_tag","embeddable":true,"href":"https:\/\/agrozone.ee\/fi\/wp-json\/wp\/v2\/product_tag?post=50150"}],"curies":[{"name":"wp","href":"https:\/\/api.w.org\/{rel}","templated":true}]}}