{"id":50151,"date":"2024-06-09T15:52:02","date_gmt":"2024-06-09T13:52:02","guid":{"rendered":"https:\/\/agrozone.ee\/toode\/lehtimainen-brassica-dwarf-green-curled-kaapiovihrea-kihara\/"},"modified":"2024-06-09T15:52:02","modified_gmt":"2024-06-09T13:52:02","slug":"lehtimainen-brassica-dwarf-green-curled-kaapiovihrea-kihara","status":"publish","type":"product","link":"https:\/\/agrozone.ee\/fi\/tuote\/lehtimainen-brassica-dwarf-green-curled-kaapiovihrea-kihara\/","title":{"rendered":"Lehtim\u00e4inen Brassica `Dwarf Green Curled` (k\u00e4\u00e4pi\u00f6vihre\u00e4 kihara)"},"content":{"rendered":"<p>Lehtikaali &#8216;Dwarf Green Curled&#8217; on eritt\u00e4in koristeellinen lehtikaalilajike, jonka lehdet ovat vihre\u00e4t ja kiharat. Se on ravinteikkain kaikista kaalilajikkeista, sill\u00e4 se sis\u00e4lt\u00e4\u00e4 runsaasti proteiinia, kivenn\u00e4isaineita ja vitamiineja. <\/p>\n<p>Pakkauksessa &#8211; 0,5g<\/p>\n<p>&nbsp;<\/p>\n<h3>K\u00e4ytt\u00f6ohjeet<\/h3>\n<p>Suorakylv\u00f6 joko aikaisin kev\u00e4\u00e4ll\u00e4 tai syksyll\u00e4, jos haluat saada talven yli kest\u00e4v\u00e4n sadon. Kylv\u00e4 siemenet 6 mm:n syvyyteen 45 cm:n riviv\u00e4lein. Poimi nuoret lehdet ulkolehdist\u00e4. Alhaiset l\u00e4mp\u00f6tilat saavat lehdet muuttumaan makeammiksi ja k\u00e4pristym\u00e4\u00e4n enemm\u00e4n. Kest\u00e4\u00e4 jopa -15 \u00b0C:n l\u00e4mp\u00f6tiloja, voidaan korjata lumen alta.    <\/p>\n","protected":false},"excerpt":{"rendered":"<p>Lehtikaali &#8216;Dwarf Green Curled&#8217; on eritt\u00e4in koristeellinen lehtikaalilajike, jonka lehdet ovat vihre\u00e4t ja kiharat. Se on ravinteikkain kaikista kaalilajikkeista, sill\u00e4 se sis\u00e4lt\u00e4\u00e4 runsaasti proteiinia, kivenn\u00e4isaineita ja vitamiineja. <\/p>\n","protected":false},"featured_media":42454,"template":"","meta":{"_acf_changed":false,"_seopress_robots_primary_cat":"none","_seopress_titles_title":"","_seopress_titles_desc":"","_seopress_robots_index":"","_gspb_post_css":""},"product_brand":[],"product_cat":[2392,2408,2399,2401],"product_tag":[],"class_list":{"0":"post-50151","1":"product","2":"type-product","3":"status-publish","4":"has-post-thumbnail","6":"product_cat-kaikki-luokat","7":"product_cat-kaali","8":"product_cat-siemenet","9":"product_cat-vihanneksien-siemenet","11":"first","12":"instock","13":"taxable","14":"shipping-taxable","15":"purchasable","16":"product-type-simple"},"ct_brands":[],"acf":[],"_links":{"self":[{"href":"https:\/\/agrozone.ee\/fi\/wp-json\/wp\/v2\/product\/50151","targetHints":{"allow":["GET"]}}],"collection":[{"href":"https:\/\/agrozone.ee\/fi\/wp-json\/wp\/v2\/product"}],"about":[{"href":"https:\/\/agrozone.ee\/fi\/wp-json\/wp\/v2\/types\/product"}],"wp:featuredmedia":[{"embeddable":true,"href":"https:\/\/agrozone.ee\/fi\/wp-json\/wp\/v2\/media\/42454"}],"wp:attachment":[{"href":"https:\/\/agrozone.ee\/fi\/wp-json\/wp\/v2\/media?parent=50151"}],"wp:term":[{"taxonomy":"product_brand","embeddable":true,"href":"https:\/\/agrozone.ee\/fi\/wp-json\/wp\/v2\/product_brand?post=50151"},{"taxonomy":"product_cat","embeddable":true,"href":"https:\/\/agrozone.ee\/fi\/wp-json\/wp\/v2\/product_cat?post=50151"},{"taxonomy":"product_tag","embeddable":true,"href":"https:\/\/agrozone.ee\/fi\/wp-json\/wp\/v2\/product_tag?post=50151"}],"curies":[{"name":"wp","href":"https:\/\/api.w.org\/{rel}","templated":true}]}}