{"id":50153,"date":"2024-06-09T15:52:02","date_gmt":"2024-06-09T13:52:02","guid":{"rendered":"https:\/\/agrozone.ee\/toode\/salaatti-aficion-grand-rapids\/"},"modified":"2024-06-09T15:52:02","modified_gmt":"2024-06-09T13:52:02","slug":"salaatti-aficion-grand-rapids","status":"publish","type":"product","link":"https:\/\/agrozone.ee\/fi\/tuote\/salaatti-aficion-grand-rapids\/","title":{"rendered":"Salaatti &#8216;Aficion&#8217; Grand Rapids"},"content":{"rendered":"<p>Salaatti &#8216;Aficion&#8217; on vihre\u00e4 Batavia-tyyppinen salaatti (Ranskasta per\u00e4isin oleva j\u00e4\u00e4vuorisalaatin muoto). Vihre\u00e4t Grand Rapidi -tyyppiset mehukkaat lehdet muodostavat p\u00f6rr\u00f6isen avoimen p\u00e4\u00e4n. <\/p>\n<p>Pakkauksessa &#8211; 0,5g<\/p>\n<p>&nbsp;<\/p>\n<h3>K\u00e4ytt\u00f6ohjeet<\/h3>\n<p>KYLV\u00c4MINEN JA KASVATTAMINEN. Maalis-kes\u00e4kuu kasvihuoneessa tai suoraan avomaalle. Voidaan kylv\u00e4\u00e4 useita kertoja kes\u00e4n aikana. Kylvet\u00e4\u00e4n 1 cm:n syvyyteen. Istutusj\u00e4rjestelm\u00e4. Riviv\u00e4li 45-60 cm, 10-15 cm kasvien v\u00e4lill\u00e4. KASVUAIKA. Kasvuaika 35-50 p\u00e4iv\u00e4\u00e4.       <\/p>\n","protected":false},"excerpt":{"rendered":"<p>Salaatti &#8216;Aficion&#8217; on vihre\u00e4 Batavia-tyyppinen salaatti (Ranskasta per\u00e4isin oleva j\u00e4\u00e4vuorisalaatin muoto). Vihre\u00e4t Grand Rapidi -tyyppiset mehukkaat lehdet muodostavat p\u00f6rr\u00f6isen avoimen p\u00e4\u00e4n. <\/p>\n","protected":false},"featured_media":44942,"template":"","meta":{"_acf_changed":false,"_seopress_robots_primary_cat":"","_seopress_titles_title":"","_seopress_titles_desc":"","_seopress_robots_index":"","_gspb_post_css":""},"product_brand":[],"product_cat":[2392,2419,2399,2401],"product_tag":[],"class_list":{"0":"post-50153","1":"product","2":"type-product","3":"status-publish","4":"has-post-thumbnail","6":"product_cat-kaikki-luokat","7":"product_cat-salaatit-ja-muut","8":"product_cat-siemenet","9":"product_cat-vihanneksien-siemenet","11":"first","12":"instock","13":"taxable","14":"shipping-taxable","15":"purchasable","16":"product-type-simple"},"ct_brands":[],"acf":[],"_links":{"self":[{"href":"https:\/\/agrozone.ee\/fi\/wp-json\/wp\/v2\/product\/50153","targetHints":{"allow":["GET"]}}],"collection":[{"href":"https:\/\/agrozone.ee\/fi\/wp-json\/wp\/v2\/product"}],"about":[{"href":"https:\/\/agrozone.ee\/fi\/wp-json\/wp\/v2\/types\/product"}],"wp:featuredmedia":[{"embeddable":true,"href":"https:\/\/agrozone.ee\/fi\/wp-json\/wp\/v2\/media\/44942"}],"wp:attachment":[{"href":"https:\/\/agrozone.ee\/fi\/wp-json\/wp\/v2\/media?parent=50153"}],"wp:term":[{"taxonomy":"product_brand","embeddable":true,"href":"https:\/\/agrozone.ee\/fi\/wp-json\/wp\/v2\/product_brand?post=50153"},{"taxonomy":"product_cat","embeddable":true,"href":"https:\/\/agrozone.ee\/fi\/wp-json\/wp\/v2\/product_cat?post=50153"},{"taxonomy":"product_tag","embeddable":true,"href":"https:\/\/agrozone.ee\/fi\/wp-json\/wp\/v2\/product_tag?post=50153"}],"curies":[{"name":"wp","href":"https:\/\/api.w.org\/{rel}","templated":true}]}}