{"id":50154,"date":"2024-06-09T15:52:02","date_gmt":"2024-06-09T13:52:02","guid":{"rendered":"https:\/\/agrozone.ee\/toode\/salaattisekoitus\/"},"modified":"2024-06-09T15:52:02","modified_gmt":"2024-06-09T13:52:02","slug":"salaattisekoitus","status":"publish","type":"product","link":"https:\/\/agrozone.ee\/fi\/tuote\/salaattisekoitus\/","title":{"rendered":"Salaattisekoitus"},"content":{"rendered":"<p>Sis\u00e4lt\u00e4\u00e4 viisi erilaista salaattilajiketta, joissa on erilaisia v\u00e4rej\u00e4, muotoja ja makuja.<\/p>\n<p>Pakkausta kohti &#8211; 0,4g<\/p>\n<p>&nbsp;<\/p>\n<h3>K\u00e4ytt\u00f6ohjeet<\/h3>\n<p>Kylv\u00e4 my\u00f6h\u00e4iskev\u00e4\u00e4st\u00e4 syksyyn 3 viikon v\u00e4lein, jotta varmistat tuoreiden nuorten lehtien tasaisen saannin. Kasvaa hyvin aurinkoisessa paikassa, runsasmultaisella ja kosteahkolla, liev\u00e4sti happamalla (pH 5,8-6,5) maaper\u00e4ll\u00e4. Nuoret kasvit siet\u00e4v\u00e4t y\u00f6pakkasia jopa -5 asteeseen asti.  <\/p>\n","protected":false},"excerpt":{"rendered":"<p>Sis\u00e4lt\u00e4\u00e4 viisi erilaista salaattilajiketta, joissa on erilaisia v\u00e4rej\u00e4, muotoja ja makuja.<\/p>\n","protected":false},"featured_media":42087,"template":"","meta":{"_acf_changed":false,"_seopress_robots_primary_cat":"none","_seopress_titles_title":"","_seopress_titles_desc":"","_seopress_robots_index":"","_gspb_post_css":""},"product_brand":[],"product_cat":[2392,2419,2399,2401],"product_tag":[2532],"class_list":{"0":"post-50154","1":"product","2":"type-product","3":"status-publish","4":"has-post-thumbnail","6":"product_cat-kaikki-luokat","7":"product_cat-salaatit-ja-muut","8":"product_cat-siemenet","9":"product_cat-vihanneksien-siemenet","10":"product_tag-siemennauha","12":"first","13":"instock","14":"taxable","15":"shipping-taxable","16":"purchasable","17":"product-type-simple"},"ct_brands":[],"acf":[],"_links":{"self":[{"href":"https:\/\/agrozone.ee\/fi\/wp-json\/wp\/v2\/product\/50154","targetHints":{"allow":["GET"]}}],"collection":[{"href":"https:\/\/agrozone.ee\/fi\/wp-json\/wp\/v2\/product"}],"about":[{"href":"https:\/\/agrozone.ee\/fi\/wp-json\/wp\/v2\/types\/product"}],"wp:featuredmedia":[{"embeddable":true,"href":"https:\/\/agrozone.ee\/fi\/wp-json\/wp\/v2\/media\/42087"}],"wp:attachment":[{"href":"https:\/\/agrozone.ee\/fi\/wp-json\/wp\/v2\/media?parent=50154"}],"wp:term":[{"taxonomy":"product_brand","embeddable":true,"href":"https:\/\/agrozone.ee\/fi\/wp-json\/wp\/v2\/product_brand?post=50154"},{"taxonomy":"product_cat","embeddable":true,"href":"https:\/\/agrozone.ee\/fi\/wp-json\/wp\/v2\/product_cat?post=50154"},{"taxonomy":"product_tag","embeddable":true,"href":"https:\/\/agrozone.ee\/fi\/wp-json\/wp\/v2\/product_tag?post=50154"}],"curies":[{"name":"wp","href":"https:\/\/api.w.org\/{rel}","templated":true}]}}