{"id":50156,"date":"2024-06-09T15:52:02","date_gmt":"2024-06-09T13:52:02","guid":{"rendered":"https:\/\/agrozone.ee\/toode\/kaali-nozomi\/"},"modified":"2024-06-09T15:52:02","modified_gmt":"2024-06-09T13:52:02","slug":"kaali-nozomi","status":"publish","type":"product","link":"https:\/\/agrozone.ee\/fi\/tuote\/kaali-nozomi\/","title":{"rendered":"Kaali &#8220;Nozomi"},"content":{"rendered":"<p>Valkokaali &#8216;Nozomi&#8217; F1 on hyvin aikainen hybridi. Tuorek\u00e4ytt\u00f6\u00f6n. Ker\u00e4t ovat kirkkaanvihreit\u00e4, painavat 1-1,5 kg ja s\u00e4ilyv\u00e4t pitk\u00e4\u00e4n halkeilematta.  <\/p>\n<p>Pakkauksessa &#8211; 45 puolikasta<\/p>\n<p>&nbsp;<\/p>\n<h3>K\u00e4ytt\u00f6ohjeet<\/h3>\n<p>Kylv\u00f6aika. Kylv\u00f6 ennen istutusta maaliskuussa. Taimet istutetaan 45-60 p\u00e4iv\u00e4n kuluttua kylv\u00f6st\u00e4. KASVU. Avomaalla. KASVUAIKA. Kasvuaika sadonkorjuuseen 55-65 p\u00e4iv\u00e4\u00e4.     <\/p>\n","protected":false},"excerpt":{"rendered":"<p>Valkokaali &#8216;Nozomi&#8217; F1 on hyvin aikainen hybridi. Tuorek\u00e4ytt\u00f6\u00f6n. Ker\u00e4t ovat kirkkaanvihreit\u00e4, painavat 1-1,5 kg ja s\u00e4ilyv\u00e4t pitk\u00e4\u00e4n halkeilematta.  <\/p>\n","protected":false},"featured_media":42457,"template":"","meta":{"_acf_changed":false,"_seopress_robots_primary_cat":"none","_seopress_titles_title":"","_seopress_titles_desc":"","_seopress_robots_index":"","_gspb_post_css":""},"product_brand":[],"product_cat":[2392,2408,2399,2401],"product_tag":[],"class_list":{"0":"post-50156","1":"product","2":"type-product","3":"status-publish","4":"has-post-thumbnail","6":"product_cat-kaikki-luokat","7":"product_cat-kaali","8":"product_cat-siemenet","9":"product_cat-vihanneksien-siemenet","11":"first","12":"instock","13":"taxable","14":"shipping-taxable","15":"purchasable","16":"product-type-simple"},"ct_brands":[],"acf":[],"_links":{"self":[{"href":"https:\/\/agrozone.ee\/fi\/wp-json\/wp\/v2\/product\/50156","targetHints":{"allow":["GET"]}}],"collection":[{"href":"https:\/\/agrozone.ee\/fi\/wp-json\/wp\/v2\/product"}],"about":[{"href":"https:\/\/agrozone.ee\/fi\/wp-json\/wp\/v2\/types\/product"}],"wp:featuredmedia":[{"embeddable":true,"href":"https:\/\/agrozone.ee\/fi\/wp-json\/wp\/v2\/media\/42457"}],"wp:attachment":[{"href":"https:\/\/agrozone.ee\/fi\/wp-json\/wp\/v2\/media?parent=50156"}],"wp:term":[{"taxonomy":"product_brand","embeddable":true,"href":"https:\/\/agrozone.ee\/fi\/wp-json\/wp\/v2\/product_brand?post=50156"},{"taxonomy":"product_cat","embeddable":true,"href":"https:\/\/agrozone.ee\/fi\/wp-json\/wp\/v2\/product_cat?post=50156"},{"taxonomy":"product_tag","embeddable":true,"href":"https:\/\/agrozone.ee\/fi\/wp-json\/wp\/v2\/product_tag?post=50156"}],"curies":[{"name":"wp","href":"https:\/\/api.w.org\/{rel}","templated":true}]}}