{"id":50157,"date":"2024-06-09T15:52:01","date_gmt":"2024-06-09T13:52:01","guid":{"rendered":"https:\/\/agrozone.ee\/toode\/kirsikkatomaatti-black-cherry\/"},"modified":"2024-06-09T15:52:01","modified_gmt":"2024-06-09T13:52:01","slug":"kirsikkatomaatti-black-cherry","status":"publish","type":"product","link":"https:\/\/agrozone.ee\/fi\/tuote\/kirsikkatomaatti-black-cherry\/","title":{"rendered":"Kirsikkatomaatti &#8216;Black Cherry"},"content":{"rendered":"<p>Varhainen ja korkeakasvuinen, eritt\u00e4in rehev\u00e4 ja satoisa lajike. Hedelmi\u00e4 my\u00f6h\u00e4\u00e4n syksyyn asti. Hedelm\u00e4t ovat tumman mustanpunaisia, herk\u00e4n kuorisia, aromikkaita ja makeita. Lasten suosikki! Paino 15-25 g.    <\/p>\n<p>10 siement\u00e4<\/p>\n<p>&nbsp;<\/p>\n<h3>K\u00e4ytt\u00f6ohjeet<\/h3>\n<p>Kylv\u00f6aika. Esikasvatus helmi-huhtikuussa. KASVU. Kasvihuone.  Istutussuunnitelma. Riviv\u00e4li 40-75 cm, taimien v\u00e4li 50-100 cm. Kasvi on pitk\u00e4 ja voimakas ja tarvitsee tukea.<\/p>\n","protected":false},"excerpt":{"rendered":"<p>Varhainen ja korkeakasvuinen, eritt\u00e4in rehev\u00e4 ja satoisa lajike. Hedelmi\u00e4 my\u00f6h\u00e4\u00e4n syksyyn asti. Hedelm\u00e4t ovat tumman mustanpunaisia, herk\u00e4n kuorisia, aromikkaita ja makeita. Lasten suosikki! Paino 15-25 g.    <\/p>\n","protected":false},"featured_media":42460,"template":"","meta":{"_acf_changed":false,"_seopress_robots_primary_cat":"none","_seopress_titles_title":"","_seopress_titles_desc":"","_seopress_robots_index":"","_gspb_post_css":""},"product_brand":[],"product_cat":[2392,2399,2422,2401],"product_tag":[],"class_list":{"0":"post-50157","1":"product","2":"type-product","3":"status-publish","4":"has-post-thumbnail","6":"product_cat-kaikki-luokat","7":"product_cat-siemenet","8":"product_cat-tomaatti","9":"product_cat-vihanneksien-siemenet","11":"first","12":"instock","13":"taxable","14":"shipping-taxable","15":"purchasable","16":"product-type-simple"},"ct_brands":[],"acf":[],"_links":{"self":[{"href":"https:\/\/agrozone.ee\/fi\/wp-json\/wp\/v2\/product\/50157","targetHints":{"allow":["GET"]}}],"collection":[{"href":"https:\/\/agrozone.ee\/fi\/wp-json\/wp\/v2\/product"}],"about":[{"href":"https:\/\/agrozone.ee\/fi\/wp-json\/wp\/v2\/types\/product"}],"wp:featuredmedia":[{"embeddable":true,"href":"https:\/\/agrozone.ee\/fi\/wp-json\/wp\/v2\/media\/42460"}],"wp:attachment":[{"href":"https:\/\/agrozone.ee\/fi\/wp-json\/wp\/v2\/media?parent=50157"}],"wp:term":[{"taxonomy":"product_brand","embeddable":true,"href":"https:\/\/agrozone.ee\/fi\/wp-json\/wp\/v2\/product_brand?post=50157"},{"taxonomy":"product_cat","embeddable":true,"href":"https:\/\/agrozone.ee\/fi\/wp-json\/wp\/v2\/product_cat?post=50157"},{"taxonomy":"product_tag","embeddable":true,"href":"https:\/\/agrozone.ee\/fi\/wp-json\/wp\/v2\/product_tag?post=50157"}],"curies":[{"name":"wp","href":"https:\/\/api.w.org\/{rel}","templated":true}]}}