{"id":50158,"date":"2024-06-09T15:52:01","date_gmt":"2024-06-09T13:52:01","guid":{"rendered":"https:\/\/agrozone.ee\/toode\/kaali-globus\/"},"modified":"2024-06-09T15:52:01","modified_gmt":"2024-06-09T13:52:01","slug":"kaali-globus","status":"publish","type":"product","link":"https:\/\/agrozone.ee\/fi\/tuote\/kaali-globus\/","title":{"rendered":"Kaali &#8216;Globus&#8217;"},"content":{"rendered":"<p>Kaali &#8216;Globus&#8217; on aikainen py\u00f6re\u00e4 kaalilajike. Sen kuori on kellanvihre\u00e4, ja sen sis\u00e4puoli on voimakkaan keltainen. S\u00e4ilyy hyvin.  <\/p>\n<p>4g<\/p>\n<p>&nbsp;<\/p>\n<h3>K\u00e4ytt\u00f6ohjeet<\/h3>\n<p>Kylv\u00f6n toistaminen 2-3 viikon v\u00e4lein tuottaa edelleen herkullisia vihanneksia. Kylv\u00f6syvyys 1 cm. Siet\u00e4\u00e4 huonosti maaper\u00e4\u00e4, mutta suosii savimaata. Tarvitsee runsaasti kastelua ja lannoitusta. Kaalik\u00e4rp\u00e4sen aiheuttamien vahinkojen v\u00e4ltt\u00e4miseksi on suositeltavaa peitt\u00e4\u00e4 kasvit suojalla. Kasvupaikka: avoin pelto.     <\/p>\n","protected":false},"excerpt":{"rendered":"<p>Kaali &#8216;Globus&#8217; on aikainen py\u00f6re\u00e4 kaalilajike. Sen kuori on kellanvihre\u00e4, ja sen sis\u00e4puoli on voimakkaan keltainen. S\u00e4ilyy hyvin.  <\/p>\n","protected":false},"featured_media":42469,"template":"","meta":{"_acf_changed":false,"_seopress_robots_primary_cat":"none","_seopress_titles_title":"","_seopress_titles_desc":"","_seopress_robots_index":"","_gspb_post_css":""},"product_brand":[],"product_cat":[2407,2392,2399,2401],"product_tag":[],"class_list":{"0":"post-50158","1":"product","2":"type-product","3":"status-publish","4":"has-post-thumbnail","6":"product_cat-lanttu","7":"product_cat-kaikki-luokat","8":"product_cat-siemenet","9":"product_cat-vihanneksien-siemenet","11":"first","12":"instock","13":"taxable","14":"shipping-taxable","15":"purchasable","16":"product-type-simple"},"ct_brands":[],"acf":[],"_links":{"self":[{"href":"https:\/\/agrozone.ee\/fi\/wp-json\/wp\/v2\/product\/50158","targetHints":{"allow":["GET"]}}],"collection":[{"href":"https:\/\/agrozone.ee\/fi\/wp-json\/wp\/v2\/product"}],"about":[{"href":"https:\/\/agrozone.ee\/fi\/wp-json\/wp\/v2\/types\/product"}],"wp:featuredmedia":[{"embeddable":true,"href":"https:\/\/agrozone.ee\/fi\/wp-json\/wp\/v2\/media\/42469"}],"wp:attachment":[{"href":"https:\/\/agrozone.ee\/fi\/wp-json\/wp\/v2\/media?parent=50158"}],"wp:term":[{"taxonomy":"product_brand","embeddable":true,"href":"https:\/\/agrozone.ee\/fi\/wp-json\/wp\/v2\/product_brand?post=50158"},{"taxonomy":"product_cat","embeddable":true,"href":"https:\/\/agrozone.ee\/fi\/wp-json\/wp\/v2\/product_cat?post=50158"},{"taxonomy":"product_tag","embeddable":true,"href":"https:\/\/agrozone.ee\/fi\/wp-json\/wp\/v2\/product_tag?post=50158"}],"curies":[{"name":"wp","href":"https:\/\/api.w.org\/{rel}","templated":true}]}}