{"id":50160,"date":"2024-06-09T15:50:35","date_gmt":"2024-06-09T13:50:35","guid":{"rendered":"https:\/\/agrozone.ee\/toode\/kasvihuonekalvo-24x10m-24m%c2%b2\/"},"modified":"2024-06-09T15:50:35","modified_gmt":"2024-06-09T13:50:35","slug":"kasvihuonekalvo-24x10m-24m%c2%b2","status":"publish","type":"product","link":"https:\/\/agrozone.ee\/fi\/tuote\/kasvihuonekalvo-24x10m-24m%c2%b2\/","title":{"rendered":"Kasvihuonekalvo 2,4x10m, 24m\u00b2"},"content":{"rendered":"<p>Kasvihuonekalvo, pienpakkaus 2,4 x 10 m, 24 m\u00b2.<\/p>\n<p>&nbsp;<\/p>\n<h3>K\u00e4ytt\u00f6ohjeet<\/h3>\n<p>Kalvo on ultraviolettis\u00e4teily\u00e4 kest\u00e4v\u00e4 ja sill\u00e4 on eritt\u00e4in hyv\u00e4 valonl\u00e4p\u00e4isykyky.<\/p>\n","protected":false},"excerpt":{"rendered":"<p>Kasvihuonekalvo, pienpakkaus 2,4 x 10 m, 24 m\u00b2.<\/p>\n","protected":false},"featured_media":49273,"template":"","meta":{"_acf_changed":false,"_seopress_robots_primary_cat":"none","_seopress_titles_title":"","_seopress_titles_desc":"","_seopress_robots_index":"","_gspb_post_css":""},"product_brand":[],"product_cat":[2392,2450,2448],"product_tag":[],"class_list":{"0":"post-50160","1":"product","2":"type-product","3":"status-publish","4":"has-post-thumbnail","6":"product_cat-kaikki-luokat","7":"product_cat-kasvihuonekalvot","8":"product_cat-kasvinsuojelukankaat-ja-maanpeitekankaat","10":"first","11":"instock","12":"taxable","13":"shipping-taxable","14":"purchasable","15":"product-type-simple"},"ct_brands":[],"acf":[],"_links":{"self":[{"href":"https:\/\/agrozone.ee\/fi\/wp-json\/wp\/v2\/product\/50160","targetHints":{"allow":["GET"]}}],"collection":[{"href":"https:\/\/agrozone.ee\/fi\/wp-json\/wp\/v2\/product"}],"about":[{"href":"https:\/\/agrozone.ee\/fi\/wp-json\/wp\/v2\/types\/product"}],"wp:featuredmedia":[{"embeddable":true,"href":"https:\/\/agrozone.ee\/fi\/wp-json\/wp\/v2\/media\/49273"}],"wp:attachment":[{"href":"https:\/\/agrozone.ee\/fi\/wp-json\/wp\/v2\/media?parent=50160"}],"wp:term":[{"taxonomy":"product_brand","embeddable":true,"href":"https:\/\/agrozone.ee\/fi\/wp-json\/wp\/v2\/product_brand?post=50160"},{"taxonomy":"product_cat","embeddable":true,"href":"https:\/\/agrozone.ee\/fi\/wp-json\/wp\/v2\/product_cat?post=50160"},{"taxonomy":"product_tag","embeddable":true,"href":"https:\/\/agrozone.ee\/fi\/wp-json\/wp\/v2\/product_tag?post=50160"}],"curies":[{"name":"wp","href":"https:\/\/api.w.org\/{rel}","templated":true}]}}