{"id":50162,"date":"2024-06-09T15:50:13","date_gmt":"2024-06-09T12:50:13","guid":{"rendered":"https:\/\/agrozone.ee\/toode\/myyraverkko-2x10m\/"},"modified":"2024-06-09T15:50:13","modified_gmt":"2024-06-09T13:50:13","slug":"myyraverkko-2x10m","status":"publish","type":"product","link":"https:\/\/agrozone.ee\/fi\/tuote\/myyraverkko-2x10m\/","title":{"rendered":"Myyr\u00e4verkko 2\u00d710m"},"content":{"rendered":"<p>Myyr\u00e4verkko on varmin tapa est\u00e4\u00e4 myyrien aiheuttamat vahingot nurmikolla. Verkko asennetaan maaper\u00e4\u00e4n ennen nurmikon perustamista ja se suojaa erinomaisesti pihanurmea, leikki- ja golfkentti\u00e4. Erikoistekniikalla valmistettu polypropeenista tehty myyr\u00e4verkko on eritt\u00e4in vahva ja kest\u00e4\u00e4 v\u00e4hint\u00e4\u00e4n 8 vuotta.  <\/p>\n<p>&nbsp;<\/p>\n<h3>K\u00e4ytt\u00f6ohjeet<\/h3>\n<p>Kiinnit\u00e4 verkko maanpintaan ja levit\u00e4 sen p\u00e4\u00e4lle noin 10 cm paksuinen hiekkamultakerros. Kylv\u00e4 nurmikko tavalliseen tapaan tiivist\u00e4en maa mielell\u00e4\u00e4n nurmikkojyr\u00e4ll\u00e4. Olemassa olevan nurmikon kohdalla poista pintakerros, asenna verkko ja istuta paakut yksinkertaisesti takaisin. Anna verkolle liitoskohdissa 10-15 cm:n limitys. Kiinnit\u00e4 reunat ja limitykset muovi- tai metalliklipseill\u00e4. Istutuspenkkien, puiden ja teiden reunoille asenna verkko L-muotoisesti. Kasvien istuttamiseksi verkolla peitetylle alueelle leikkaa verkkoon istutuskohdassa X-muotoinen aukko. Kiinnit\u00e4 reunat istutuksen j\u00e4lkeen klipseill\u00e4.       <\/p>\n","protected":false},"excerpt":{"rendered":"<p>Myyr\u00e4verkko on varmin tapa est\u00e4\u00e4 myyrien aiheuttamat vahingot nurmikolla. Verkko asennetaan maaper\u00e4\u00e4n ennen nurmikon perustamista ja se suojaa erinomaisesti pihanurmea, leikki- ja golfkentti\u00e4. Erikoistekniikalla valmistettu polypropeenista tehty myyr\u00e4verkko on eritt\u00e4in vahva ja kest\u00e4\u00e4 v\u00e4hint\u00e4\u00e4n 8 vuotta.  <\/p>\n","protected":false},"featured_media":44934,"template":"","meta":{"_acf_changed":false,"_seopress_robots_primary_cat":"","_seopress_titles_title":"","_seopress_titles_desc":"","_seopress_robots_index":"","_gspb_post_css":""},"product_brand":[],"product_cat":[2392,2448,2455],"product_tag":[],"class_list":{"0":"post-50162","1":"product","2":"type-product","3":"status-publish","4":"has-post-thumbnail","6":"product_cat-kaikki-luokat","7":"product_cat-kasvinsuojelukankaat-ja-maanpeitekankaat","8":"product_cat-myyra-ja-janisverkko","9":"product_shipping_class-ei-mahdu-automaattiin","11":"first","12":"outofstock","13":"taxable","14":"shipping-taxable","15":"purchasable","16":"product-type-simple"},"ct_brands":[],"acf":[],"_links":{"self":[{"href":"https:\/\/agrozone.ee\/fi\/wp-json\/wp\/v2\/product\/50162","targetHints":{"allow":["GET"]}}],"collection":[{"href":"https:\/\/agrozone.ee\/fi\/wp-json\/wp\/v2\/product"}],"about":[{"href":"https:\/\/agrozone.ee\/fi\/wp-json\/wp\/v2\/types\/product"}],"wp:featuredmedia":[{"embeddable":true,"href":"https:\/\/agrozone.ee\/fi\/wp-json\/wp\/v2\/media\/44934"}],"wp:attachment":[{"href":"https:\/\/agrozone.ee\/fi\/wp-json\/wp\/v2\/media?parent=50162"}],"wp:term":[{"taxonomy":"product_brand","embeddable":true,"href":"https:\/\/agrozone.ee\/fi\/wp-json\/wp\/v2\/product_brand?post=50162"},{"taxonomy":"product_cat","embeddable":true,"href":"https:\/\/agrozone.ee\/fi\/wp-json\/wp\/v2\/product_cat?post=50162"},{"taxonomy":"product_tag","embeddable":true,"href":"https:\/\/agrozone.ee\/fi\/wp-json\/wp\/v2\/product_tag?post=50162"}],"curies":[{"name":"wp","href":"https:\/\/api.w.org\/{rel}","templated":true}]}}