{"id":50163,"date":"2024-06-09T15:50:13","date_gmt":"2024-06-09T12:50:13","guid":{"rendered":"https:\/\/agrozone.ee\/toode\/juurieste-minirulla-065x35m\/"},"modified":"2024-06-09T15:50:13","modified_gmt":"2024-06-09T13:50:13","slug":"juurieste-minirulla-065x35m","status":"publish","type":"product","link":"https:\/\/agrozone.ee\/fi\/tuote\/juurieste-minirulla-065x35m\/","title":{"rendered":"Juurieste minirulla 0,65&#215;3,5m"},"content":{"rendered":"<p><strong>Juurieste minirulla 0,65&#215;3,5m<\/strong><\/p>\n<ul>\n<li>Juurieste on erityinen j\u00e4ykk\u00e4 kaksikerroksinen toiselta puolelta laminoitu materiaali, joka on tehokas ratkaisu juurten est\u00e4miseen.<\/li>\n<li>T\u00e4m\u00e4 materiaali ei lahoa eik\u00e4 m\u00e4t\u00e4ne, tarjoaa erinomaisen suojan sienitauteja ja sieni\u00e4 vastaan ja kest\u00e4\u00e4 maaper\u00e4ss\u00e4 olevia happoja tai em\u00e4ksi\u00e4.<\/li>\n<li>K\u00e4ytt\u00f6kohteesta riippuen kest\u00e4\u00e4 5-6 vuotta.<\/li>\n<li>Juuriestett\u00e4 k\u00e4ytet\u00e4\u00e4n helposti juurivesoilla levi\u00e4vien kasvien, kuten vadelman, kurtturuusun, syreenien, bambujen, maa-artisokan, piparmintun, iiristen, j\u00e4ttitatarin, kanadanpiiskun ja syysasterin, lumimarjan, rantakukon, hanhikin, kielojen ym. levi\u00e4misen est\u00e4miseen naapurin puutarhaan, nurmikolle tai muuhun ei-toivottuun paikkaan.<\/li>\n<li>Se sopii eritt\u00e4in hyvin puiden \u2013 kirsikoiden, luumujen, haapojen, leppien, jalavien jne. \u2013 juurten sivusuuntaisen levi\u00e4misen est\u00e4miseen rakennusten l\u00e4hell\u00e4, jalkak\u00e4yt\u00e4vien, py\u00f6r\u00e4teiden jne. varrella ja turvepuutarhan rakentamisessa.<\/li>\n<\/ul>\n<h4>K\u00e4ytt\u00f6ohjeet<\/h4>\n<ul>\n<li>Kaiva tarvittavan kokoinen istutuskuoppa tai -oja.<\/li>\n<li>Puhdista istutuskuoppa tai -oja juurista, kivist\u00e4 ja tarpeettomasta maaper\u00e4st\u00e4.<\/li>\n<li>Aseta juurieste istutuskuoppaan tai ojaan.<\/li>\n<li>Sile\u00e4, laminoitu pinta on asetettava sen kasvin puolelle, jonka juurten levi\u00e4misen haluat est\u00e4\u00e4.<\/li>\n<li><span data-olk-copy-source=\"MessageBody\">Juuriestett\u00e4 jatketaan v\u00e4hint\u00e4\u00e4n 10 cm:n limityksell\u00e4. <\/span><\/li>\n<li><span data-olk-copy-source=\"MessageBody\">Liimaamiseen voidaan k\u00e4ytt\u00e4\u00e4 kaksipuolista teippi\u00e4.<\/span><\/li>\n<li>J\u00e4t\u00e4 pieni reuna (noin 2 cm) maanpinnan yl\u00e4puolelle est\u00e4m\u00e4\u00e4n juurten levi\u00e4mist\u00e4 maanpinnan kautta.<\/li>\n<\/ul>\n<p>2,275 m2<\/p>\n","protected":false},"excerpt":{"rendered":"<ul>\n<li>Juurieste on erityinen j\u00e4ykk\u00e4 kaksikerroksinen toiselta puolelta laminoitu materiaali, joka on tehokas ratkaisu juurten est\u00e4miseen.<\/li>\n<li>T\u00e4m\u00e4 materiaali ei lahoa eik\u00e4 m\u00e4t\u00e4ne, tarjoaa erinomaisen suojan sienitauteja ja sieni\u00e4 vastaan ja kest\u00e4\u00e4 maaper\u00e4ss\u00e4 olevia happoja tai em\u00e4ksi\u00e4.<\/li>\n<li>K\u00e4ytt\u00f6kohteesta riippuen kest\u00e4\u00e4 5-6 vuotta.<\/li>\n<li>Juuriestett\u00e4 k\u00e4ytet\u00e4\u00e4n helposti juurivesoilla levi\u00e4vien kasvien, kuten vadelman, kurtturuusun, syreenien, bambujen, maa-artisokan, piparmintun, iiristen, j\u00e4ttitatarin, kanadanpiiskun ja syysasterin, lumimarjan, rantakukon, hanhikin, kielojen ym. levi\u00e4misen est\u00e4miseen naapurin puutarhaan, nurmikolle tai muuhun ei-toivottuun paikkaan.<\/li>\n<\/ul>\n","protected":false},"featured_media":44931,"template":"","meta":{"_acf_changed":false,"_seopress_robots_primary_cat":"none","_seopress_titles_title":"","_seopress_titles_desc":"Juurieste on erityinen j\u00e4ykk\u00e4 kaksikerroksinen toiselta puolelta laminoitu materiaali, joka on tehokas ratkaisu juurten est\u00e4miseen.","_seopress_robots_index":"","_gspb_post_css":""},"product_brand":[],"product_cat":[2449,2392,2448],"product_tag":[],"class_list":{"0":"post-50163","1":"product","2":"type-product","3":"status-publish","4":"has-post-thumbnail","6":"product_cat-juurinesto","7":"product_cat-kaikki-luokat","8":"product_cat-kasvinsuojelukankaat-ja-maanpeitekankaat","9":"product_shipping_class-ei-mahdu-automaattiin","11":"first","12":"instock","13":"taxable","14":"shipping-taxable","15":"purchasable","16":"product-type-simple"},"ct_brands":[],"acf":[],"_links":{"self":[{"href":"https:\/\/agrozone.ee\/fi\/wp-json\/wp\/v2\/product\/50163","targetHints":{"allow":["GET"]}}],"collection":[{"href":"https:\/\/agrozone.ee\/fi\/wp-json\/wp\/v2\/product"}],"about":[{"href":"https:\/\/agrozone.ee\/fi\/wp-json\/wp\/v2\/types\/product"}],"wp:featuredmedia":[{"embeddable":true,"href":"https:\/\/agrozone.ee\/fi\/wp-json\/wp\/v2\/media\/44931"}],"wp:attachment":[{"href":"https:\/\/agrozone.ee\/fi\/wp-json\/wp\/v2\/media?parent=50163"}],"wp:term":[{"taxonomy":"product_brand","embeddable":true,"href":"https:\/\/agrozone.ee\/fi\/wp-json\/wp\/v2\/product_brand?post=50163"},{"taxonomy":"product_cat","embeddable":true,"href":"https:\/\/agrozone.ee\/fi\/wp-json\/wp\/v2\/product_cat?post=50163"},{"taxonomy":"product_tag","embeddable":true,"href":"https:\/\/agrozone.ee\/fi\/wp-json\/wp\/v2\/product_tag?post=50163"}],"curies":[{"name":"wp","href":"https:\/\/api.w.org\/{rel}","templated":true}]}}