{"id":50164,"date":"2024-06-09T15:50:13","date_gmt":"2024-06-09T13:50:13","guid":{"rendered":"https:\/\/agrozone.ee\/toode\/kateharso-16x20m-32m%c2%b2\/"},"modified":"2024-06-09T15:50:13","modified_gmt":"2024-06-09T13:50:13","slug":"kateharso-16x20m-32m%c2%b2","status":"publish","type":"product","link":"https:\/\/agrozone.ee\/fi\/tuote\/kateharso-16x20m-32m%c2%b2\/","title":{"rendered":"Kateharso 1,6x20m, 32m\u00b2"},"content":{"rendered":"<p>Kateharsoa k\u00e4ytet\u00e4\u00e4n sadon alkamisen nopeuttamiseen, y\u00f6pakkasten suojaukseen ja tuholaisten torjuntaan. Kateharso suojaa y\u00f6pakkasilta, nostaa maan ja ilman l\u00e4mp\u00f6tilaa, v\u00e4hent\u00e4\u00e4 tuulen aiheuttamia vaurioita ja suojaa linnuilta ja riistael\u00e4imilt\u00e4. Kateharsolla on eritt\u00e4in hyv\u00e4 valonl\u00e4p\u00e4isykyky, se l\u00e4p\u00e4isee 90 % valosta kasveille. Kateharso on painoltaan eritt\u00e4in kevyt ja suojaa hell\u00e4varaisesti vahingoittamatta hentoja, nuoria versoja ja kasvua. Ultraviolettis\u00e4teily\u00e4 kest\u00e4v\u00e4 materiaalirakenne antaa pitk\u00e4aikaisen suojan. Harso l\u00e4p\u00e4isee kosteutta ja hengitt\u00e4\u00e4. Harso on helppo asentaa k\u00e4sin.      <\/p>\n<p>&nbsp;<\/p>\n<h3>K\u00e4ytt\u00f6ohjeet<\/h3>\n<p>Kateharso on polypropeenikuiduista valmistettu eritt\u00e4in kevyt kangas, jota k\u00e4ytet\u00e4\u00e4n porkkanoiden, lanttujen, sipulien, mansikoiden, varhaisperunan ja kylm\u00e4narkaisten viljelykasvien peitt\u00e4miseen. Kateharso levitet\u00e4\u00e4n suoraan kasvavan kasvillisuuden p\u00e4\u00e4lle, eik\u00e4 se vaadi mit\u00e4\u00e4n tukirakenteita. Reunoilta se kiinnitet\u00e4\u00e4n p\u00e4\u00e4asiassa mullalla, mutta my\u00f6s hiekkas\u00e4keill\u00e4, vedell\u00e4 t\u00e4ytetyill\u00e4 letkuilla, harjater\u00e4ksill\u00e4 tms. Kateharso tulee asentaa l\u00f6yh\u00e4sti, j\u00e4tt\u00e4en riitt\u00e4v\u00e4sti tilaa kasvien kasvulle. Reunojen kiinnitt\u00e4miseen tarvittava kaistale on my\u00f6s otettava huomioon. Kateharso on poistettava mansikoilta ja kurkuilta kukinnan ajaksi.     <\/p>\n","protected":false},"excerpt":{"rendered":"<p>Kateharsoa k\u00e4ytet\u00e4\u00e4n sadon alkamisen nopeuttamiseen, y\u00f6pakkasten suojaukseen ja tuholaisten torjuntaan. Kateharso suojaa y\u00f6pakkasilta, nostaa maan ja ilman l\u00e4mp\u00f6tilaa, v\u00e4hent\u00e4\u00e4 tuulen aiheuttamia vaurioita ja suojaa linnuilta ja riistael\u00e4imilt\u00e4. Kateharsolla on eritt\u00e4in hyv\u00e4 valonl\u00e4p\u00e4isykyky, se l\u00e4p\u00e4isee 90 % valosta kasveille. Kateharso on painoltaan eritt\u00e4in kevyt ja suojaa hell\u00e4varaisesti vahingoittamatta hentoja, nuoria versoja ja kasvua. Ultraviolettis\u00e4teily\u00e4 kest\u00e4v\u00e4 materiaalirakenne antaa pitk\u00e4aikaisen suojan. Harso l\u00e4p\u00e4isee kosteutta ja hengitt\u00e4\u00e4. Harso on helppo asentaa k\u00e4sin.      <\/p>\n","protected":false},"featured_media":45823,"template":"","meta":{"_acf_changed":false,"_seopress_robots_primary_cat":"none","_seopress_titles_title":"","_seopress_titles_desc":"","_seopress_robots_index":"","_gspb_post_css":""},"product_brand":[],"product_cat":[2392,2448,2452],"product_tag":[],"class_list":{"0":"post-50164","1":"product","2":"type-product","3":"status-publish","4":"has-post-thumbnail","6":"product_cat-kaikki-luokat","7":"product_cat-kasvinsuojelukankaat-ja-maanpeitekankaat","8":"product_cat-maatalouskangas","10":"first","11":"instock","12":"taxable","13":"shipping-taxable","14":"purchasable","15":"product-type-simple"},"ct_brands":[],"acf":[],"_links":{"self":[{"href":"https:\/\/agrozone.ee\/fi\/wp-json\/wp\/v2\/product\/50164","targetHints":{"allow":["GET"]}}],"collection":[{"href":"https:\/\/agrozone.ee\/fi\/wp-json\/wp\/v2\/product"}],"about":[{"href":"https:\/\/agrozone.ee\/fi\/wp-json\/wp\/v2\/types\/product"}],"wp:featuredmedia":[{"embeddable":true,"href":"https:\/\/agrozone.ee\/fi\/wp-json\/wp\/v2\/media\/45823"}],"wp:attachment":[{"href":"https:\/\/agrozone.ee\/fi\/wp-json\/wp\/v2\/media?parent=50164"}],"wp:term":[{"taxonomy":"product_brand","embeddable":true,"href":"https:\/\/agrozone.ee\/fi\/wp-json\/wp\/v2\/product_brand?post=50164"},{"taxonomy":"product_cat","embeddable":true,"href":"https:\/\/agrozone.ee\/fi\/wp-json\/wp\/v2\/product_cat?post=50164"},{"taxonomy":"product_tag","embeddable":true,"href":"https:\/\/agrozone.ee\/fi\/wp-json\/wp\/v2\/product_tag?post=50164"}],"curies":[{"name":"wp","href":"https:\/\/api.w.org\/{rel}","templated":true}]}}