{"id":50165,"date":"2024-06-09T15:50:13","date_gmt":"2024-06-09T13:50:13","guid":{"rendered":"https:\/\/agrozone.ee\/toode\/kateharso-32x10m-17g-m%c2%b2-32m%c2%b2\/"},"modified":"2024-06-09T15:50:13","modified_gmt":"2024-06-09T13:50:13","slug":"kateharso-32x10m-17g-m%c2%b2-32m%c2%b2","status":"publish","type":"product","link":"https:\/\/agrozone.ee\/fi\/tuote\/kateharso-32x10m-17g-m%c2%b2-32m%c2%b2\/","title":{"rendered":"Kateharso 3,2x10m, 17g\/m\u00b2, 32m\u00b2"},"content":{"rendered":"<ul>\n<li>Kateharsoa k\u00e4ytet\u00e4\u00e4n sadon alkamisen nopeuttamiseen, y\u00f6pakkasten suojaukseen ja tuholaisten torjuntaan.<\/li>\n<li>Kateharso suojaa y\u00f6pakkasilta, nostaa maan ja ilman l\u00e4mp\u00f6tilaa, v\u00e4hent\u00e4\u00e4 tuulen aiheuttamia vaurioita ja suojaa linnuilta ja riistael\u00e4imilt\u00e4.<\/li>\n<li>Kateharsolla on eritt\u00e4in hyv\u00e4 valonl\u00e4p\u00e4isykyky, se l\u00e4p\u00e4isee 90 % valosta kasveille.<\/li>\n<li>Kateharso on painoltaan eritt\u00e4in kevyt ja suojaa hell\u00e4varaisesti vahingoittamatta hentoja, nuoria versoja ja kasvua.<\/li>\n<li>Ultraviolettis\u00e4teily\u00e4 kest\u00e4v\u00e4 materiaalirakenne antaa pitk\u00e4aikaisen suojan.<\/li>\n<li>Harso l\u00e4p\u00e4isee kosteutta ja hengitt\u00e4\u00e4.<\/li>\n<li>Harso on helppo asentaa k\u00e4sin.<\/li>\n<\/ul>\n<h3>K\u00e4ytt\u00f6ohjeet<\/h3>\n<ul>\n<li>Kateharso on polypropeenikuiduista valmistettu eritt\u00e4in kevyt kangas, jota k\u00e4ytet\u00e4\u00e4n porkkanoiden, lanttujen, sipulien, mansikoiden, varhaisperunan ja kylm\u00e4narkaisten viljelykasvien peitt\u00e4miseen.<\/li>\n<li>Kateharso levitet\u00e4\u00e4n suoraan kasvavan kasvillisuuden p\u00e4\u00e4lle, eik\u00e4 se vaadi mit\u00e4\u00e4n tukirakenteita.<\/li>\n<li>Reunoilta se kiinnitet\u00e4\u00e4n p\u00e4\u00e4asiassa mullalla, mutta my\u00f6s hiekkas\u00e4keill\u00e4, vedell\u00e4 t\u00e4ytetyill\u00e4 letkuilla, harjater\u00e4ksill\u00e4 tms.<\/li>\n<li>Kateharso tulee asentaa l\u00f6yh\u00e4sti, j\u00e4tt\u00e4en riitt\u00e4v\u00e4sti tilaa kasvien kasvulle.<\/li>\n<li>Reunojen kiinnitt\u00e4miseen tarvittava kaistale on my\u00f6s otettava huomioon.<\/li>\n<li>Kateharso on poistettava mansikoilta ja kurkuilta kukinnan ajaksi.<\/li>\n<\/ul>\n","protected":false},"excerpt":{"rendered":"<ul>\n<li>Kateharsoa k\u00e4ytet\u00e4\u00e4n sadon alkamisen nopeuttamiseen, y\u00f6pakkasten suojaukseen ja tuholaisten torjuntaan.<\/li>\n<li>Kateharso suojaa y\u00f6pakkasilta, nostaa maan ja ilman l\u00e4mp\u00f6tilaa, v\u00e4hent\u00e4\u00e4 tuulen aiheuttamia vaurioita ja suojaa linnuilta ja riistael\u00e4imilt\u00e4.<\/li>\n<li>Kateharsolla on eritt\u00e4in hyv\u00e4 valonl\u00e4p\u00e4isykyky, se l\u00e4p\u00e4isee 90 % valosta kasveille.<\/li>\n<li>Kateharso on painoltaan eritt\u00e4in kevyt ja suojaa hell\u00e4varaisesti vahingoittamatta hentoja, nuoria versoja ja kasvua.<\/li>\n<li>Ultraviolettis\u00e4teily\u00e4 kest\u00e4v\u00e4 materiaalirakenne antaa pitk\u00e4aikaisen suojan.<\/li>\n<li>Harso l\u00e4p\u00e4isee kosteutta ja hengitt\u00e4\u00e4.<\/li>\n<li>Harso on helppo asentaa k\u00e4sin.<\/li>\n<\/ul>\n","protected":false},"featured_media":45094,"template":"","meta":{"_acf_changed":false,"_seopress_robots_primary_cat":"none","_seopress_titles_title":"","_seopress_titles_desc":"Kateharsoa k\u00e4ytet\u00e4\u00e4n sadon alkamisen nopeuttamiseen, y\u00f6pakkasten suojaukseen ja tuholaisten torjuntaan. Harso l\u00e4p\u00e4isee kosteutta ja hengitt\u00e4\u00e4.","_seopress_robots_index":"","_gspb_post_css":""},"product_brand":[],"product_cat":[2392,2448,2452],"product_tag":[],"class_list":{"0":"post-50165","1":"product","2":"type-product","3":"status-publish","4":"has-post-thumbnail","6":"product_cat-kaikki-luokat","7":"product_cat-kasvinsuojelukankaat-ja-maanpeitekankaat","8":"product_cat-maatalouskangas","10":"first","11":"instock","12":"taxable","13":"shipping-taxable","14":"purchasable","15":"product-type-simple"},"ct_brands":[],"acf":[],"_links":{"self":[{"href":"https:\/\/agrozone.ee\/fi\/wp-json\/wp\/v2\/product\/50165","targetHints":{"allow":["GET"]}}],"collection":[{"href":"https:\/\/agrozone.ee\/fi\/wp-json\/wp\/v2\/product"}],"about":[{"href":"https:\/\/agrozone.ee\/fi\/wp-json\/wp\/v2\/types\/product"}],"wp:featuredmedia":[{"embeddable":true,"href":"https:\/\/agrozone.ee\/fi\/wp-json\/wp\/v2\/media\/45094"}],"wp:attachment":[{"href":"https:\/\/agrozone.ee\/fi\/wp-json\/wp\/v2\/media?parent=50165"}],"wp:term":[{"taxonomy":"product_brand","embeddable":true,"href":"https:\/\/agrozone.ee\/fi\/wp-json\/wp\/v2\/product_brand?post=50165"},{"taxonomy":"product_cat","embeddable":true,"href":"https:\/\/agrozone.ee\/fi\/wp-json\/wp\/v2\/product_cat?post=50165"},{"taxonomy":"product_tag","embeddable":true,"href":"https:\/\/agrozone.ee\/fi\/wp-json\/wp\/v2\/product_tag?post=50165"}],"curies":[{"name":"wp","href":"https:\/\/api.w.org\/{rel}","templated":true}]}}