{"id":50166,"date":"2024-06-09T15:50:13","date_gmt":"2024-06-09T13:50:13","guid":{"rendered":"https:\/\/agrozone.ee\/toode\/kylmasuoja-valkoinen-geotekstiili-2x5m-10m%c2%b2-200g-m%c2%b2\/"},"modified":"2024-06-09T15:50:13","modified_gmt":"2024-06-09T13:50:13","slug":"kylmasuoja-valkoinen-geotekstiili-2x5m-10m%c2%b2-200g-m%c2%b2","status":"publish","type":"product","link":"https:\/\/agrozone.ee\/fi\/tuote\/kylmasuoja-valkoinen-geotekstiili-2x5m-10m%c2%b2-200g-m%c2%b2\/","title":{"rendered":"Kylm\u00e4suoja \/ valkoinen geotekstiili 2x5m, 10m\u00b2, 200g\/m\u00b2"},"content":{"rendered":"<p>Kylm\u00e4suoja suojaa kylm\u00e4narkoja pensaita, koriste- ja havupuita, ruusupensaita, alppiruusuja, perennoja, k\u00f6ynn\u00f6skasveja ja yrttej\u00e4 talvella kylm\u00e4lt\u00e4 ja kev\u00e4\u00e4ll\u00e4 auringon aiheuttamilta vaurioilta.<\/p>\n<p>&nbsp;<\/p>\n<h3>K\u00e4ytt\u00f6ohjeet<\/h3>\n<p>Peite asetetaan kasveille pysyvien pakkasten saapuessa ja poistetaan maanpinnan sulamisen j\u00e4lkeen. Herkkien kasvien kohdalla on tarpeen tukea. Kangas l\u00e4p\u00e4isee ilmaa ja suojaa kasveja taudeilta. Kasvien poistamisen j\u00e4lkeen kangas kuivataan ja s\u00e4ilytet\u00e4\u00e4n seuraavaan talveen asti.   <\/p>\n","protected":false},"excerpt":{"rendered":"<p>Kylm\u00e4suoja suojaa kylm\u00e4narkoja pensaita, koriste- ja havupuita, ruusupensaita, alppiruusuja, perennoja, k\u00f6ynn\u00f6skasveja ja yrttej\u00e4 talvella kylm\u00e4lt\u00e4 ja kev\u00e4\u00e4ll\u00e4 auringon aiheuttamilta vaurioilta.<\/p>\n","protected":false},"featured_media":44929,"template":"","meta":{"_acf_changed":false,"_seopress_robots_primary_cat":"none","_seopress_titles_title":"","_seopress_titles_desc":"","_seopress_robots_index":"","_gspb_post_css":""},"product_brand":[],"product_cat":[2392,2448,2458],"product_tag":[],"class_list":{"0":"post-50166","1":"product","2":"type-product","3":"status-publish","4":"has-post-thumbnail","6":"product_cat-kaikki-luokat","7":"product_cat-kasvinsuojelukankaat-ja-maanpeitekankaat","8":"product_cat-talvisuojat","9":"product_shipping_class-ei-mahdu-automaattiin","11":"first","12":"outofstock","13":"taxable","14":"shipping-taxable","15":"purchasable","16":"product-type-simple"},"ct_brands":[],"acf":[],"_links":{"self":[{"href":"https:\/\/agrozone.ee\/fi\/wp-json\/wp\/v2\/product\/50166","targetHints":{"allow":["GET"]}}],"collection":[{"href":"https:\/\/agrozone.ee\/fi\/wp-json\/wp\/v2\/product"}],"about":[{"href":"https:\/\/agrozone.ee\/fi\/wp-json\/wp\/v2\/types\/product"}],"wp:featuredmedia":[{"embeddable":true,"href":"https:\/\/agrozone.ee\/fi\/wp-json\/wp\/v2\/media\/44929"}],"wp:attachment":[{"href":"https:\/\/agrozone.ee\/fi\/wp-json\/wp\/v2\/media?parent=50166"}],"wp:term":[{"taxonomy":"product_brand","embeddable":true,"href":"https:\/\/agrozone.ee\/fi\/wp-json\/wp\/v2\/product_brand?post=50166"},{"taxonomy":"product_cat","embeddable":true,"href":"https:\/\/agrozone.ee\/fi\/wp-json\/wp\/v2\/product_cat?post=50166"},{"taxonomy":"product_tag","embeddable":true,"href":"https:\/\/agrozone.ee\/fi\/wp-json\/wp\/v2\/product_tag?post=50166"}],"curies":[{"name":"wp","href":"https:\/\/api.w.org\/{rel}","templated":true}]}}