{"id":50167,"date":"2024-06-09T15:54:33","date_gmt":"2024-06-09T13:54:33","guid":{"rendered":"https:\/\/agrozone.ee\/toode\/hopeavillakko-new-look\/"},"modified":"2024-06-09T15:54:33","modified_gmt":"2024-06-09T13:54:33","slug":"hopeavillakko-new-look","status":"publish","type":"product","link":"https:\/\/agrozone.ee\/fi\/tuote\/hopeavillakko-new-look\/","title":{"rendered":"Hopeavillakko New Look"},"content":{"rendered":"<p><strong>Hopeavillakko New Look<\/strong><\/p>\n<ul>\n<li>Tehokas hopeanharmaalla lehdist\u00f6ll\u00e4 varustettu koristeellinen kausikasvi.<\/li>\n<li>Korkeus: 25 cm.<\/li>\n<li>Kasvatetaan kukkapenkeiss\u00e4, parvekelaatikoissa, terassiruukuissa ja hautausmailla.<\/li>\n<li>Huopay\u00f6kk\u00f6nen &#8216;New Look&#8217; on erityisen kaunis yhdess\u00e4 kirkasv\u00e4risten kes\u00e4kukkien kanssa.<\/li>\n<li>S\u00e4ilytt\u00e4\u00e4 koristeellisuutensa my\u00f6s ensimm\u00e4isten y\u00f6pakkasten j\u00e4lkeen.<\/li>\n<\/ul>\n<p>Pakkauksessa &#8211; 100 siement\u00e4<\/p>\n<h4>K\u00e4ytt\u00f6ohjeet<\/h4>\n<ul>\n<li>Kasvaa hyvin sek\u00e4 aurinkoisella ett\u00e4 puolivarjoisella kasvupaikalla, eik\u00e4 ole maaper\u00e4n suhteen vaativa.<\/li>\n<li>Huom! Kylv\u00e4misen helpottamiseksi siemenet on rakeistettu.<\/li>\n<li>Kylvetyt siemenet peitet\u00e4\u00e4n vermikuliitilla.<\/li>\n<\/ul>\n","protected":false},"excerpt":{"rendered":"<ul>\n<li>Tehokas hopeanharmaalla lehdist\u00f6ll\u00e4 varustettu koristeellinen kausikasvi.<\/li>\n<li>Korkeus: 25 cm.<\/li>\n<li>Kasvatetaan kukkapenkeiss\u00e4, parvekelaatikoissa, terassiruukuissa ja hautausmailla.<\/li>\n<li>Huopay\u00f6kk\u00f6nen &#8216;New Look&#8217; on erityisen kaunis yhdess\u00e4 kirkasv\u00e4risten kes\u00e4kukkien kanssa.<\/li>\n<li>S\u00e4ilytt\u00e4\u00e4 koristeellisuutensa my\u00f6s ensimm\u00e4isten y\u00f6pakkasten j\u00e4lkeen.<\/li>\n<\/ul>\n","protected":false},"featured_media":42201,"template":"","meta":{"_acf_changed":false,"_seopress_robots_primary_cat":"none","_seopress_titles_title":"","_seopress_titles_desc":"Huopay\u00f6kk\u00f6nen &#039;New Look&#039; - Tehokkaalla hopeanharmaalla lehdist\u00f6ll\u00e4 varustettu koristeellinen kausikasvi. Korkeus: 25 cm. S\u00e4ilytt\u00e4\u00e4 koristeellisuutensa my\u00f6s ensimm\u00e4isten y\u00f6pakkasten j\u00e4lkeen.  ","_seopress_robots_index":"","_gspb_post_css":""},"product_brand":[],"product_cat":[2443,2392,2423,2399],"product_tag":[],"class_list":{"0":"post-50167","1":"product","2":"type-product","3":"status-publish","4":"has-post-thumbnail","6":"product_cat-hopeavillakko","7":"product_cat-kaikki-luokat","8":"product_cat-kukkien-siemenet","9":"product_cat-siemenet","11":"first","12":"instock","13":"taxable","14":"shipping-taxable","15":"purchasable","16":"product-type-simple"},"ct_brands":[],"acf":[],"_links":{"self":[{"href":"https:\/\/agrozone.ee\/fi\/wp-json\/wp\/v2\/product\/50167","targetHints":{"allow":["GET"]}}],"collection":[{"href":"https:\/\/agrozone.ee\/fi\/wp-json\/wp\/v2\/product"}],"about":[{"href":"https:\/\/agrozone.ee\/fi\/wp-json\/wp\/v2\/types\/product"}],"wp:featuredmedia":[{"embeddable":true,"href":"https:\/\/agrozone.ee\/fi\/wp-json\/wp\/v2\/media\/42201"}],"wp:attachment":[{"href":"https:\/\/agrozone.ee\/fi\/wp-json\/wp\/v2\/media?parent=50167"}],"wp:term":[{"taxonomy":"product_brand","embeddable":true,"href":"https:\/\/agrozone.ee\/fi\/wp-json\/wp\/v2\/product_brand?post=50167"},{"taxonomy":"product_cat","embeddable":true,"href":"https:\/\/agrozone.ee\/fi\/wp-json\/wp\/v2\/product_cat?post=50167"},{"taxonomy":"product_tag","embeddable":true,"href":"https:\/\/agrozone.ee\/fi\/wp-json\/wp\/v2\/product_tag?post=50167"}],"curies":[{"name":"wp","href":"https:\/\/api.w.org\/{rel}","templated":true}]}}