{"id":50168,"date":"2024-06-09T15:54:34","date_gmt":"2024-06-09T12:54:34","guid":{"rendered":"https:\/\/agrozone.ee\/toode\/kasvihuonekalvo-24x150m\/"},"modified":"2024-06-09T15:54:34","modified_gmt":"2024-06-09T13:54:34","slug":"kasvihuonekalvo-24x150m","status":"publish","type":"product","link":"https:\/\/agrozone.ee\/fi\/tuote\/kasvihuonekalvo-24x150m\/","title":{"rendered":"Kasvihuonekalvo 2,4x150m"},"content":{"rendered":"<p>Kasvihuonekalvo leveys 2,4\u00d7150 m, 360 m\u00b2, paksuus 0,120 mm.<\/p>\n<p>&nbsp;<\/p>\n<h3>K\u00e4ytt\u00f6ohjeet<\/h3>\n<p>Kalvo on ultraviolettis\u00e4teily\u00e4 kest\u00e4v\u00e4 ja sill\u00e4 on eritt\u00e4in hyv\u00e4 valonl\u00e4p\u00e4isykyky.<\/p>\n<p>&nbsp;<\/p>\n<h3>Pakkaus<\/h3>\n<p>360 m2<\/p>\n","protected":false},"excerpt":{"rendered":"<p>Kasvihuonekalvo leveys 2,4\u00d7150 m, 360 m\u00b2, paksuus 0,120 mm.<\/p>\n","protected":false},"featured_media":44967,"template":"","meta":{"_acf_changed":false,"_seopress_robots_primary_cat":"","_seopress_titles_title":"","_seopress_titles_desc":"","_seopress_robots_index":"","_gspb_post_css":""},"product_brand":[],"product_cat":[2392,2450,2448],"product_tag":[],"class_list":{"0":"post-50168","1":"product","2":"type-product","3":"status-publish","4":"has-post-thumbnail","6":"product_cat-kaikki-luokat","7":"product_cat-kasvihuonekalvot","8":"product_cat-kasvinsuojelukankaat-ja-maanpeitekankaat","9":"product_shipping_class-ei-mahdu-automaattiin","11":"first","12":"onbackorder","13":"taxable","14":"shipping-taxable","15":"purchasable","16":"product-type-simple"},"ct_brands":[],"acf":[],"_links":{"self":[{"href":"https:\/\/agrozone.ee\/fi\/wp-json\/wp\/v2\/product\/50168","targetHints":{"allow":["GET"]}}],"collection":[{"href":"https:\/\/agrozone.ee\/fi\/wp-json\/wp\/v2\/product"}],"about":[{"href":"https:\/\/agrozone.ee\/fi\/wp-json\/wp\/v2\/types\/product"}],"wp:featuredmedia":[{"embeddable":true,"href":"https:\/\/agrozone.ee\/fi\/wp-json\/wp\/v2\/media\/44967"}],"wp:attachment":[{"href":"https:\/\/agrozone.ee\/fi\/wp-json\/wp\/v2\/media?parent=50168"}],"wp:term":[{"taxonomy":"product_brand","embeddable":true,"href":"https:\/\/agrozone.ee\/fi\/wp-json\/wp\/v2\/product_brand?post=50168"},{"taxonomy":"product_cat","embeddable":true,"href":"https:\/\/agrozone.ee\/fi\/wp-json\/wp\/v2\/product_cat?post=50168"},{"taxonomy":"product_tag","embeddable":true,"href":"https:\/\/agrozone.ee\/fi\/wp-json\/wp\/v2\/product_tag?post=50168"}],"curies":[{"name":"wp","href":"https:\/\/api.w.org\/{rel}","templated":true}]}}