{"id":50169,"date":"2024-06-09T15:54:33","date_gmt":"2024-06-09T13:54:33","guid":{"rendered":"https:\/\/agrozone.ee\/toode\/hopeavillakko-silverdust\/"},"modified":"2024-06-09T15:54:33","modified_gmt":"2024-06-09T13:54:33","slug":"hopeavillakko-silverdust","status":"publish","type":"product","link":"https:\/\/agrozone.ee\/fi\/tuote\/hopeavillakko-silverdust\/","title":{"rendered":"Hopeavillakko \u2018Silverdust\u2019"},"content":{"rendered":"<p>Tehokas pitsim\u00e4isell\u00e4 hopeanharmaalla lehdist\u00f6ll\u00e4 varustettu koristeellinen kausikasvi. Korkeus: 25 cm. Kasvatetaan kukkapenkeiss\u00e4, parvekelaatikoissa, terassiruukuissa ja hautausmailla. Erityisen kaunis yhdess\u00e4 kirkasv\u00e4risten kes\u00e4kukkien kanssa. S\u00e4ilytt\u00e4\u00e4 koristeellisuutensa my\u00f6s ensimm\u00e4isten y\u00f6pakkasten j\u00e4lkeen.<\/p>\n<p>Pakkauksessa &#8211; 100 siement\u00e4<\/p>\n<p>&nbsp;<\/p>\n<h3>K\u00e4ytt\u00f6ohjeet<\/h3>\n<p>Kasvaa hyvin sek\u00e4 aurinkoisella ett\u00e4 puolivarjoisella kasvupaikalla, eik\u00e4 ole maaper\u00e4n suhteen vaativa. Huom! Kylv\u00e4misen helpottamiseksi siemenet on rakeistettu. Kylvetyt siemenet peitet\u00e4\u00e4n vermikuliitilla. <\/p>\n","protected":false},"excerpt":{"rendered":"<p>Tehokas pitsim\u00e4isell\u00e4 hopeanharmaalla lehdist\u00f6ll\u00e4 varustettu koristeellinen kausikasvi. Korkeus: 25 cm. Kasvatetaan kukkapenkeiss\u00e4, parvekelaatikoissa, terassiruukuissa ja hautausmailla. Erityisen kaunis yhdess\u00e4 kirkasv\u00e4risten kes\u00e4kukkien kanssa. S\u00e4ilytt\u00e4\u00e4 koristeellisuutensa my\u00f6s ensimm\u00e4isten y\u00f6pakkasten j\u00e4lkeen.<\/p>\n","protected":false},"featured_media":42204,"template":"","meta":{"_acf_changed":false,"_seopress_robots_primary_cat":"none","_seopress_titles_title":"","_seopress_titles_desc":"","_seopress_robots_index":"","_gspb_post_css":""},"product_brand":[],"product_cat":[2443,2392,2423,2399],"product_tag":[],"class_list":{"0":"post-50169","1":"product","2":"type-product","3":"status-publish","4":"has-post-thumbnail","6":"product_cat-hopeavillakko","7":"product_cat-kaikki-luokat","8":"product_cat-kukkien-siemenet","9":"product_cat-siemenet","11":"first","12":"instock","13":"taxable","14":"shipping-taxable","15":"purchasable","16":"product-type-simple"},"ct_brands":[],"acf":[],"_links":{"self":[{"href":"https:\/\/agrozone.ee\/fi\/wp-json\/wp\/v2\/product\/50169","targetHints":{"allow":["GET"]}}],"collection":[{"href":"https:\/\/agrozone.ee\/fi\/wp-json\/wp\/v2\/product"}],"about":[{"href":"https:\/\/agrozone.ee\/fi\/wp-json\/wp\/v2\/types\/product"}],"wp:featuredmedia":[{"embeddable":true,"href":"https:\/\/agrozone.ee\/fi\/wp-json\/wp\/v2\/media\/42204"}],"wp:attachment":[{"href":"https:\/\/agrozone.ee\/fi\/wp-json\/wp\/v2\/media?parent=50169"}],"wp:term":[{"taxonomy":"product_brand","embeddable":true,"href":"https:\/\/agrozone.ee\/fi\/wp-json\/wp\/v2\/product_brand?post=50169"},{"taxonomy":"product_cat","embeddable":true,"href":"https:\/\/agrozone.ee\/fi\/wp-json\/wp\/v2\/product_cat?post=50169"},{"taxonomy":"product_tag","embeddable":true,"href":"https:\/\/agrozone.ee\/fi\/wp-json\/wp\/v2\/product_tag?post=50169"}],"curies":[{"name":"wp","href":"https:\/\/api.w.org\/{rel}","templated":true}]}}