{"id":50170,"date":"2024-06-09T15:54:33","date_gmt":"2024-06-09T12:54:33","guid":{"rendered":"https:\/\/agrozone.ee\/toode\/muovitunneli-metallikaarilla\/"},"modified":"2024-06-09T15:54:33","modified_gmt":"2024-06-09T13:54:33","slug":"muovitunneli-metallikaarilla","status":"publish","type":"product","link":"https:\/\/agrozone.ee\/fi\/tuote\/muovitunneli-metallikaarilla\/","title":{"rendered":"Muovitunneli metallikaarilla"},"content":{"rendered":"<p>Muovitunneli nopeuttaa kasvien kasvua pit\u00e4m\u00e4ll\u00e4 yll\u00e4 l\u00e4mp\u00f6tilaa ja kosteutta sek\u00e4 suojaa hetkellisilt\u00e4 s\u00e4\u00e4olosuhteilta.<\/p>\n<p>0,6mx0,45x3m<\/p>\n<p>&nbsp;<\/p>\n<h3>K\u00e4ytt\u00f6ohjeet<\/h3>\n<p>Metallikaarilla varustettu muovitunneli soveltuu erinomaisesti kylm\u00e4narkaisten kasvien kasvatukseen kev\u00e4\u00e4ll\u00e4. Se pit\u00e4\u00e4 l\u00e4mp\u00f6tilan tasaisempana ja suojaa kasveja. <\/p>\n","protected":false},"excerpt":{"rendered":"<p>Muovitunneli nopeuttaa kasvien kasvua pit\u00e4m\u00e4ll\u00e4 yll\u00e4 l\u00e4mp\u00f6tilaa ja kosteutta sek\u00e4 suojaa hetkellisilt\u00e4 s\u00e4\u00e4olosuhteilta.<\/p>\n","protected":false},"featured_media":44962,"template":"","meta":{"_acf_changed":false,"_seopress_robots_primary_cat":"","_seopress_titles_title":"","_seopress_titles_desc":"","_seopress_robots_index":"","_seopress_analysis_target_kw":"Muovitunneli metallikaarilla","_gspb_post_css":""},"product_brand":[],"product_cat":[2392,2450,2448],"product_tag":[],"class_list":{"0":"post-50170","1":"product","2":"type-product","3":"status-publish","4":"has-post-thumbnail","6":"product_cat-kaikki-luokat","7":"product_cat-kasvihuonekalvot","8":"product_cat-kasvinsuojelukankaat-ja-maanpeitekankaat","9":"product_shipping_class-ei-mahdu-automaattiin","11":"first","12":"instock","13":"taxable","14":"shipping-taxable","15":"purchasable","16":"product-type-simple"},"ct_brands":[],"acf":[],"_links":{"self":[{"href":"https:\/\/agrozone.ee\/fi\/wp-json\/wp\/v2\/product\/50170","targetHints":{"allow":["GET"]}}],"collection":[{"href":"https:\/\/agrozone.ee\/fi\/wp-json\/wp\/v2\/product"}],"about":[{"href":"https:\/\/agrozone.ee\/fi\/wp-json\/wp\/v2\/types\/product"}],"wp:featuredmedia":[{"embeddable":true,"href":"https:\/\/agrozone.ee\/fi\/wp-json\/wp\/v2\/media\/44962"}],"wp:attachment":[{"href":"https:\/\/agrozone.ee\/fi\/wp-json\/wp\/v2\/media?parent=50170"}],"wp:term":[{"taxonomy":"product_brand","embeddable":true,"href":"https:\/\/agrozone.ee\/fi\/wp-json\/wp\/v2\/product_brand?post=50170"},{"taxonomy":"product_cat","embeddable":true,"href":"https:\/\/agrozone.ee\/fi\/wp-json\/wp\/v2\/product_cat?post=50170"},{"taxonomy":"product_tag","embeddable":true,"href":"https:\/\/agrozone.ee\/fi\/wp-json\/wp\/v2\/product_tag?post=50170"}],"curies":[{"name":"wp","href":"https:\/\/api.w.org\/{rel}","templated":true}]}}