{"id":50174,"date":"2024-06-09T15:53:52","date_gmt":"2024-06-09T13:53:52","guid":{"rendered":"https:\/\/agrozone.ee\/toode\/tsinnia-giant-wine\/"},"modified":"2024-06-09T15:53:52","modified_gmt":"2024-06-09T13:53:52","slug":"tsinnia-giant-wine","status":"publish","type":"product","link":"https:\/\/agrozone.ee\/fi\/tuote\/tsinnia-giant-wine\/","title":{"rendered":"Tsinnia \u2018Giant Wine\u2019"},"content":{"rendered":"<p>Upea leikkaus- ja leikkokukka! Suuret tumman purppuranvioletit kerrotut kukat, joiden l\u00e4pimitta on 10-12 cm, houkuttelevat perhosia. Vahvat pitk\u00e4t varret. Korkeus: 100 cm.  <\/p>\n<p>Pakkaus &#8211; 30 siement\u00e4<\/p>\n<p>&nbsp;<\/p>\n<h3>K\u00e4ytt\u00f6ohjeet<\/h3>\n<p>Suosii aurinkoista, l\u00e4mmint\u00e4 ja tuulelta suojattua kasvupaikkaa, runsasravinteista mutta kevytt\u00e4, vett\u00e4 l\u00e4p\u00e4isev\u00e4\u00e4 maaper\u00e4\u00e4. Kylm\u00e4narka! <\/p>\n","protected":false},"excerpt":{"rendered":"<p>Upea leikkaus- ja leikkokukka! Suuret tumman purppuranvioletit kerrotut kukat, joiden l\u00e4pimitta on 10-12 cm, houkuttelevat perhosia. Vahvat pitk\u00e4t varret. Korkeus: 100 cm.  <\/p>\n","protected":false},"featured_media":42250,"template":"","meta":{"_acf_changed":false,"_seopress_robots_primary_cat":"none","_seopress_titles_title":"","_seopress_titles_desc":"","_seopress_robots_index":"","_gspb_post_css":""},"product_brand":[],"product_cat":[2392,2423,2399,2433],"product_tag":[],"class_list":{"0":"post-50174","1":"product","2":"type-product","3":"status-publish","4":"has-post-thumbnail","6":"product_cat-kaikki-luokat","7":"product_cat-kukkien-siemenet","8":"product_cat-siemenet","9":"product_cat-tsinnia","11":"first","12":"instock","13":"taxable","14":"shipping-taxable","15":"purchasable","16":"product-type-simple"},"ct_brands":[],"acf":[],"_links":{"self":[{"href":"https:\/\/agrozone.ee\/fi\/wp-json\/wp\/v2\/product\/50174","targetHints":{"allow":["GET"]}}],"collection":[{"href":"https:\/\/agrozone.ee\/fi\/wp-json\/wp\/v2\/product"}],"about":[{"href":"https:\/\/agrozone.ee\/fi\/wp-json\/wp\/v2\/types\/product"}],"wp:featuredmedia":[{"embeddable":true,"href":"https:\/\/agrozone.ee\/fi\/wp-json\/wp\/v2\/media\/42250"}],"wp:attachment":[{"href":"https:\/\/agrozone.ee\/fi\/wp-json\/wp\/v2\/media?parent=50174"}],"wp:term":[{"taxonomy":"product_brand","embeddable":true,"href":"https:\/\/agrozone.ee\/fi\/wp-json\/wp\/v2\/product_brand?post=50174"},{"taxonomy":"product_cat","embeddable":true,"href":"https:\/\/agrozone.ee\/fi\/wp-json\/wp\/v2\/product_cat?post=50174"},{"taxonomy":"product_tag","embeddable":true,"href":"https:\/\/agrozone.ee\/fi\/wp-json\/wp\/v2\/product_tag?post=50174"}],"curies":[{"name":"wp","href":"https:\/\/api.w.org\/{rel}","templated":true}]}}