{"id":50182,"date":"2024-06-09T15:52:45","date_gmt":"2024-06-09T13:52:45","guid":{"rendered":"https:\/\/agrozone.ee\/toode\/rukola\/"},"modified":"2024-06-09T15:52:45","modified_gmt":"2024-06-09T13:52:45","slug":"rukola","status":"publish","type":"product","link":"https:\/\/agrozone.ee\/fi\/tuote\/rukola\/","title":{"rendered":"Rukola"},"content":{"rendered":"<p>Kukkakaali on yksivuotinen pitk\u00e4 salaatti- ja yrttikasvi. Mehukkaat lehdet voi sy\u00f6d\u00e4 raakana tai h\u00f6yrytettyn\u00e4. Niit\u00e4 k\u00e4ytet\u00e4\u00e4n koristeena, salaateissa, keitoissa ja liharuokien maustamiseen. Lehdiss\u00e4 on runsaasti vitamiineja, kivenn\u00e4isaineita, hivenaineita ja muita hy\u00f6dyllisi\u00e4 aineita. Kylv\u00e4 apilaa useassa vaiheessa, jotta nuoria tuoreita lehti\u00e4 on aina saatavilla.    <\/p>\n<p>Pakkauksessa &#8211; 1g<\/p>\n<p>&nbsp;<\/p>\n<h3>K\u00e4ytt\u00f6ohjeet<\/h3>\n<p>Ruista voidaan kasvattaa sis\u00e4ll\u00e4 ikkunalaudalla, kasvihuoneessa tai ulkona. Siemenet it\u00e4v\u00e4t nopeasti ja kasvi kasvaa nopeasti. Ensimm\u00e4iset lehdet voidaan nyppi\u00e4 kolme-nelj\u00e4 viikkoa kylv\u00f6n j\u00e4lkeen. Avomaalla voit kylv\u00e4\u00e4 porkkanaa 2-3 viikon v\u00e4lein, jotta varmistat nuorten tuoreiden lehtien jatkuvan saannin. Porkkana ei ole kovin vaativa kasvuolosuhteiden suhteen: se kasvaa sek\u00e4 aurinkoisilla ett\u00e4 puolivarjoisilla paikoilla.    <\/p>\n","protected":false},"excerpt":{"rendered":"<p>Kukkakaali on yksivuotinen pitk\u00e4 salaatti- ja yrttikasvi. Mehukkaat lehdet voi sy\u00f6d\u00e4 raakana tai h\u00f6yrytettyn\u00e4. Niit\u00e4 k\u00e4ytet\u00e4\u00e4n koristeena, salaateissa, keitoissa ja liharuokien maustamiseen. Lehdiss\u00e4 on runsaasti vitamiineja, kivenn\u00e4isaineita, hivenaineita ja muita hy\u00f6dyllisi\u00e4 aineita. Kylv\u00e4 apilaa useassa vaiheessa, jotta nuoria tuoreita lehti\u00e4 on aina saatavilla.    <\/p>\n","protected":false},"featured_media":42066,"template":"","meta":{"_acf_changed":false,"_seopress_robots_primary_cat":"none","_seopress_titles_title":"","_seopress_titles_desc":"","_seopress_robots_index":"","_gspb_post_css":""},"product_brand":[],"product_cat":[2392,2419,2399,2401],"product_tag":[],"class_list":{"0":"post-50182","1":"product","2":"type-product","3":"status-publish","4":"has-post-thumbnail","6":"product_cat-kaikki-luokat","7":"product_cat-salaatit-ja-muut","8":"product_cat-siemenet","9":"product_cat-vihanneksien-siemenet","11":"first","12":"instock","13":"taxable","14":"shipping-taxable","15":"purchasable","16":"product-type-simple"},"ct_brands":[],"acf":[],"_links":{"self":[{"href":"https:\/\/agrozone.ee\/fi\/wp-json\/wp\/v2\/product\/50182","targetHints":{"allow":["GET"]}}],"collection":[{"href":"https:\/\/agrozone.ee\/fi\/wp-json\/wp\/v2\/product"}],"about":[{"href":"https:\/\/agrozone.ee\/fi\/wp-json\/wp\/v2\/types\/product"}],"wp:featuredmedia":[{"embeddable":true,"href":"https:\/\/agrozone.ee\/fi\/wp-json\/wp\/v2\/media\/42066"}],"wp:attachment":[{"href":"https:\/\/agrozone.ee\/fi\/wp-json\/wp\/v2\/media?parent=50182"}],"wp:term":[{"taxonomy":"product_brand","embeddable":true,"href":"https:\/\/agrozone.ee\/fi\/wp-json\/wp\/v2\/product_brand?post=50182"},{"taxonomy":"product_cat","embeddable":true,"href":"https:\/\/agrozone.ee\/fi\/wp-json\/wp\/v2\/product_cat?post=50182"},{"taxonomy":"product_tag","embeddable":true,"href":"https:\/\/agrozone.ee\/fi\/wp-json\/wp\/v2\/product_tag?post=50182"}],"curies":[{"name":"wp","href":"https:\/\/api.w.org\/{rel}","templated":true}]}}