{"id":50183,"date":"2024-06-09T15:52:45","date_gmt":"2024-06-09T13:52:45","guid":{"rendered":"https:\/\/agrozone.ee\/toode\/salaattisipuli-totem\/"},"modified":"2024-06-09T15:52:45","modified_gmt":"2024-06-09T13:52:45","slug":"salaattisipuli-totem","status":"publish","type":"product","link":"https:\/\/agrozone.ee\/fi\/tuote\/salaattisipuli-totem\/","title":{"rendered":"Salaattisipuli &#8216;Totem"},"content":{"rendered":"<p>Salaattisipulilla &#8216;Totem&#8217; on tummanvihre\u00e4t pystyyn nousevat lehdet, eritt\u00e4in tasainen kasvu ja se kest\u00e4\u00e4 k\u00e4rkien ruskettumista. Maku on pehme\u00e4 kuin nuorella sipulilla. <\/p>\n<p>Pakkauksessa &#8211; 500 siement\u00e4<\/p>\n<p>&nbsp;<\/p>\n<h3>K\u00e4ytt\u00f6ohjeet<\/h3>\n<p>KYLV\u00c4MINEN JA KASVATTAMINEN. Kylvet\u00e4\u00e4n avomaalle huhti-hein\u00e4kuussa. Istutusj\u00e4rjestelm\u00e4. Kylv\u00f6syvyys 1 cm. Riviv\u00e4li 2 cm, riviv\u00e4li 40 cm. Helppo poistaa lehdet ja korjata sato. Kylv\u00e4m\u00e4ll\u00e4 siemeni\u00e4 muutaman viikon v\u00e4lein saadaan jatkuvasti tuoreita yrttej\u00e4. Kasvuaika 70-80 p\u00e4iv\u00e4\u00e4.      <\/p>\n","protected":false},"excerpt":{"rendered":"<p>Salaattisipulilla &#8216;Totem&#8217; on tummanvihre\u00e4t pystyyn nousevat lehdet, eritt\u00e4in tasainen kasvu ja se kest\u00e4\u00e4 k\u00e4rkien ruskettumista. Maku on pehme\u00e4 kuin nuorella sipulilla. <\/p>\n","protected":false},"featured_media":42420,"template":"","meta":{"_acf_changed":false,"_seopress_robots_primary_cat":"none","_seopress_titles_title":"","_seopress_titles_desc":"","_seopress_robots_index":"","_gspb_post_css":""},"product_brand":[],"product_cat":[2392,2420,2399,2401],"product_tag":[],"class_list":{"0":"post-50183","1":"product","2":"type-product","3":"status-publish","4":"has-post-thumbnail","6":"product_cat-kaikki-luokat","7":"product_cat-sipuli","8":"product_cat-siemenet","9":"product_cat-vihanneksien-siemenet","11":"first","12":"instock","13":"taxable","14":"shipping-taxable","15":"purchasable","16":"product-type-simple"},"ct_brands":[],"acf":[],"_links":{"self":[{"href":"https:\/\/agrozone.ee\/fi\/wp-json\/wp\/v2\/product\/50183","targetHints":{"allow":["GET"]}}],"collection":[{"href":"https:\/\/agrozone.ee\/fi\/wp-json\/wp\/v2\/product"}],"about":[{"href":"https:\/\/agrozone.ee\/fi\/wp-json\/wp\/v2\/types\/product"}],"wp:featuredmedia":[{"embeddable":true,"href":"https:\/\/agrozone.ee\/fi\/wp-json\/wp\/v2\/media\/42420"}],"wp:attachment":[{"href":"https:\/\/agrozone.ee\/fi\/wp-json\/wp\/v2\/media?parent=50183"}],"wp:term":[{"taxonomy":"product_brand","embeddable":true,"href":"https:\/\/agrozone.ee\/fi\/wp-json\/wp\/v2\/product_brand?post=50183"},{"taxonomy":"product_cat","embeddable":true,"href":"https:\/\/agrozone.ee\/fi\/wp-json\/wp\/v2\/product_cat?post=50183"},{"taxonomy":"product_tag","embeddable":true,"href":"https:\/\/agrozone.ee\/fi\/wp-json\/wp\/v2\/product_tag?post=50183"}],"curies":[{"name":"wp","href":"https:\/\/api.w.org\/{rel}","templated":true}]}}