{"id":50184,"date":"2024-06-09T15:52:45","date_gmt":"2024-06-09T13:52:45","guid":{"rendered":"https:\/\/agrozone.ee\/toode\/koristekurpitsa-orelia-f1\/"},"modified":"2024-06-09T15:52:45","modified_gmt":"2024-06-09T13:52:45","slug":"koristekurpitsa-orelia-f1","status":"publish","type":"product","link":"https:\/\/agrozone.ee\/fi\/tuote\/koristekurpitsa-orelia-f1\/","title":{"rendered":"Koristekurpitsa &#8216;Orelia&#8217; F1"},"content":{"rendered":"<p>Rullakurjenpolvi &#8216;Orelia&#8217; F1:n hedelm\u00e4t ovat keltaisia.<\/p>\n<p>5 siement\u00e4 pakkauksessa.<\/p>\n<p>&nbsp;<\/p>\n<h3>K\u00e4ytt\u00f6ohjeet<\/h3>\n<p>KASVATUS JA ISTUTUS: Esikasvata taimet ja istuta ne avomaalle y\u00f6pakkasvaaran menty\u00e4 ohi. Istutusj\u00e4rjestys: 75 cm x 75 cm istutusv\u00e4li. KASVUAIKA: 40-45 p\u00e4iv\u00e4\u00e4.    <\/p>\n","protected":false},"excerpt":{"rendered":"<p>Rullakurjenpolvi &#8216;Orelia&#8217; F1:n hedelm\u00e4t ovat keltaisia.<\/p>\n","protected":false},"featured_media":42417,"template":"","meta":{"_acf_changed":false,"_seopress_robots_primary_cat":"none","_seopress_titles_title":"","_seopress_titles_desc":"","_seopress_robots_index":"","_gspb_post_css":""},"product_brand":[],"product_cat":[2392,2410,2399,2401],"product_tag":[],"class_list":{"0":"post-50184","1":"product","2":"type-product","3":"status-publish","4":"has-post-thumbnail","6":"product_cat-kaikki-luokat","7":"product_cat-kurpitsa-kesakurpitsa","8":"product_cat-siemenet","9":"product_cat-vihanneksien-siemenet","11":"first","12":"instock","13":"taxable","14":"shipping-taxable","15":"purchasable","16":"product-type-simple"},"ct_brands":[],"acf":[],"_links":{"self":[{"href":"https:\/\/agrozone.ee\/fi\/wp-json\/wp\/v2\/product\/50184","targetHints":{"allow":["GET"]}}],"collection":[{"href":"https:\/\/agrozone.ee\/fi\/wp-json\/wp\/v2\/product"}],"about":[{"href":"https:\/\/agrozone.ee\/fi\/wp-json\/wp\/v2\/types\/product"}],"wp:featuredmedia":[{"embeddable":true,"href":"https:\/\/agrozone.ee\/fi\/wp-json\/wp\/v2\/media\/42417"}],"wp:attachment":[{"href":"https:\/\/agrozone.ee\/fi\/wp-json\/wp\/v2\/media?parent=50184"}],"wp:term":[{"taxonomy":"product_brand","embeddable":true,"href":"https:\/\/agrozone.ee\/fi\/wp-json\/wp\/v2\/product_brand?post=50184"},{"taxonomy":"product_cat","embeddable":true,"href":"https:\/\/agrozone.ee\/fi\/wp-json\/wp\/v2\/product_cat?post=50184"},{"taxonomy":"product_tag","embeddable":true,"href":"https:\/\/agrozone.ee\/fi\/wp-json\/wp\/v2\/product_tag?post=50184"}],"curies":[{"name":"wp","href":"https:\/\/api.w.org\/{rel}","templated":true}]}}