{"id":50186,"date":"2024-06-09T15:52:45","date_gmt":"2024-06-09T13:52:45","guid":{"rendered":"https:\/\/agrozone.ee\/toode\/redis-gloriette-f1\/"},"modified":"2024-06-09T15:52:45","modified_gmt":"2024-06-09T13:52:45","slug":"redis-gloriette-f1","status":"publish","type":"product","link":"https:\/\/agrozone.ee\/fi\/tuote\/redis-gloriette-f1\/","title":{"rendered":"Redis &#8216;Gloriette&#8217; F1"},"content":{"rendered":"<p>Redis &#8216;Gloriette&#8217; F1 on aikainen lajike. Hedelm\u00e4t ovat suuria, py\u00f6reit\u00e4, kirkkaanpunaisia ja tuskin halkeilevia. Hedelm\u00e4liha on valkoinen, mehukas ja maukas.  <\/p>\n<p>Pakkauksessa &#8211; 3g<\/p>\n<p>&nbsp;<\/p>\n<h3>K\u00e4ytt\u00f6ohjeet<\/h3>\n<p>KYLV\u00d6 JA KASVATUS. Maaliskuu-kes\u00e4kuu kasvihuoneeseen tai suoraan avomaalle. Varhaiskev\u00e4\u00e4n satoa varten kylv\u00e4 huhtikuussa, syyskylv\u00f6 elokuun loppupuolella. Kylv\u00f6syvyys 1 cm. Istutusv\u00e4li. Riviv\u00e4li 10 cm, taimiv\u00e4li rivill\u00e4 2 cm. Vaatimaton lajike suosii kuohkeaa ja humuspitoista maata. Kastele, kun kasvualusta on kuiva. Tuholaisten v\u00e4ltt\u00e4miseksi on suositeltavaa peitt\u00e4\u00e4 kasvit kateharsolla.         KASVUKAUSI. Kasvukausi 20-30 p\u00e4iv\u00e4\u00e4. <\/p>\n","protected":false},"excerpt":{"rendered":"<p>Redis &#8216;Gloriette&#8217; F1 on aikainen lajike. Hedelm\u00e4t ovat suuria, py\u00f6reit\u00e4, kirkkaanpunaisia ja tuskin halkeilevia. Hedelm\u00e4liha on valkoinen, mehukas ja maukas.  <\/p>\n","protected":false},"featured_media":42063,"template":"","meta":{"_acf_changed":false,"_seopress_robots_primary_cat":"none","_seopress_titles_title":"","_seopress_titles_desc":"","_seopress_robots_index":"","_gspb_post_css":""},"product_brand":[],"product_cat":[2392,2418,2399,2401],"product_tag":[],"class_list":{"0":"post-50186","1":"product","2":"type-product","3":"status-publish","4":"has-post-thumbnail","6":"product_cat-kaikki-luokat","7":"product_cat-retiisi","8":"product_cat-siemenet","9":"product_cat-vihanneksien-siemenet","11":"first","12":"instock","13":"taxable","14":"shipping-taxable","15":"purchasable","16":"product-type-simple"},"ct_brands":[],"acf":[],"_links":{"self":[{"href":"https:\/\/agrozone.ee\/fi\/wp-json\/wp\/v2\/product\/50186","targetHints":{"allow":["GET"]}}],"collection":[{"href":"https:\/\/agrozone.ee\/fi\/wp-json\/wp\/v2\/product"}],"about":[{"href":"https:\/\/agrozone.ee\/fi\/wp-json\/wp\/v2\/types\/product"}],"wp:featuredmedia":[{"embeddable":true,"href":"https:\/\/agrozone.ee\/fi\/wp-json\/wp\/v2\/media\/42063"}],"wp:attachment":[{"href":"https:\/\/agrozone.ee\/fi\/wp-json\/wp\/v2\/media?parent=50186"}],"wp:term":[{"taxonomy":"product_brand","embeddable":true,"href":"https:\/\/agrozone.ee\/fi\/wp-json\/wp\/v2\/product_brand?post=50186"},{"taxonomy":"product_cat","embeddable":true,"href":"https:\/\/agrozone.ee\/fi\/wp-json\/wp\/v2\/product_cat?post=50186"},{"taxonomy":"product_tag","embeddable":true,"href":"https:\/\/agrozone.ee\/fi\/wp-json\/wp\/v2\/product_tag?post=50186"}],"curies":[{"name":"wp","href":"https:\/\/api.w.org\/{rel}","templated":true}]}}