{"id":50187,"date":"2024-06-09T15:52:45","date_gmt":"2024-06-09T13:52:45","guid":{"rendered":"https:\/\/agrozone.ee\/toode\/redis-jogeva-169-siemenapila\/"},"modified":"2024-06-09T15:52:45","modified_gmt":"2024-06-09T13:52:45","slug":"redis-jogeva-169-siemenapila","status":"publish","type":"product","link":"https:\/\/agrozone.ee\/fi\/tuote\/redis-jogeva-169-siemenapila\/","title":{"rendered":"Redis &#8216;J\u00f5geva 169&#8217; siemenapila"},"content":{"rendered":"<p>Helppo kasvattaa, retiisin siemeni\u00e4 3 metrin siemenkaistalla. Harvennusta ei tarvita. Varhainen lajike. Hedelm\u00e4 py\u00f6re\u00e4, kirkkaan punainen. Malto valkoinen, mehukas ja hyv\u00e4nmakuinen.     Sadonkorjuu noin 20-24 p\u00e4iv\u00e4n kuluttua kylv\u00f6st\u00e4.<\/p>\n<p>&nbsp;<\/p>\n<h3>K\u00e4ytt\u00f6ohjeet<\/h3>\n<p>Kasvupaikka: avomaalla, kasvihuoneessa. Kylv\u00f6: 10 x 10 cm. <\/p>\n","protected":false},"excerpt":{"rendered":"<p>Helppo kasvattaa, retiisin siemeni\u00e4 3 metrin siemenkaistalla. Harvennusta ei tarvita. Varhainen lajike. Hedelm\u00e4 py\u00f6re\u00e4, kirkkaan punainen. Malto valkoinen, mehukas ja hyv\u00e4nmakuinen.    <\/p>\n","protected":false},"featured_media":42486,"template":"","meta":{"_acf_changed":false,"_seopress_robots_primary_cat":"none","_seopress_titles_title":"","_seopress_titles_desc":"","_seopress_robots_index":"","_gspb_post_css":""},"product_brand":[],"product_cat":[2392,2418,2399,2401],"product_tag":[2532],"class_list":{"0":"post-50187","1":"product","2":"type-product","3":"status-publish","4":"has-post-thumbnail","6":"product_cat-kaikki-luokat","7":"product_cat-retiisi","8":"product_cat-siemenet","9":"product_cat-vihanneksien-siemenet","10":"product_tag-siemennauha","12":"first","13":"instock","14":"taxable","15":"shipping-taxable","16":"purchasable","17":"product-type-simple"},"ct_brands":[],"acf":[],"_links":{"self":[{"href":"https:\/\/agrozone.ee\/fi\/wp-json\/wp\/v2\/product\/50187","targetHints":{"allow":["GET"]}}],"collection":[{"href":"https:\/\/agrozone.ee\/fi\/wp-json\/wp\/v2\/product"}],"about":[{"href":"https:\/\/agrozone.ee\/fi\/wp-json\/wp\/v2\/types\/product"}],"wp:featuredmedia":[{"embeddable":true,"href":"https:\/\/agrozone.ee\/fi\/wp-json\/wp\/v2\/media\/42486"}],"wp:attachment":[{"href":"https:\/\/agrozone.ee\/fi\/wp-json\/wp\/v2\/media?parent=50187"}],"wp:term":[{"taxonomy":"product_brand","embeddable":true,"href":"https:\/\/agrozone.ee\/fi\/wp-json\/wp\/v2\/product_brand?post=50187"},{"taxonomy":"product_cat","embeddable":true,"href":"https:\/\/agrozone.ee\/fi\/wp-json\/wp\/v2\/product_cat?post=50187"},{"taxonomy":"product_tag","embeddable":true,"href":"https:\/\/agrozone.ee\/fi\/wp-json\/wp\/v2\/product_tag?post=50187"}],"curies":[{"name":"wp","href":"https:\/\/api.w.org\/{rel}","templated":true}]}}