{"id":50188,"date":"2024-06-09T15:52:46","date_gmt":"2024-06-09T13:52:46","guid":{"rendered":"https:\/\/agrozone.ee\/toode\/tomaatti-maike\/"},"modified":"2024-06-09T15:52:46","modified_gmt":"2024-06-09T13:52:46","slug":"tomaatti-maike","status":"publish","type":"product","link":"https:\/\/agrozone.ee\/fi\/tuote\/tomaatti-maike\/","title":{"rendered":"Tomaatti &#8216;Maike&#8217;"},"content":{"rendered":"<p>Virolainen tomaattilajike &#8216;Maike&#8217; on matalakasvuinen aikainen punainen tomaatti. Hedelm\u00e4t ovat py\u00f6reit\u00e4, sileit\u00e4, tasakokoisia ja painavat keskim\u00e4\u00e4rin 60-65 g. Hedelm\u00e4t kest\u00e4v\u00e4t halkeilua. Suhteellisen taudinkest\u00e4v\u00e4.   <\/p>\n<p>Pakkauksessa &#8211; 25 siement\u00e4<\/p>\n<p>&nbsp;<\/p>\n<h3>K\u00e4ytt\u00f6ohjeet<\/h3>\n<p>L\u00c4HET\u00c4. Kasvihuone- tai tunneliviljelyyn. Esikylv\u00f6 helmi-huhtikuussa. Esikoulutusjakso 7-8 viikkoa. Taimien v\u00e4linen et\u00e4isyys 50\u2013100 cm, riviv\u00e4li 40 \u00d7 75 cm. KASVU. Noin 110-115 p\u00e4iv\u00e4\u00e4 kasvuunl\u00e4ht\u00f6st\u00e4 ensimm\u00e4isten hedelmien kypsymiseen. <\/p>\n","protected":false},"excerpt":{"rendered":"<p>Virolainen tomaattilajike &#8216;Maike&#8217; on matalakasvuinen aikainen punainen tomaatti. Hedelm\u00e4t ovat py\u00f6reit\u00e4, sileit\u00e4, tasakokoisia ja painavat keskim\u00e4\u00e4rin 60-65 g. Hedelm\u00e4t kest\u00e4v\u00e4t halkeilua. Suhteellisen taudinkest\u00e4v\u00e4.   <\/p>\n","protected":false},"featured_media":42432,"template":"","meta":{"_acf_changed":false,"_seopress_robots_primary_cat":"none","_seopress_titles_title":"","_seopress_titles_desc":"","_seopress_robots_index":"","_gspb_post_css":""},"product_brand":[],"product_cat":[2392,2399,2422,2401],"product_tag":[],"class_list":{"0":"post-50188","1":"product","2":"type-product","3":"status-publish","4":"has-post-thumbnail","6":"product_cat-kaikki-luokat","7":"product_cat-siemenet","8":"product_cat-tomaatti","9":"product_cat-vihanneksien-siemenet","11":"first","12":"instock","13":"taxable","14":"shipping-taxable","15":"purchasable","16":"product-type-simple"},"ct_brands":[],"acf":[],"_links":{"self":[{"href":"https:\/\/agrozone.ee\/fi\/wp-json\/wp\/v2\/product\/50188","targetHints":{"allow":["GET"]}}],"collection":[{"href":"https:\/\/agrozone.ee\/fi\/wp-json\/wp\/v2\/product"}],"about":[{"href":"https:\/\/agrozone.ee\/fi\/wp-json\/wp\/v2\/types\/product"}],"wp:featuredmedia":[{"embeddable":true,"href":"https:\/\/agrozone.ee\/fi\/wp-json\/wp\/v2\/media\/42432"}],"wp:attachment":[{"href":"https:\/\/agrozone.ee\/fi\/wp-json\/wp\/v2\/media?parent=50188"}],"wp:term":[{"taxonomy":"product_brand","embeddable":true,"href":"https:\/\/agrozone.ee\/fi\/wp-json\/wp\/v2\/product_brand?post=50188"},{"taxonomy":"product_cat","embeddable":true,"href":"https:\/\/agrozone.ee\/fi\/wp-json\/wp\/v2\/product_cat?post=50188"},{"taxonomy":"product_tag","embeddable":true,"href":"https:\/\/agrozone.ee\/fi\/wp-json\/wp\/v2\/product_tag?post=50188"}],"curies":[{"name":"wp","href":"https:\/\/api.w.org\/{rel}","templated":true}]}}