{"id":50190,"date":"2024-06-09T15:52:46","date_gmt":"2024-06-09T13:52:46","guid":{"rendered":"https:\/\/agrozone.ee\/toode\/tomaatti-ananas\/"},"modified":"2024-06-09T15:52:46","modified_gmt":"2024-06-09T13:52:46","slug":"tomaatti-ananas","status":"publish","type":"product","link":"https:\/\/agrozone.ee\/fi\/tuote\/tomaatti-ananas\/","title":{"rendered":"Tomaatti &#8216;Ananas&#8217;"},"content":{"rendered":"<p>Kelta-oranssi lihatomaattilajike, jolla on erinomainen maku. Alkuper\u00e4lajike. Korkeakasvuinen. Hedelm\u00e4 on suuri (250-350 g), litte\u00e4, kylkipintainen, v\u00e4h\u00e4n siemeni\u00e4. Malto on mehukas, makea, hieman hapan j\u00e4lkimaku.    <\/p>\n<p>Pakkaus &#8211; 10 siement\u00e4<\/p>\n<p>&nbsp;<\/p>\n<h3>K\u00e4ytt\u00f6ohjeet<\/h3>\n<p>Kylv\u00f6aika. Esikasvatus helmi-huhtikuussa. KASVU. Kasvihuone.  Istutussuunnitelma. Riviv\u00e4li 40-75 cm, taimien v\u00e4li 50-100 cm.<\/p>\n","protected":false},"excerpt":{"rendered":"<p>Kelta-oranssi lihatomaattilajike, jolla on erinomainen maku. Alkuper\u00e4lajike. Korkeakasvuinen. Hedelm\u00e4 on suuri (250-350 g), litte\u00e4, kylkipintainen, v\u00e4h\u00e4n siemeni\u00e4. Malto on mehukas, makea, hieman hapan j\u00e4lkimaku.    <\/p>\n","protected":false},"featured_media":42053,"template":"","meta":{"_acf_changed":false,"_seopress_robots_primary_cat":"none","_seopress_titles_title":"","_seopress_titles_desc":"","_seopress_robots_index":"","_gspb_post_css":""},"product_brand":[],"product_cat":[2392,2399,2422,2401],"product_tag":[],"class_list":{"0":"post-50190","1":"product","2":"type-product","3":"status-publish","4":"has-post-thumbnail","6":"product_cat-kaikki-luokat","7":"product_cat-siemenet","8":"product_cat-tomaatti","9":"product_cat-vihanneksien-siemenet","11":"first","12":"instock","13":"taxable","14":"shipping-taxable","15":"purchasable","16":"product-type-simple"},"ct_brands":[],"acf":[],"_links":{"self":[{"href":"https:\/\/agrozone.ee\/fi\/wp-json\/wp\/v2\/product\/50190","targetHints":{"allow":["GET"]}}],"collection":[{"href":"https:\/\/agrozone.ee\/fi\/wp-json\/wp\/v2\/product"}],"about":[{"href":"https:\/\/agrozone.ee\/fi\/wp-json\/wp\/v2\/types\/product"}],"wp:featuredmedia":[{"embeddable":true,"href":"https:\/\/agrozone.ee\/fi\/wp-json\/wp\/v2\/media\/42053"}],"wp:attachment":[{"href":"https:\/\/agrozone.ee\/fi\/wp-json\/wp\/v2\/media?parent=50190"}],"wp:term":[{"taxonomy":"product_brand","embeddable":true,"href":"https:\/\/agrozone.ee\/fi\/wp-json\/wp\/v2\/product_brand?post=50190"},{"taxonomy":"product_cat","embeddable":true,"href":"https:\/\/agrozone.ee\/fi\/wp-json\/wp\/v2\/product_cat?post=50190"},{"taxonomy":"product_tag","embeddable":true,"href":"https:\/\/agrozone.ee\/fi\/wp-json\/wp\/v2\/product_tag?post=50190"}],"curies":[{"name":"wp","href":"https:\/\/api.w.org\/{rel}","templated":true}]}}